{"id":845,"date":"2023-08-08T10:31:23","date_gmt":"2023-08-08T10:31:23","guid":{"rendered":"https:\/\/stoic-wilbur.212-227-210-88.plesk.page\/?page_id=845"},"modified":"2024-04-17T16:30:39","modified_gmt":"2024-04-17T16:30:39","slug":"philosophie","status":"publish","type":"page","link":"https:\/\/monster-airless.com\/fr\/philosophie\/","title":{"rendered":"MONSTER - Notre philosophie"},"content":{"rendered":"<div data-elementor-type=\"wp-page\" data-elementor-id=\"845\" class=\"elementor elementor-845\" data-elementor-post-type=\"page\">\n\t\t\t\t\t\t<section class=\"elementor-section elementor-top-section elementor-element elementor-element-45af3155 elementor-section-boxed elementor-section-height-default elementor-section-height-default\" data-id=\"45af3155\" data-element_type=\"section\" data-e-type=\"section\" id=\"next\" data-settings=\"{&quot;background_background&quot;:&quot;classic&quot;}\">\n\t\t\t\t\t\t\t<div class=\"elementor-background-overlay\"><\/div>\n\t\t\t\t\t\t\t<div class=\"elementor-container elementor-column-gap-no\">\n\t\t\t\t\t<div class=\"elementor-column elementor-col-100 elementor-top-column elementor-element elementor-element-180fb0b5\" data-id=\"180fb0b5\" data-element_type=\"column\" data-e-type=\"column\">\n\t\t\t<div class=\"elementor-widget-wrap elementor-element-populated\">\n\t\t\t\t\t\t<div class=\"elementor-element elementor-element-56d221de elementor-widget elementor-widget-heading\" data-id=\"56d221de\" data-element_type=\"widget\" data-e-type=\"widget\" data-widget_type=\"heading.default\">\n\t\t\t\t<div class=\"elementor-widget-container\">\n\t\t\t\t\t<h3 class=\"elementor-heading-title elementor-size-default\">MONSTER - Notre philosophie<\/h3>\t\t\t\t<\/div>\n\t\t\t\t<\/div>\n\t\t\t\t\t<\/div>\n\t\t<\/div>\n\t\t\t\t\t<\/div>\n\t\t<\/section>\n\t\t\t\t<section class=\"elementor-section elementor-top-section elementor-element elementor-element-a93f39a elementor-section-content-middle elementor-section-boxed elementor-section-height-default elementor-section-height-default\" data-id=\"a93f39a\" data-element_type=\"section\" data-e-type=\"section\" data-settings=\"{&quot;background_background&quot;:&quot;classic&quot;}\">\n\t\t\t\t\t\t<div class=\"elementor-container elementor-column-gap-no\">\n\t\t\t\t\t<div class=\"elementor-column elementor-col-100 elementor-top-column elementor-element elementor-element-9980ed0\" data-id=\"9980ed0\" data-element_type=\"column\" data-e-type=\"column\" data-settings=\"{&quot;background_background&quot;:&quot;classic&quot;}\">\n\t\t\t<div class=\"elementor-widget-wrap elementor-element-populated\">\n\t\t\t\t\t\t<div class=\"elementor-element elementor-element-0cb032a elementor-widget elementor-widget-image\" data-id=\"0cb032a\" data-element_type=\"widget\" data-e-type=\"widget\" data-widget_type=\"image.default\">\n\t\t\t\t<div class=\"elementor-widget-container\">\n\t\t\t\t\t\t\t\t\t\t\t\t\t\t\t<img fetchpriority=\"high\" decoding=\"async\" width=\"1200\" height=\"778\" src=\"https:\/\/monster-airless.com\/wp-content\/uploads\/2023\/08\/3Linz.webp\" class=\"attachment-full size-full wp-image-862\" alt=\"\" srcset=\"https:\/\/monster-airless.com\/wp-content\/uploads\/2023\/08\/3Linz.webp 1200w, https:\/\/monster-airless.com\/wp-content\/uploads\/2023\/08\/3Linz-300x195.webp 300w, https:\/\/monster-airless.com\/wp-content\/uploads\/2023\/08\/3Linz-1024x664.webp 1024w, https:\/\/monster-airless.com\/wp-content\/uploads\/2023\/08\/3Linz-768x498.webp 768w\" sizes=\"(max-width: 1200px) 100vw, 1200px\" \/>\t\t\t\t\t\t\t\t\t\t\t\t\t\t\t<\/div>\n\t\t\t\t<\/div>\n\t\t\t\t<div class=\"elementor-element elementor-element-c2c4a51 elementor-widget elementor-widget-heading\" data-id=\"c2c4a51\" data-element_type=\"widget\" data-e-type=\"widget\" data-widget_type=\"heading.default\">\n\t\t\t\t<div class=\"elementor-widget-container\">\n\t\t\t\t\t<h2 class=\"elementor-heading-title elementor-size-default\">D\u00e9couvrez les appareils airless MONSTER<\/h2>\t\t\t\t<\/div>\n\t\t\t\t<\/div>\n\t\t\t\t<div class=\"elementor-element elementor-element-79de00d elementor-widget elementor-widget-heading\" data-id=\"79de00d\" data-element_type=\"widget\" data-e-type=\"widget\" data-widget_type=\"heading.default\">\n\t\t\t\t<div class=\"elementor-widget-container\">\n\t\t\t\t\t<h2 class=\"elementor-heading-title elementor-size-default\">Nous comprenons comment les appareils Airless vous aident au quotidien<\/h2>\t\t\t\t<\/div>\n\t\t\t\t<\/div>\n\t\t\t\t<section class=\"elementor-section elementor-inner-section elementor-element elementor-element-5550bfd elementor-section-boxed elementor-section-height-default elementor-section-height-default\" data-id=\"5550bfd\" data-element_type=\"section\" data-e-type=\"section\">\n\t\t\t\t\t\t<div class=\"elementor-container elementor-column-gap-default\">\n\t\t\t\t\t<div class=\"elementor-column elementor-col-50 elementor-inner-column elementor-element elementor-element-13de89f\" data-id=\"13de89f\" data-element_type=\"column\" data-e-type=\"column\">\n\t\t\t<div class=\"elementor-widget-wrap elementor-element-populated\">\n\t\t\t\t\t\t<div class=\"elementor-element elementor-element-d1b8acb elementor-widget__width-initial elementor-widget elementor-widget-text-editor\" data-id=\"d1b8acb\" data-element_type=\"widget\" data-e-type=\"widget\" data-widget_type=\"text-editor.default\">\n\t\t\t\t<div class=\"elementor-widget-container\">\n\t\t\t\t\t\t\t\t\t<p>Depuis 50 ans, nous nous occupons de la technique airless et mettons tout notre enthousiasme \u00e0 d\u00e9velopper les appareils pour en faire profiter au maximum nos clients. Les caract\u00e9ristiques communes \u00e0 tous les nouveaux mod\u00e8les MONSTER sont une technologie moderne et robuste, une large gamme de performances, une utilisation simple et un excellent rapport qualit\u00e9\/prix\/poids.<\/p><p>Vous ne voulez renoncer \u00e0 rien, sauf \u00e0 payer beaucoup d'argent pour une marque renomm\u00e9e afin d'impressionner les autres. Parce que vous n'en avez pas besoin et que vous pr\u00e9f\u00e9rez investir votre argent dans une meilleure qualit\u00e9 de vie et pour des b\u00e9n\u00e9fices plus \u00e9lev\u00e9s. Vous optez pour un syst\u00e8me airless MONSTER parce que vous accordez de l'importance \u00e0 un pulv\u00e9risateur honn\u00eate, simple et pourtant r\u00e9volutionnaire.<\/p>\t\t\t\t\t\t\t\t<\/div>\n\t\t\t\t<\/div>\n\t\t\t\t\t<\/div>\n\t\t<\/div>\n\t\t\t\t<div class=\"elementor-column elementor-col-50 elementor-inner-column elementor-element elementor-element-2e8a53d\" data-id=\"2e8a53d\" data-element_type=\"column\" data-e-type=\"column\">\n\t\t\t<div class=\"elementor-widget-wrap elementor-element-populated\">\n\t\t\t\t\t\t<div class=\"elementor-element elementor-element-b375329 elementor-widget__width-initial elementor-widget elementor-widget-text-editor\" data-id=\"b375329\" data-element_type=\"widget\" data-e-type=\"widget\" data-widget_type=\"text-editor.default\">\n\t\t\t\t<div class=\"elementor-widget-container\">\n\t\t\t\t\t\t\t\t\t<p><span style=\"color: var( --e-global-color-text ); background-color: var( --e-global-color-0a1cb12 ); font-size: 1rem;\">Avec des milliers d'appareils airless vendus au cours des 50 derni\u00e8res ann\u00e9es, nous avons connu une ascension impressionnante. Ce succ\u00e8s est d\u00fb \u00e0 la qualit\u00e9 et \u00e0 la robustesse des appareils, \u00e0 l'excellence du service et aux faibles co\u00fbts de maintenance. Mais surtout \u00e0 l'id\u00e9e convaincante qui sous-tend notre philosophie : se concentrer sur l'essentiel et supprimer tout ce qui n'est pas n\u00e9cessaire.<\/span><\/p><p>Une installation airless MONSTER est honn\u00eate parce qu'elle ne veut \u00eatre qu'un pulv\u00e9risateur - ni plus ni moins. Robuste pour des r\u00e9sultats sans souci. Une installation airless MONSTER est simple : du choix dans la gamme claire de mod\u00e8les \u00e0 l'utilisation et \u00e0 l'entretien, en passant par la transparence des prix. Et son rapport qualit\u00e9\/prix\/poids imbattable est vraiment r\u00e9volutionnaire. C'est pourquoi les nombreux clients satisfaits d'un appareil airless MONSTER sont si fiers de leur choix. Ils le savent : L'appareil airless MONSTER convainc sans fioritures pour des r\u00e9sultats parfaits et un travail rentable !<\/p>\t\t\t\t\t\t\t\t<\/div>\n\t\t\t\t<\/div>\n\t\t\t\t\t<\/div>\n\t\t<\/div>\n\t\t\t\t\t<\/div>\n\t\t<\/section>\n\t\t\t\t\t<\/div>\n\t\t<\/div>\n\t\t\t\t\t<\/div>\n\t\t<\/section>\n\t\t\t\t<\/div>","protected":false},"excerpt":{"rendered":"<p>MONSTER &#8211; Unsere Philosophie Entdecken Sie MONSTER-Airlessger\u00e4te Wir verstehen wie Airless-Ger\u00e4te Sie im Alltag unterst\u00fctzen Seit 50 Jahren besch\u00e4ftigen wir uns mit Airless-Technik und legen all unsere Begeisterung in die Weiterentwicklung der Ger\u00e4te zum maximalen Nutzen f\u00fcr unsere Kunden. Gemeinsame Merkmale aller neuen MONSTER-Modelle sind die zeitgem\u00e4\u00dfe und robuste Technologie, das gro\u00dfes Leistungsspektrum, die einfache [&hellip;]<\/p>\n","protected":false},"author":1,"featured_media":0,"parent":0,"menu_order":0,"comment_status":"closed","ping_status":"closed","template":"","meta":{"footnotes":""},"class_list":["post-845","page","type-page","status-publish","hentry"],"_links":{"self":[{"href":"https:\/\/monster-airless.com\/fr\/wp-json\/wp\/v2\/pages\/845","targetHints":{"allow":["GET"]}}],"collection":[{"href":"https:\/\/monster-airless.com\/fr\/wp-json\/wp\/v2\/pages"}],"about":[{"href":"https:\/\/monster-airless.com\/fr\/wp-json\/wp\/v2\/types\/page"}],"author":[{"embeddable":true,"href":"https:\/\/monster-airless.com\/fr\/wp-json\/wp\/v2\/users\/1"}],"replies":[{"embeddable":true,"href":"https:\/\/monster-airless.com\/fr\/wp-json\/wp\/v2\/comments?post=845"}],"version-history":[{"count":23,"href":"https:\/\/monster-airless.com\/fr\/wp-json\/wp\/v2\/pages\/845\/revisions"}],"predecessor-version":[{"id":3032,"href":"https:\/\/monster-airless.com\/fr\/wp-json\/wp\/v2\/pages\/845\/revisions\/3032"}],"wp:attachment":[{"href":"https:\/\/monster-airless.com\/fr\/wp-json\/wp\/v2\/media?parent=845"}],"curies":[{"name":"wp","href":"https:\/\/api.w.org\/{rel}","templated":true}]}}