{"id":643,"date":"2023-01-30T14:01:36","date_gmt":"2023-01-30T14:01:36","guid":{"rendered":"https:\/\/stoic-wilbur.212-227-210-88.plesk.page\/?page_id=643"},"modified":"2025-01-03T16:24:38","modified_gmt":"2025-01-03T16:24:38","slug":"fuer-ihre-objektgroessen","status":"publish","type":"page","link":"https:\/\/monster-airless.com\/fr\/fuer-ihre-objektgroessen\/","title":{"rendered":"MONSTER - Pour la taille de vos objets"},"content":{"rendered":"<div data-elementor-type=\"wp-page\" data-elementor-id=\"643\" class=\"elementor elementor-643\" data-elementor-post-type=\"page\">\n\t\t\t\t\t\t<section class=\"elementor-section elementor-top-section elementor-element elementor-element-45af3155 elementor-section-boxed elementor-section-height-default elementor-section-height-default\" data-id=\"45af3155\" data-element_type=\"section\" data-e-type=\"section\" id=\"next\" data-settings=\"{&quot;background_background&quot;:&quot;classic&quot;}\">\n\t\t\t\t\t\t\t<div class=\"elementor-background-overlay\"><\/div>\n\t\t\t\t\t\t\t<div class=\"elementor-container elementor-column-gap-no\">\n\t\t\t\t\t<div class=\"elementor-column elementor-col-100 elementor-top-column elementor-element elementor-element-180fb0b5\" data-id=\"180fb0b5\" data-element_type=\"column\" data-e-type=\"column\">\n\t\t\t<div class=\"elementor-widget-wrap elementor-element-populated\">\n\t\t\t\t\t\t<div class=\"elementor-element elementor-element-56d221de elementor-widget elementor-widget-heading\" data-id=\"56d221de\" data-element_type=\"widget\" data-e-type=\"widget\" data-widget_type=\"heading.default\">\n\t\t\t\t<div class=\"elementor-widget-container\">\n\t\t\t\t\t<h3 class=\"elementor-heading-title elementor-size-default\">MONSTER-Airless - Pour la taille de vos objets<\/h3>\t\t\t\t<\/div>\n\t\t\t\t<\/div>\n\t\t\t\t\t<\/div>\n\t\t<\/div>\n\t\t\t\t\t<\/div>\n\t\t<\/section>\n\t\t\t\t<section class=\"elementor-section elementor-top-section elementor-element elementor-element-e444f13 elementor-section-content-middle elementor-section-boxed elementor-section-height-default elementor-section-height-default\" data-id=\"e444f13\" data-element_type=\"section\" data-e-type=\"section\" data-settings=\"{&quot;background_background&quot;:&quot;classic&quot;}\">\n\t\t\t\t\t\t<div class=\"elementor-container elementor-column-gap-no\">\n\t\t\t\t\t<div class=\"elementor-column elementor-col-25 elementor-top-column elementor-element elementor-element-0d65dfa\" data-id=\"0d65dfa\" data-element_type=\"column\" data-e-type=\"column\" data-settings=\"{&quot;background_background&quot;:&quot;classic&quot;}\">\n\t\t\t<div class=\"elementor-widget-wrap elementor-element-populated\">\n\t\t\t\t\t\t<div class=\"elementor-element elementor-element-99f026e elementor-widget elementor-widget-heading\" data-id=\"99f026e\" data-element_type=\"widget\" data-e-type=\"widget\" data-widget_type=\"heading.default\">\n\t\t\t\t<div class=\"elementor-widget-container\">\n\t\t\t\t\t<h2 class=\"elementor-heading-title elementor-size-default\"><a href=\"https:\/\/monster-airless.com\/fr\/monster-airless-fuer-kleine-objekte\/\">S<\/a><\/h2>\t\t\t\t<\/div>\n\t\t\t\t<\/div>\n\t\t\t\t<div class=\"elementor-element elementor-element-4d62e9b elementor-widget elementor-widget-image\" data-id=\"4d62e9b\" data-element_type=\"widget\" data-e-type=\"widget\" data-widget_type=\"image.default\">\n\t\t\t\t<div class=\"elementor-widget-container\">\n\t\t\t\t\t\t\t\t\t\t\t\t\t\t\t\t<a href=\"https:\/\/monster-airless.com\/fr\/monster-airless-fuer-kleine-objekte\/\">\n\t\t\t\t\t\t\t<img fetchpriority=\"high\" decoding=\"async\" width=\"400\" height=\"500\" src=\"https:\/\/monster-airless.com\/wp-content\/uploads\/2024\/04\/892021-Anwendung-MG_00726.webp\" class=\"elementor-animation-grow attachment-large size-large wp-image-1923\" alt=\"\" srcset=\"https:\/\/monster-airless.com\/wp-content\/uploads\/2024\/04\/892021-Anwendung-MG_00726.webp 400w, https:\/\/monster-airless.com\/wp-content\/uploads\/2024\/04\/892021-Anwendung-MG_00726-240x300.webp 240w\" sizes=\"(max-width: 400px) 100vw, 400px\" \/>\t\t\t\t\t\t\t\t<\/a>\n\t\t\t\t\t\t\t\t\t\t\t\t\t\t\t<\/div>\n\t\t\t\t<\/div>\n\t\t\t\t<div class=\"elementor-element elementor-element-f88adc5 elementor-widget-tablet__width-initial elementor-widget-mobile__width-inherit elementor-widget elementor-widget-icon-box\" data-id=\"f88adc5\" data-element_type=\"widget\" data-e-type=\"widget\" data-widget_type=\"icon-box.default\">\n\t\t\t\t<div class=\"elementor-widget-container\">\n\t\t\t\t\t\t\t<div class=\"elementor-icon-box-wrapper\">\n\n\t\t\t\n\t\t\t\t\t\t<div class=\"elementor-icon-box-content\">\n\n\t\t\t\t\n\t\t\t\t\t\t\t\t\t<p class=\"elementor-icon-box-description\">\n\t\t\t\t\t\tLes petits pulv\u00e9risateurs compacts ont leurs avantages pour les petits projets ou les travaux de r\u00e9paration. Ils sont maniables et faciles \u00e0 transporter, m\u00eame dans de petits v\u00e9hicules. Ils sont aussi convaincants sur les \u00e9chafaudages que dans les travaux de r\u00e9novation.\t\t\t\t\t<\/p>\n\t\t\t\t\n\t\t\t<\/div>\n\t\t\t\n\t\t<\/div>\n\t\t\t\t\t\t<\/div>\n\t\t\t\t<\/div>\n\t\t\t\t\t<\/div>\n\t\t<\/div>\n\t\t\t\t<div class=\"elementor-column elementor-col-25 elementor-top-column elementor-element elementor-element-397f1f1\" data-id=\"397f1f1\" data-element_type=\"column\" data-e-type=\"column\" data-settings=\"{&quot;background_background&quot;:&quot;classic&quot;}\">\n\t\t\t<div class=\"elementor-widget-wrap elementor-element-populated\">\n\t\t\t\t\t\t<div class=\"elementor-element elementor-element-ece7245 elementor-widget elementor-widget-heading\" data-id=\"ece7245\" data-element_type=\"widget\" data-e-type=\"widget\" data-widget_type=\"heading.default\">\n\t\t\t\t<div class=\"elementor-widget-container\">\n\t\t\t\t\t<h2 class=\"elementor-heading-title elementor-size-default\"><a href=\"https:\/\/monster-airless.com\/fr\/objekte-s-m\/\">M - L<\/a><\/h2>\t\t\t\t<\/div>\n\t\t\t\t<\/div>\n\t\t\t\t<div class=\"elementor-element elementor-element-22c0afe elementor-widget elementor-widget-image\" data-id=\"22c0afe\" data-element_type=\"widget\" data-e-type=\"widget\" data-widget_type=\"image.default\">\n\t\t\t\t<div class=\"elementor-widget-container\">\n\t\t\t\t\t\t\t\t\t\t\t\t\t\t\t\t<a href=\"https:\/\/monster-airless.com\/fr\/objekte-s-m\/\">\n\t\t\t\t\t\t\t<img decoding=\"async\" width=\"400\" height=\"500\" src=\"https:\/\/monster-airless.com\/wp-content\/uploads\/2024\/04\/862625-Anwendung-HappySpray-2.6-Lack-SA708942.webp\" class=\"elementor-animation-grow attachment-large size-large wp-image-1917\" alt=\"\" srcset=\"https:\/\/monster-airless.com\/wp-content\/uploads\/2024\/04\/862625-Anwendung-HappySpray-2.6-Lack-SA708942.webp 400w, https:\/\/monster-airless.com\/wp-content\/uploads\/2024\/04\/862625-Anwendung-HappySpray-2.6-Lack-SA708942-240x300.webp 240w\" sizes=\"(max-width: 400px) 100vw, 400px\" \/>\t\t\t\t\t\t\t\t<\/a>\n\t\t\t\t\t\t\t\t\t\t\t\t\t\t\t<\/div>\n\t\t\t\t<\/div>\n\t\t\t\t<div class=\"elementor-element elementor-element-47fb6b1 elementor-widget-tablet__width-initial elementor-widget-mobile__width-inherit elementor-widget elementor-widget-icon-box\" data-id=\"47fb6b1\" data-element_type=\"widget\" data-e-type=\"widget\" data-widget_type=\"icon-box.default\">\n\t\t\t\t<div class=\"elementor-widget-container\">\n\t\t\t\t\t\t\t<div class=\"elementor-icon-box-wrapper\">\n\n\t\t\t\n\t\t\t\t\t\t<div class=\"elementor-icon-box-content\">\n\n\t\t\t\t\n\t\t\t\t\t\t\t\t\t<p class=\"elementor-icon-box-description\">\n\t\t\t\t\t\tLes appareils de cette cat\u00e9gorie se distinguent par leur multifonctionnalit\u00e9 pour les peintures, les lasures et les dispersions. Ils sont id\u00e9aux pour les travaux de r\u00e9novation ou les projets de taille moyenne. Il existe ici des mod\u00e8les con\u00e7us aussi bien avec un r\u00e9servoir sup\u00e9rieur qu'avec des syst\u00e8mes d'aspiration ou l'application directe \u00e0 partir du bidon.\t\t\t\t\t<\/p>\n\t\t\t\t\n\t\t\t<\/div>\n\t\t\t\n\t\t<\/div>\n\t\t\t\t\t\t<\/div>\n\t\t\t\t<\/div>\n\t\t\t\t\t<\/div>\n\t\t<\/div>\n\t\t\t\t<div class=\"elementor-column elementor-col-25 elementor-top-column elementor-element elementor-element-3e44beb\" data-id=\"3e44beb\" data-element_type=\"column\" data-e-type=\"column\" data-settings=\"{&quot;background_background&quot;:&quot;classic&quot;}\">\n\t\t\t<div class=\"elementor-widget-wrap elementor-element-populated\">\n\t\t\t\t\t\t<div class=\"elementor-element elementor-element-31cc6c9 elementor-widget elementor-widget-heading\" data-id=\"31cc6c9\" data-element_type=\"widget\" data-e-type=\"widget\" data-widget_type=\"heading.default\">\n\t\t\t\t<div class=\"elementor-widget-container\">\n\t\t\t\t\t<h2 class=\"elementor-heading-title elementor-size-default\"><a href=\"https:\/\/monster-airless.com\/fr\/grosse-objekte\/\">XL<\/a><\/h2>\t\t\t\t<\/div>\n\t\t\t\t<\/div>\n\t\t\t\t<div class=\"elementor-element elementor-element-60932ed elementor-widget elementor-widget-image\" data-id=\"60932ed\" data-element_type=\"widget\" data-e-type=\"widget\" data-widget_type=\"image.default\">\n\t\t\t\t<div class=\"elementor-widget-container\">\n\t\t\t\t\t\t\t\t\t\t\t\t\t\t\t\t<a href=\"https:\/\/monster-airless.com\/fr\/grosse-objekte\/\">\n\t\t\t\t\t\t\t<img decoding=\"async\" width=\"800\" height=\"1008\" src=\"https:\/\/monster-airless.com\/wp-content\/uploads\/2024\/04\/845039-Anwendung-LuckySpray-5.0-Spritzspachtel-mit-Monster-M-813x1024.webp\" class=\"elementor-animation-grow attachment-large size-large wp-image-1667\" alt=\"LuckySpray 5.0 in Aktion!\" srcset=\"https:\/\/monster-airless.com\/wp-content\/uploads\/2024\/04\/845039-Anwendung-LuckySpray-5.0-Spritzspachtel-mit-Monster-M-813x1024.webp 813w, https:\/\/monster-airless.com\/wp-content\/uploads\/2024\/04\/845039-Anwendung-LuckySpray-5.0-Spritzspachtel-mit-Monster-M-238x300.webp 238w, https:\/\/monster-airless.com\/wp-content\/uploads\/2024\/04\/845039-Anwendung-LuckySpray-5.0-Spritzspachtel-mit-Monster-M-768x967.webp 768w, https:\/\/monster-airless.com\/wp-content\/uploads\/2024\/04\/845039-Anwendung-LuckySpray-5.0-Spritzspachtel-mit-Monster-M.webp 845w\" sizes=\"(max-width: 800px) 100vw, 800px\" \/>\t\t\t\t\t\t\t\t<\/a>\n\t\t\t\t\t\t\t\t\t\t\t\t\t\t\t<\/div>\n\t\t\t\t<\/div>\n\t\t\t\t<div class=\"elementor-element elementor-element-82cc8fa elementor-widget-tablet__width-initial elementor-widget-mobile__width-inherit elementor-widget elementor-widget-icon-box\" data-id=\"82cc8fa\" data-element_type=\"widget\" data-e-type=\"widget\" data-widget_type=\"icon-box.default\">\n\t\t\t\t<div class=\"elementor-widget-container\">\n\t\t\t\t\t\t\t<div class=\"elementor-icon-box-wrapper\">\n\n\t\t\t\n\t\t\t\t\t\t<div class=\"elementor-icon-box-content\">\n\n\t\t\t\t\n\t\t\t\t\t\t\t\t\t<p class=\"elementor-icon-box-description\">\n\t\t\t\t\t\tCe sont des machines polyvalentes pour les peintures \u00e0 dispersion et les peintures pour fa\u00e7ades. L'enduit au pistolet est \u00e9galement possible sur les grands appareils. En combinaison avec de grandes longueurs de tuyaux et\/ou un tambour \u00e0 tuyaux, on obtient une grande productivit\u00e9 pour les projets moyens \u00e0 grands.\t\t\t\t\t<\/p>\n\t\t\t\t\n\t\t\t<\/div>\n\t\t\t\n\t\t<\/div>\n\t\t\t\t\t\t<\/div>\n\t\t\t\t<\/div>\n\t\t\t\t\t<\/div>\n\t\t<\/div>\n\t\t\t\t<div class=\"elementor-column elementor-col-25 elementor-top-column elementor-element elementor-element-dd44027\" data-id=\"dd44027\" data-element_type=\"column\" data-e-type=\"column\" data-settings=\"{&quot;background_background&quot;:&quot;classic&quot;}\">\n\t\t\t<div class=\"elementor-widget-wrap elementor-element-populated\">\n\t\t\t\t\t\t<div class=\"elementor-element elementor-element-84619fb elementor-widget elementor-widget-heading\" data-id=\"84619fb\" data-element_type=\"widget\" data-e-type=\"widget\" data-widget_type=\"heading.default\">\n\t\t\t\t<div class=\"elementor-widget-container\">\n\t\t\t\t\t<h2 class=\"elementor-heading-title elementor-size-default\"><a href=\"https:\/\/monster-airless.com\/fr\/extrem-grosse-objekte\/\">XXL<\/a><\/h2>\t\t\t\t<\/div>\n\t\t\t\t<\/div>\n\t\t\t\t<div class=\"elementor-element elementor-element-9135f39 elementor-widget elementor-widget-image\" data-id=\"9135f39\" data-element_type=\"widget\" data-e-type=\"widget\" data-widget_type=\"image.default\">\n\t\t\t\t<div class=\"elementor-widget-container\">\n\t\t\t\t\t\t\t\t\t\t\t\t\t\t\t\t<a href=\"https:\/\/monster-airless.com\/fr\/extrem-grosse-objekte\/\">\n\t\t\t\t\t\t\t<img loading=\"lazy\" decoding=\"async\" width=\"400\" height=\"500\" src=\"https:\/\/monster-airless.com\/wp-content\/uploads\/2025\/01\/LuckySpray-8.3-mit-Anwender-und-Monster-M-2.webp\" class=\"elementor-animation-grow attachment-large size-large wp-image-4637\" alt=\"LuckySpray 8.3 in Aktion!\" srcset=\"https:\/\/monster-airless.com\/wp-content\/uploads\/2025\/01\/LuckySpray-8.3-mit-Anwender-und-Monster-M-2.webp 400w, https:\/\/monster-airless.com\/wp-content\/uploads\/2025\/01\/LuckySpray-8.3-mit-Anwender-und-Monster-M-2-240x300.webp 240w, https:\/\/monster-airless.com\/wp-content\/uploads\/2025\/01\/LuckySpray-8.3-mit-Anwender-und-Monster-M-2-10x12.webp 10w\" sizes=\"(max-width: 400px) 100vw, 400px\" \/>\t\t\t\t\t\t\t\t<\/a>\n\t\t\t\t\t\t\t\t\t\t\t\t\t\t\t<\/div>\n\t\t\t\t<\/div>\n\t\t\t\t<div class=\"elementor-element elementor-element-f2e90dc elementor-widget-tablet__width-initial elementor-widget-mobile__width-inherit elementor-widget elementor-widget-icon-box\" data-id=\"f2e90dc\" data-element_type=\"widget\" data-e-type=\"widget\" data-widget_type=\"icon-box.default\">\n\t\t\t\t<div class=\"elementor-widget-container\">\n\t\t\t\t\t\t\t<div class=\"elementor-icon-box-wrapper\">\n\n\t\t\t\n\t\t\t\t\t\t<div class=\"elementor-icon-box-content\">\n\n\t\t\t\t\n\t\t\t\t\t\t\t\t\t<p class=\"elementor-icon-box-description\">\n\t\t\t\t\t\tLes appareils puissants pour une performance et une productivit\u00e9 maximales. Con\u00e7us en particulier pour l'application de mastic \u00e0 pulv\u00e9riser. Particularit\u00e9 de cette cat\u00e9gorie de puissance : le mastic \u00e0 gicler peut \u00eatre appliqu\u00e9 directement \u00e0 l'\u00e9tat de livraison, sans \u00eatre m\u00e9lang\u00e9 ni dilu\u00e9.\t\t\t\t\t<\/p>\n\t\t\t\t\n\t\t\t<\/div>\n\t\t\t\n\t\t<\/div>\n\t\t\t\t\t\t<\/div>\n\t\t\t\t<\/div>\n\t\t\t\t\t<\/div>\n\t\t<\/div>\n\t\t\t\t\t<\/div>\n\t\t<\/section>\n\t\t\t\t<\/div>","protected":false},"excerpt":{"rendered":"<p>MONSTER-Airless &#8211; F\u00fcr Ihre Objektgr\u00f6\u00dfen S Kleine, kompakte Spritzger\u00e4te haben Ihre St\u00e4rken bei kleineren Projekten oder Ausbesserungsarbeiten. Sie sind handlich und leicht zu transportieren, auch in kleineren Fahrzeugen. Sie \u00fcberzeugen auf dem Ger\u00fcst ebenso wie in der Renovierung. M &#8211; L Ger\u00e4te dieser Kategorie haben Ihre St\u00e4rken durch Ihre Multifunktionalit\u00e4t bei Lacken, Lasuren und Dispersion. [&hellip;]<\/p>\n","protected":false},"author":1,"featured_media":0,"parent":0,"menu_order":0,"comment_status":"closed","ping_status":"closed","template":"","meta":{"footnotes":""},"class_list":["post-643","page","type-page","status-publish","hentry"],"_links":{"self":[{"href":"https:\/\/monster-airless.com\/fr\/wp-json\/wp\/v2\/pages\/643","targetHints":{"allow":["GET"]}}],"collection":[{"href":"https:\/\/monster-airless.com\/fr\/wp-json\/wp\/v2\/pages"}],"about":[{"href":"https:\/\/monster-airless.com\/fr\/wp-json\/wp\/v2\/types\/page"}],"author":[{"embeddable":true,"href":"https:\/\/monster-airless.com\/fr\/wp-json\/wp\/v2\/users\/1"}],"replies":[{"embeddable":true,"href":"https:\/\/monster-airless.com\/fr\/wp-json\/wp\/v2\/comments?post=643"}],"version-history":[{"count":53,"href":"https:\/\/monster-airless.com\/fr\/wp-json\/wp\/v2\/pages\/643\/revisions"}],"predecessor-version":[{"id":4640,"href":"https:\/\/monster-airless.com\/fr\/wp-json\/wp\/v2\/pages\/643\/revisions\/4640"}],"wp:attachment":[{"href":"https:\/\/monster-airless.com\/fr\/wp-json\/wp\/v2\/media?parent=643"}],"curies":[{"name":"wp","href":"https:\/\/api.w.org\/{rel}","templated":true}]}}