{"id":4964,"date":"2025-07-28T14:08:02","date_gmt":"2025-07-28T14:08:02","guid":{"rendered":"https:\/\/monster-airless.com\/?page_id=4964"},"modified":"2025-07-28T14:13:26","modified_gmt":"2025-07-28T14:13:26","slug":"barrierefreiheit","status":"publish","type":"page","link":"https:\/\/monster-airless.com\/fr\/barrierefreiheit\/","title":{"rendered":"Accessibilit\u00e9"},"content":{"rendered":"<div data-elementor-type=\"wp-page\" data-elementor-id=\"4964\" class=\"elementor elementor-4964\" data-elementor-post-type=\"page\">\n\t\t\t\t\t\t<section class=\"elementor-section elementor-top-section elementor-element elementor-element-657e54f elementor-section-boxed elementor-section-height-default elementor-section-height-default\" data-id=\"657e54f\" data-element_type=\"section\" data-e-type=\"section\">\n\t\t\t\t\t\t<div class=\"elementor-container elementor-column-gap-default\">\n\t\t\t\t\t<div class=\"elementor-column elementor-col-100 elementor-top-column elementor-element elementor-element-0de9a4a\" data-id=\"0de9a4a\" data-element_type=\"column\" data-e-type=\"column\">\n\t\t\t<div class=\"elementor-widget-wrap elementor-element-populated\">\n\t\t\t\t\t\t<div class=\"elementor-element elementor-element-6f3f5da elementor-widget elementor-widget-text-editor\" data-id=\"6f3f5da\" data-element_type=\"widget\" data-e-type=\"widget\" data-widget_type=\"text-editor.default\">\n\t\t\t\t<div class=\"elementor-widget-container\">\n\t\t\t\t\t\t\t\t\t<h2><strong>D\u00e9claration d'accessibilit\u00e9 pour les services<\/strong><\/h2><p>Dans le cadre de notre d\u00e9claration d'accessibilit\u00e9, nous souhaitons vous donner un aper\u00e7u de l'\u00e9tat de la compatibilit\u00e9 du\/des service(s) d\u00e9crit(s) ci-dessous avec les exigences d'accessibilit\u00e9 selon les dispositions l\u00e9gales (en particulier avec la loi sur le renforcement de l'accessibilit\u00e9 - BFSG).<\/p><p>\u00a0<\/p><h2>Informations sur le prestataire de services<\/h2><p>PaintMaster SARL<\/p><p>25bis, bld. Albert 1er<\/p><p>MC - 98000 Monaco<br \/><br \/><\/p><h2>Description g\u00e9n\u00e9rale du service<\/h2><p>PaintMaster SARL est un distributeur sp\u00e9cialis\u00e9 d'appareils de peinture par pulv\u00e9risation pour le commerce de gros.<br \/><br \/>Mise \u00e0 disposition d'un catalogue complet sous forme de fichier PDF (\u00e0 t\u00e9l\u00e9charger sur le site web)<br \/><br \/>Ces services s'adressent en particulier aux grossistes en peinture.<\/p><h2>Explications sur la mise en \u0153uvre du service<\/h2><p>Les services propos\u00e9s par PaintMaster SARL se font dans le cadre de conseils t\u00e9l\u00e9phoniques, de correspondance par e-mail et de visites personnelles sur le terrain chez les clients.<br \/><br \/>Les clients professionnels int\u00e9ress\u00e9s peuvent s'informer sur l'assortiment par t\u00e9l\u00e9phone ou par e-mail. En cas de besoin, un conseil individuel est donn\u00e9 pour choisir les produits appropri\u00e9s.<\/p><p>Le service est enti\u00e8rement assur\u00e9 par notre propre personnel.<\/p><h2>\u00c9tat de la compatibilit\u00e9 avec les exigences<\/h2><p>Le service susmentionn\u00e9 est partiellement compatible avec la loi sur le renforcement de l'accessibilit\u00e9 (LRAI).<\/p><p>Les contenus mentionn\u00e9s ci-dessous ne sont pas accessibles pour les raisons suivantes :<\/p><ul><li>Les vid\u00e9os ne sont pas disponibles : Certaines de nos vid\u00e9os int\u00e9gr\u00e9es ne disposent actuellement pas de sous-titres. Nous nous efforcerons \u00e0 l'avenir d'ajouter des sous-titres \u00e0 toutes les vid\u00e9os.<\/li><li>Podcasts : certains podcasts ne disposent pas de transcriptions. Nous nous efforcerons \u00e0 l'avenir de proposer des transcriptions pour tous les podcasts.<\/li><li>Images sans texte alternatif : certaines images du site web n'ont pas de texte alternatif. Nous v\u00e9rifions et actualisons ces contenus en permanence.<\/li><li>Le rapport de contraste entre les couleurs d'arri\u00e8re-plan et de premier plan n'est pas suffisant partout. Nous v\u00e9rifions et actualisons en permanence la pr\u00e9sentation de tous les contenus.<\/li><li>Certaines sections ne sont pas correctement introduites par des titres hi\u00e9rarchis\u00e9s. Nous v\u00e9rifions et actualisons en permanence la pr\u00e9sentation de tous les contenus.<\/li><\/ul><p>Les services de PaintMaster SARL sont en partie compatibles avec les exigences de la loi sur le renforcement de l'accessibilit\u00e9 (LRAI).<br \/><br \/>Les conseils sont donn\u00e9s sur demande par t\u00e9l\u00e9phone, par e-mail ou chez le client. Le catalogue est disponible sous forme de fichier PDF ; pour l'instant, il n'est pas encore disponible dans une version enti\u00e8rement accessible. Les documents PDF ne sont pas toujours utilisables avec un lecteur d'\u00e9cran.<br \/>La possibilit\u00e9 d'utiliser le clavier n'est pas garantie pour tous les domaines.<br \/><br \/>Un processus de contr\u00f4le syst\u00e9matique pour la mise en \u0153uvre compl\u00e8te des exigences l\u00e9gales est en cours d'\u00e9laboration. Nous travaillons en permanence \u00e0 rendre nos offres aussi accessibles que possible aux personnes handicap\u00e9es. Toutefois, nous comptons moins de 10 collaborateurs, ce qui explique que les adaptations prennent du temps et ne sont pas non plus obligatoires.<\/p><h2>\u00c9laboration de la d\u00e9claration d'accessibilit\u00e9<\/h2><p>Date d'\u00e9tablissement de la d\u00e9claration d'accessibilit\u00e9 : 27\/06\/2025<br \/>Date du dernier contr\u00f4le des prestations susmentionn\u00e9es en ce qui concerne les exigences en mati\u00e8re d'accessibilit\u00e9 : 28.07.2025<\/p><h2>\u00c9valuation de l'\u00e9tat de l'accessibilit\u00e9<\/h2><p>L'\u00e9valuation de l'\u00e9tat de l'accessibilit\u00e9 se base sur notre auto-\u00e9valuation.<\/p>\t\t\t\t\t\t\t\t<\/div>\n\t\t\t\t<\/div>\n\t\t\t\t\t<\/div>\n\t\t<\/div>\n\t\t\t\t\t<\/div>\n\t\t<\/section>\n\t\t\t\t<\/div>","protected":false},"excerpt":{"rendered":"<p>Erkl\u00e4rung zur Barrierefreiheit f\u00fcr Dienstleistungen Im Rahmen unserer Barrierefreiheitserkl\u00e4rung m\u00f6chten wir Ihnen einen \u00dcberblick \u00fcber den Stand der Vereinbarkeit der unten beschriebenen Dienstleistung(en) mit den Anforderungen der Barrierefreiheit nach gesetzlichen Vorschriften (insbesondere mit dem Barrierefreiheitsst\u00e4rkungsgesetz \u2013 BFSG) geben. \u00a0 Angaben zum Dienstleistungserbringer PaintMaster SARL 25bis, bld. Albert 1er MC \u2013 98000 Monaco Allgemeine Beschreibung der [&hellip;]<\/p>\n","protected":false},"author":2,"featured_media":0,"parent":0,"menu_order":0,"comment_status":"closed","ping_status":"closed","template":"","meta":{"footnotes":""},"class_list":["post-4964","page","type-page","status-publish","hentry"],"_links":{"self":[{"href":"https:\/\/monster-airless.com\/fr\/wp-json\/wp\/v2\/pages\/4964","targetHints":{"allow":["GET"]}}],"collection":[{"href":"https:\/\/monster-airless.com\/fr\/wp-json\/wp\/v2\/pages"}],"about":[{"href":"https:\/\/monster-airless.com\/fr\/wp-json\/wp\/v2\/types\/page"}],"author":[{"embeddable":true,"href":"https:\/\/monster-airless.com\/fr\/wp-json\/wp\/v2\/users\/2"}],"replies":[{"embeddable":true,"href":"https:\/\/monster-airless.com\/fr\/wp-json\/wp\/v2\/comments?post=4964"}],"version-history":[{"count":4,"href":"https:\/\/monster-airless.com\/fr\/wp-json\/wp\/v2\/pages\/4964\/revisions"}],"predecessor-version":[{"id":4968,"href":"https:\/\/monster-airless.com\/fr\/wp-json\/wp\/v2\/pages\/4964\/revisions\/4968"}],"wp:attachment":[{"href":"https:\/\/monster-airless.com\/fr\/wp-json\/wp\/v2\/media?parent=4964"}],"curies":[{"name":"wp","href":"https:\/\/api.w.org\/{rel}","templated":true}]}}