{"id":2300,"date":"2024-04-17T11:57:04","date_gmt":"2024-04-17T11:57:04","guid":{"rendered":"https:\/\/stoic-wilbur.212-227-210-88.plesk.page\/?page_id=2300"},"modified":"2024-04-17T13:06:01","modified_gmt":"2024-04-17T13:06:01","slug":"monster-behaelter","status":"publish","type":"page","link":"https:\/\/monster-airless.com\/fr\/monster-behaelter\/","title":{"rendered":"MONSTER - R\u00e9cipient"},"content":{"rendered":"<div data-elementor-type=\"wp-page\" data-elementor-id=\"2300\" class=\"elementor elementor-2300\" data-elementor-post-type=\"page\">\n\t\t\t\t\t\t<section class=\"elementor-section elementor-top-section elementor-element elementor-element-45af3155 elementor-section-boxed elementor-section-height-default elementor-section-height-default\" data-id=\"45af3155\" data-element_type=\"section\" data-e-type=\"section\" id=\"next\" data-settings=\"{&quot;background_background&quot;:&quot;classic&quot;}\">\n\t\t\t\t\t\t\t<div class=\"elementor-background-overlay\"><\/div>\n\t\t\t\t\t\t\t<div class=\"elementor-container elementor-column-gap-no\">\n\t\t\t\t\t<div class=\"elementor-column elementor-col-100 elementor-top-column elementor-element elementor-element-180fb0b5\" data-id=\"180fb0b5\" data-element_type=\"column\" data-e-type=\"column\">\n\t\t\t<div class=\"elementor-widget-wrap elementor-element-populated\">\n\t\t\t\t\t\t<div class=\"elementor-element elementor-element-56d221de elementor-widget elementor-widget-heading\" data-id=\"56d221de\" data-element_type=\"widget\" data-e-type=\"widget\" data-widget_type=\"heading.default\">\n\t\t\t\t<div class=\"elementor-widget-container\">\n\t\t\t\t\t<h3 class=\"elementor-heading-title elementor-size-default\">MONSTER - R\u00e9cipient<\/h3>\t\t\t\t<\/div>\n\t\t\t\t<\/div>\n\t\t\t\t\t<\/div>\n\t\t<\/div>\n\t\t\t\t\t<\/div>\n\t\t<\/section>\n\t\t\t\t<section class=\"elementor-section elementor-top-section elementor-element elementor-element-a93f39a elementor-section-content-middle elementor-section-boxed elementor-section-height-default elementor-section-height-default\" data-id=\"a93f39a\" data-element_type=\"section\" data-e-type=\"section\" data-settings=\"{&quot;background_background&quot;:&quot;classic&quot;}\">\n\t\t\t\t\t\t<div class=\"elementor-container elementor-column-gap-no\">\n\t\t\t\t\t<div class=\"elementor-column elementor-col-100 elementor-top-column elementor-element elementor-element-9980ed0\" data-id=\"9980ed0\" data-element_type=\"column\" data-e-type=\"column\" data-settings=\"{&quot;background_background&quot;:&quot;classic&quot;}\">\n\t\t\t<div class=\"elementor-widget-wrap elementor-element-populated\">\n\t\t\t\t\t\t<div class=\"elementor-element elementor-element-0cb032a elementor-widget elementor-widget-image\" data-id=\"0cb032a\" data-element_type=\"widget\" data-e-type=\"widget\" data-widget_type=\"image.default\">\n\t\t\t\t<div class=\"elementor-widget-container\">\n\t\t\t\t\t\t\t\t\t\t\t\t\t\t\t<img fetchpriority=\"high\" decoding=\"async\" width=\"1920\" height=\"871\" src=\"https:\/\/monster-airless.com\/wp-content\/uploads\/2023\/01\/SA709026.webp\" class=\"attachment-full size-full wp-image-537\" alt=\"MONSTER 4.5\" srcset=\"https:\/\/monster-airless.com\/wp-content\/uploads\/2023\/01\/SA709026.webp 1920w, https:\/\/monster-airless.com\/wp-content\/uploads\/2023\/01\/SA709026-300x136.webp 300w, https:\/\/monster-airless.com\/wp-content\/uploads\/2023\/01\/SA709026-1024x465.webp 1024w, https:\/\/monster-airless.com\/wp-content\/uploads\/2023\/01\/SA709026-768x348.webp 768w, https:\/\/monster-airless.com\/wp-content\/uploads\/2023\/01\/SA709026-1536x697.webp 1536w\" sizes=\"(max-width: 1920px) 100vw, 1920px\" \/>\t\t\t\t\t\t\t\t\t\t\t\t\t\t\t<\/div>\n\t\t\t\t<\/div>\n\t\t\t\t<div class=\"elementor-element elementor-element-c2c4a51 elementor-widget elementor-widget-heading\" data-id=\"c2c4a51\" data-element_type=\"widget\" data-e-type=\"widget\" data-widget_type=\"heading.default\">\n\t\t\t\t<div class=\"elementor-widget-container\">\n\t\t\t\t\t<h2 class=\"elementor-heading-title elementor-size-default\">Nos conteneurs de grande capacit\u00e9 et nos conteneurs sup\u00e9rieurs<\/h2>\t\t\t\t<\/div>\n\t\t\t\t<\/div>\n\t\t\t\t<div class=\"elementor-element elementor-element-79de00d elementor-widget elementor-widget-heading\" data-id=\"79de00d\" data-element_type=\"widget\" data-e-type=\"widget\" data-widget_type=\"heading.default\">\n\t\t\t\t<div class=\"elementor-widget-container\">\n\t\t\t\t\t<h2 class=\"elementor-heading-title elementor-size-default\">Des compl\u00e9ments adapt\u00e9s pour plus d'efficacit\u00e9 avec votre appareil Airless<\/h2>\t\t\t\t<\/div>\n\t\t\t\t<\/div>\n\t\t\t\t<div class=\"elementor-element elementor-element-d6b5acd elementor-widget elementor-widget-text-editor\" data-id=\"d6b5acd\" data-element_type=\"widget\" data-e-type=\"widget\" data-widget_type=\"text-editor.default\">\n\t\t\t\t<div class=\"elementor-widget-container\">\n\t\t\t\t\t\t\t\t\t<p>Nous proposons des kits de conversion adapt\u00e9s - r\u00e9cipient sup\u00e9rieur avec \u00e9l\u00e9ment de liaison - pour les petits appareils Airless compacts, tout comme les r\u00e9cipients de masticage par pulv\u00e9risation.<\/p>\t\t\t\t\t\t\t\t<\/div>\n\t\t\t\t<\/div>\n\t\t\t\t<section class=\"elementor-section elementor-inner-section elementor-element elementor-element-eececa8 elementor-section-boxed elementor-section-height-default elementor-section-height-default\" data-id=\"eececa8\" data-element_type=\"section\" data-e-type=\"section\">\n\t\t\t\t\t\t<div class=\"elementor-container elementor-column-gap-default\">\n\t\t\t\t\t<div class=\"elementor-column elementor-col-33 elementor-inner-column elementor-element elementor-element-be70d10 elementor-invisible\" data-id=\"be70d10\" data-element_type=\"column\" data-e-type=\"column\" data-settings=\"{&quot;background_background&quot;:&quot;classic&quot;,&quot;animation&quot;:&quot;fadeIn&quot;}\">\n\t\t\t<div class=\"elementor-widget-wrap elementor-element-populated\">\n\t\t\t\t\t\t<div class=\"elementor-element elementor-element-6b86cc7 elementor-widget elementor-widget-heading\" data-id=\"6b86cc7\" data-element_type=\"widget\" data-e-type=\"widget\" data-widget_type=\"heading.default\">\n\t\t\t\t<div class=\"elementor-widget-container\">\n\t\t\t\t\t<h2 class=\"elementor-heading-title elementor-size-default\">MONSTER Conteneur de grande capacit\u00e9<\/h2>\t\t\t\t<\/div>\n\t\t\t\t<\/div>\n\t\t\t\t<div class=\"elementor-element elementor-element-c507dc2 elementor-widget elementor-widget-heading\" data-id=\"c507dc2\" data-element_type=\"widget\" data-e-type=\"widget\" data-widget_type=\"heading.default\">\n\t\t\t\t<div class=\"elementor-widget-container\">\n\t\t\t\t\t<h2 class=\"elementor-heading-title elementor-size-default\">Pour de grandes quantit\u00e9s de peinture ou de mastic<\/h2>\t\t\t\t<\/div>\n\t\t\t\t<\/div>\n\t\t\t\t<div class=\"elementor-element elementor-element-2845e10 elementor-widget elementor-widget-image\" data-id=\"2845e10\" data-element_type=\"widget\" data-e-type=\"widget\" data-widget_type=\"image.default\">\n\t\t\t\t<div class=\"elementor-widget-container\">\n\t\t\t\t\t\t\t\t\t\t\t\t\t\t\t<img decoding=\"async\" width=\"400\" height=\"500\" src=\"https:\/\/monster-airless.com\/wp-content\/uploads\/2024\/04\/80287990NON-MG_00550.webp\" class=\"attachment-full size-full wp-image-1996\" alt=\"MONSTER Gro\u00dfmengenbeh\u00e4lter\" srcset=\"https:\/\/monster-airless.com\/wp-content\/uploads\/2024\/04\/80287990NON-MG_00550.webp 400w, https:\/\/monster-airless.com\/wp-content\/uploads\/2024\/04\/80287990NON-MG_00550-240x300.webp 240w\" sizes=\"(max-width: 400px) 100vw, 400px\" \/>\t\t\t\t\t\t\t\t\t\t\t\t\t\t\t<\/div>\n\t\t\t\t<\/div>\n\t\t\t\t<div class=\"elementor-element elementor-element-14866a3 elementor-widget elementor-widget-text-editor\" data-id=\"14866a3\" data-element_type=\"widget\" data-e-type=\"widget\" data-widget_type=\"text-editor.default\">\n\t\t\t\t<div class=\"elementor-widget-container\">\n\t\t\t\t\t\t\t\t\t<ul><li>R\u00e9servoirs de grande capacit\u00e9 pour les grandes installations airless<\/li><li>Id\u00e9al pour l'application efficace de grandes quantit\u00e9s de peinture ou de mastic<br \/><br \/><\/li><\/ul><p>R\u00e9f. 80287995 Conteneur pour grandes quantit\u00e9s avec presse \u00e0 sacs et vibreur<br \/>R\u00e9f. 80287990 R\u00e9cipient pour grandes quantit\u00e9s avec presse \u00e0 sacs<br \/>R\u00e9f. 80287987 R\u00e9cipient pour grandes quantit\u00e9s sans presse \u00e0 sacs<br \/>R\u00e9f. 80289587 Presse \u00e0 sacs pour conteneurs de grande capacit\u00e9 <\/p>\t\t\t\t\t\t\t\t<\/div>\n\t\t\t\t<\/div>\n\t\t\t\t\t<\/div>\n\t\t<\/div>\n\t\t\t\t<div class=\"elementor-column elementor-col-33 elementor-inner-column elementor-element elementor-element-07d5afc elementor-invisible\" data-id=\"07d5afc\" data-element_type=\"column\" data-e-type=\"column\" data-settings=\"{&quot;background_background&quot;:&quot;classic&quot;,&quot;animation&quot;:&quot;fadeIn&quot;}\">\n\t\t\t<div class=\"elementor-widget-wrap elementor-element-populated\">\n\t\t\t\t\t\t<div class=\"elementor-element elementor-element-cff5705 elementor-widget elementor-widget-heading\" data-id=\"cff5705\" data-element_type=\"widget\" data-e-type=\"widget\" data-widget_type=\"heading.default\">\n\t\t\t\t<div class=\"elementor-widget-container\">\n\t\t\t\t\t<h2 class=\"elementor-heading-title elementor-size-default\">R\u00e9cipient sup\u00e9rieur MONSTER Lucky<\/h2>\t\t\t\t<\/div>\n\t\t\t\t<\/div>\n\t\t\t\t<div class=\"elementor-element elementor-element-4a4b950 elementor-widget elementor-widget-heading\" data-id=\"4a4b950\" data-element_type=\"widget\" data-e-type=\"widget\" data-widget_type=\"heading.default\">\n\t\t\t\t<div class=\"elementor-widget-container\">\n\t\t\t\t\t<h2 class=\"elementor-heading-title elementor-size-default\">Id\u00e9al pour les vernis et les lasures<\/h2>\t\t\t\t<\/div>\n\t\t\t\t<\/div>\n\t\t\t\t<div class=\"elementor-element elementor-element-28ec5b5 elementor-widget elementor-widget-image\" data-id=\"28ec5b5\" data-element_type=\"widget\" data-e-type=\"widget\" data-widget_type=\"image.default\">\n\t\t\t\t<div class=\"elementor-widget-container\">\n\t\t\t\t\t\t\t\t\t\t\t\t\t\t\t<img decoding=\"async\" width=\"400\" height=\"500\" src=\"https:\/\/monster-airless.com\/wp-content\/uploads\/2024\/04\/807250-Oberbehaelter-Ruestsatz.webp\" class=\"attachment-full size-full wp-image-2198\" alt=\"\" srcset=\"https:\/\/monster-airless.com\/wp-content\/uploads\/2024\/04\/807250-Oberbehaelter-Ruestsatz.webp 400w, https:\/\/monster-airless.com\/wp-content\/uploads\/2024\/04\/807250-Oberbehaelter-Ruestsatz-240x300.webp 240w\" sizes=\"(max-width: 400px) 100vw, 400px\" \/>\t\t\t\t\t\t\t\t\t\t\t\t\t\t\t<\/div>\n\t\t\t\t<\/div>\n\t\t\t\t<div class=\"elementor-element elementor-element-5cd9593 elementor-widget elementor-widget-text-editor\" data-id=\"5cd9593\" data-element_type=\"widget\" data-e-type=\"widget\" data-widget_type=\"text-editor.default\">\n\t\t\t\t<div class=\"elementor-widget-container\">\n\t\t\t\t\t\t\t\t\t<ul><li>Gr\u00e2ce au r\u00e9cipient sup\u00e9rieur, id\u00e9al pour l'utilisation de lasures et de vernis<\/li><li>Transformation facile du syst\u00e8me d'aspiration en r\u00e9cipient sup\u00e9rieur<\/li><li>R\u00e9cipient sup\u00e9rieur de 5,5 l<\/li><li>Tuyau de raccordement pour appareils Airless LuckySpray avec syst\u00e8me d'aspiration<\/li><\/ul><p><br \/>R\u00e9f. 807250 = Kit de montage du r\u00e9servoir sup\u00e9rieur pour MONSTER LuckySpray 2.0 &amp; 2.7<br \/>R\u00e9f. 8026006 = R\u00e9cipient sup\u00e9rieur pour MONSTER LuckySpray 2.0 &amp; 2.7<\/p>\t\t\t\t\t\t\t\t<\/div>\n\t\t\t\t<\/div>\n\t\t\t\t\t<\/div>\n\t\t<\/div>\n\t\t\t\t<div class=\"elementor-column elementor-col-33 elementor-inner-column elementor-element elementor-element-bf5737a elementor-invisible\" data-id=\"bf5737a\" data-element_type=\"column\" data-e-type=\"column\" data-settings=\"{&quot;background_background&quot;:&quot;classic&quot;,&quot;animation&quot;:&quot;fadeIn&quot;}\">\n\t\t\t<div class=\"elementor-widget-wrap elementor-element-populated\">\n\t\t\t\t\t\t<div class=\"elementor-element elementor-element-cf193cb elementor-widget elementor-widget-heading\" data-id=\"cf193cb\" data-element_type=\"widget\" data-e-type=\"widget\" data-widget_type=\"heading.default\">\n\t\t\t\t<div class=\"elementor-widget-container\">\n\t\t\t\t\t<h2 class=\"elementor-heading-title elementor-size-default\">R\u00e9cipient sup\u00e9rieur MONSTER Easy<\/h2>\t\t\t\t<\/div>\n\t\t\t\t<\/div>\n\t\t\t\t<div class=\"elementor-element elementor-element-dc3b0c3 elementor-widget elementor-widget-heading\" data-id=\"dc3b0c3\" data-element_type=\"widget\" data-e-type=\"widget\" data-widget_type=\"heading.default\">\n\t\t\t\t<div class=\"elementor-widget-container\">\n\t\t\t\t\t<h2 class=\"elementor-heading-title elementor-size-default\">Id\u00e9al pour les vernis et les lasures<\/h2>\t\t\t\t<\/div>\n\t\t\t\t<\/div>\n\t\t\t\t<div class=\"elementor-element elementor-element-7635d5f elementor-widget elementor-widget-image\" data-id=\"7635d5f\" data-element_type=\"widget\" data-e-type=\"widget\" data-widget_type=\"image.default\">\n\t\t\t\t<div class=\"elementor-widget-container\">\n\t\t\t\t\t\t\t\t\t\t\t\t\t\t\t<img loading=\"lazy\" decoding=\"async\" width=\"400\" height=\"500\" src=\"https:\/\/monster-airless.com\/wp-content\/uploads\/2024\/04\/822324-MONSTER-2.3_Oberbehaelter_vorne.webp\" class=\"attachment-full size-full wp-image-2225\" alt=\"\" srcset=\"https:\/\/monster-airless.com\/wp-content\/uploads\/2024\/04\/822324-MONSTER-2.3_Oberbehaelter_vorne.webp 400w, https:\/\/monster-airless.com\/wp-content\/uploads\/2024\/04\/822324-MONSTER-2.3_Oberbehaelter_vorne-240x300.webp 240w\" sizes=\"(max-width: 400px) 100vw, 400px\" \/>\t\t\t\t\t\t\t\t\t\t\t\t\t\t\t<\/div>\n\t\t\t\t<\/div>\n\t\t\t\t<div class=\"elementor-element elementor-element-b42fe01 elementor-widget elementor-widget-text-editor\" data-id=\"b42fe01\" data-element_type=\"widget\" data-e-type=\"widget\" data-widget_type=\"text-editor.default\">\n\t\t\t\t<div class=\"elementor-widget-container\">\n\t\t\t\t\t\t\t\t\t<ul><li>Kit de conversion pour MONSTER 2.2 &amp; 2.3 TITAN 400\/440<\/li><li>Gr\u00e2ce au r\u00e9cipient sup\u00e9rieur, id\u00e9al pour l'utilisation de lasures et de vernis<\/li><li>Transformation facile du syst\u00e8me d'aspiration gr\u00e2ce au syst\u00e8me d'embo\u00eetement<\/li><li>R\u00e9cipient sup\u00e9rieur de 5l<\/li><li>Tube de raccordement avec repose-pieds pour appareils Airless Easyspray avec syst\u00e8me d'aspiration<\/li><\/ul><p><br \/>R\u00e9f. 807453 = Kit de montage du r\u00e9servoir sup\u00e9rieur pour MONSTER EasySpray 2.2 &amp; 2.3<br \/>R\u00e9f. 704-456 = R\u00e9cipient sup\u00e9rieur pour MONSTER EasySpray 2.2 &amp; 2.3<\/p>\t\t\t\t\t\t\t\t<\/div>\n\t\t\t\t<\/div>\n\t\t\t\t\t<\/div>\n\t\t<\/div>\n\t\t\t\t\t<\/div>\n\t\t<\/section>\n\t\t\t\t\t<\/div>\n\t\t<\/div>\n\t\t\t\t\t<\/div>\n\t\t<\/section>\n\t\t\t\t<\/div>","protected":false},"excerpt":{"rendered":"<p>MONSTER &#8211; Beh\u00e4lter Unsere Gro\u00dfmengen- und Oberbeh\u00e4lter Passende Erg\u00e4nzungen f\u00fcr mehr Effizienz mit Ihrem Airless-Ger\u00e4t Wir bieten die passenden Umr\u00fcsts\u00e4tze \u2013 Oberbeh\u00e4lter inkl. Verbindungselement \u2013 f\u00fcr die kleinen kompakten Airlessger\u00e4te ebenso wie Spritzspachtelbeh\u00e4lter. MONSTER Gro\u00dfmengenbeh\u00e4lter F\u00fcr gro\u00dfe Mengen Farbe oder Spachtel Gro\u00dfmengenbeh\u00e4lter f\u00fcr gr\u00f6\u00dfere Airless-Anlagen Ideal zur effektiven Verarbeitung von gr\u00f6\u00dferen Mengen Farbe oder Spachtel [&hellip;]<\/p>\n","protected":false},"author":2,"featured_media":0,"parent":0,"menu_order":0,"comment_status":"closed","ping_status":"closed","template":"","meta":{"footnotes":""},"class_list":["post-2300","page","type-page","status-publish","hentry"],"_links":{"self":[{"href":"https:\/\/monster-airless.com\/fr\/wp-json\/wp\/v2\/pages\/2300","targetHints":{"allow":["GET"]}}],"collection":[{"href":"https:\/\/monster-airless.com\/fr\/wp-json\/wp\/v2\/pages"}],"about":[{"href":"https:\/\/monster-airless.com\/fr\/wp-json\/wp\/v2\/types\/page"}],"author":[{"embeddable":true,"href":"https:\/\/monster-airless.com\/fr\/wp-json\/wp\/v2\/users\/2"}],"replies":[{"embeddable":true,"href":"https:\/\/monster-airless.com\/fr\/wp-json\/wp\/v2\/comments?post=2300"}],"version-history":[{"count":4,"href":"https:\/\/monster-airless.com\/fr\/wp-json\/wp\/v2\/pages\/2300\/revisions"}],"predecessor-version":[{"id":2907,"href":"https:\/\/monster-airless.com\/fr\/wp-json\/wp\/v2\/pages\/2300\/revisions\/2907"}],"wp:attachment":[{"href":"https:\/\/monster-airless.com\/fr\/wp-json\/wp\/v2\/media?parent=2300"}],"curies":[{"name":"wp","href":"https:\/\/api.w.org\/{rel}","templated":true}]}}