{"id":1993,"date":"2024-04-16T07:28:10","date_gmt":"2024-04-16T07:28:10","guid":{"rendered":"https:\/\/stoic-wilbur.212-227-210-88.plesk.page\/?page_id=1993"},"modified":"2024-04-16T19:59:58","modified_gmt":"2024-04-16T19:59:58","slug":"monster-airless-pistolen","status":"publish","type":"page","link":"https:\/\/monster-airless.com\/fr\/monster-airless-pistolen\/","title":{"rendered":"MONSTER - Pistolets Airless"},"content":{"rendered":"<div data-elementor-type=\"wp-page\" data-elementor-id=\"1993\" class=\"elementor elementor-1993\" data-elementor-post-type=\"page\">\n\t\t\t\t\t\t<section class=\"elementor-section elementor-top-section elementor-element elementor-element-45af3155 elementor-section-boxed elementor-section-height-default elementor-section-height-default\" data-id=\"45af3155\" data-element_type=\"section\" data-e-type=\"section\" id=\"next\" data-settings=\"{&quot;background_background&quot;:&quot;classic&quot;}\">\n\t\t\t\t\t\t\t<div class=\"elementor-background-overlay\"><\/div>\n\t\t\t\t\t\t\t<div class=\"elementor-container elementor-column-gap-no\">\n\t\t\t\t\t<div class=\"elementor-column elementor-col-100 elementor-top-column elementor-element elementor-element-180fb0b5\" data-id=\"180fb0b5\" data-element_type=\"column\" data-e-type=\"column\">\n\t\t\t<div class=\"elementor-widget-wrap elementor-element-populated\">\n\t\t\t\t\t\t<div class=\"elementor-element elementor-element-56d221de elementor-widget elementor-widget-heading\" data-id=\"56d221de\" data-element_type=\"widget\" data-e-type=\"widget\" data-widget_type=\"heading.default\">\n\t\t\t\t<div class=\"elementor-widget-container\">\n\t\t\t\t\t<h3 class=\"elementor-heading-title elementor-size-default\">MONSTER - Pistolets Airless<\/h3>\t\t\t\t<\/div>\n\t\t\t\t<\/div>\n\t\t\t\t\t<\/div>\n\t\t<\/div>\n\t\t\t\t\t<\/div>\n\t\t<\/section>\n\t\t\t\t<section class=\"elementor-section elementor-top-section elementor-element elementor-element-a93f39a elementor-section-content-middle elementor-section-boxed elementor-section-height-default elementor-section-height-default\" data-id=\"a93f39a\" data-element_type=\"section\" data-e-type=\"section\" data-settings=\"{&quot;background_background&quot;:&quot;classic&quot;}\">\n\t\t\t\t\t\t<div class=\"elementor-container elementor-column-gap-no\">\n\t\t\t\t\t<div class=\"elementor-column elementor-col-100 elementor-top-column elementor-element elementor-element-9980ed0\" data-id=\"9980ed0\" data-element_type=\"column\" data-e-type=\"column\" data-settings=\"{&quot;background_background&quot;:&quot;classic&quot;}\">\n\t\t\t<div class=\"elementor-widget-wrap elementor-element-populated\">\n\t\t\t\t\t\t<div class=\"elementor-element elementor-element-0cb032a elementor-widget elementor-widget-image\" data-id=\"0cb032a\" data-element_type=\"widget\" data-e-type=\"widget\" data-widget_type=\"image.default\">\n\t\t\t\t<div class=\"elementor-widget-container\">\n\t\t\t\t\t\t\t\t\t\t\t\t\t\t\t<img fetchpriority=\"high\" decoding=\"async\" width=\"1920\" height=\"871\" src=\"https:\/\/monster-airless.com\/wp-content\/uploads\/2023\/01\/SA709026.webp\" class=\"attachment-full size-full wp-image-537\" alt=\"MONSTER 4.5\" srcset=\"https:\/\/monster-airless.com\/wp-content\/uploads\/2023\/01\/SA709026.webp 1920w, https:\/\/monster-airless.com\/wp-content\/uploads\/2023\/01\/SA709026-300x136.webp 300w, https:\/\/monster-airless.com\/wp-content\/uploads\/2023\/01\/SA709026-1024x465.webp 1024w, https:\/\/monster-airless.com\/wp-content\/uploads\/2023\/01\/SA709026-768x348.webp 768w, https:\/\/monster-airless.com\/wp-content\/uploads\/2023\/01\/SA709026-1536x697.webp 1536w\" sizes=\"(max-width: 1920px) 100vw, 1920px\" \/>\t\t\t\t\t\t\t\t\t\t\t\t\t\t\t<\/div>\n\t\t\t\t<\/div>\n\t\t\t\t<div class=\"elementor-element elementor-element-c2c4a51 elementor-widget elementor-widget-heading\" data-id=\"c2c4a51\" data-element_type=\"widget\" data-e-type=\"widget\" data-widget_type=\"heading.default\">\n\t\t\t\t<div class=\"elementor-widget-container\">\n\t\t\t\t\t<h2 class=\"elementor-heading-title elementor-size-default\">Nos pistolets airless<\/h2>\t\t\t\t<\/div>\n\t\t\t\t<\/div>\n\t\t\t\t<div class=\"elementor-element elementor-element-79de00d elementor-widget elementor-widget-heading\" data-id=\"79de00d\" data-element_type=\"widget\" data-e-type=\"widget\" data-widget_type=\"heading.default\">\n\t\t\t\t<div class=\"elementor-widget-container\">\n\t\t\t\t\t<h2 class=\"elementor-heading-title elementor-size-default\">Choisissez en fonction de vos pr\u00e9f\u00e9rences ou de vos exigences.<\/h2>\t\t\t\t<\/div>\n\t\t\t\t<\/div>\n\t\t\t\t<div class=\"elementor-element elementor-element-d6b5acd elementor-widget elementor-widget-text-editor\" data-id=\"d6b5acd\" data-element_type=\"widget\" data-e-type=\"widget\" data-widget_type=\"text-editor.default\">\n\t\t\t\t<div class=\"elementor-widget-container\">\n\t\t\t\t\t\t\t\t\t<p>Tous nos pistolets sont con\u00e7us selon des crit\u00e8res ergonomiques. Ils sont peu fatigants et maniables. Choisissez le pistolet appropri\u00e9 \u00e9galement en fonction des exigences impos\u00e9es par le produit \u00e0 pulv\u00e9riser.<\/p>\t\t\t\t\t\t\t\t<\/div>\n\t\t\t\t<\/div>\n\t\t\t\t<section class=\"elementor-section elementor-inner-section elementor-element elementor-element-eececa8 elementor-section-boxed elementor-section-height-default elementor-section-height-default\" data-id=\"eececa8\" data-element_type=\"section\" data-e-type=\"section\">\n\t\t\t\t\t\t<div class=\"elementor-container elementor-column-gap-default\">\n\t\t\t\t\t<div class=\"elementor-column elementor-col-33 elementor-inner-column elementor-element elementor-element-be70d10 elementor-invisible\" data-id=\"be70d10\" data-element_type=\"column\" data-e-type=\"column\" data-settings=\"{&quot;background_background&quot;:&quot;classic&quot;,&quot;animation&quot;:&quot;fadeIn&quot;}\">\n\t\t\t<div class=\"elementor-widget-wrap elementor-element-populated\">\n\t\t\t\t\t\t<div class=\"elementor-element elementor-element-6b86cc7 elementor-widget elementor-widget-heading\" data-id=\"6b86cc7\" data-element_type=\"widget\" data-e-type=\"widget\" data-widget_type=\"heading.default\">\n\t\t\t\t<div class=\"elementor-widget-container\">\n\t\t\t\t\t<h2 class=\"elementor-heading-title elementor-size-default\">Pistolet MONSTER light<\/h2>\t\t\t\t<\/div>\n\t\t\t\t<\/div>\n\t\t\t\t<div class=\"elementor-element elementor-element-c507dc2 elementor-widget elementor-widget-heading\" data-id=\"c507dc2\" data-element_type=\"widget\" data-e-type=\"widget\" data-widget_type=\"heading.default\">\n\t\t\t\t<div class=\"elementor-widget-container\">\n\t\t\t\t\t<h2 class=\"elementor-heading-title elementor-size-default\">Pistolet extr\u00eamement l\u00e9ger et robuste<\/h2>\t\t\t\t<\/div>\n\t\t\t\t<\/div>\n\t\t\t\t<div class=\"elementor-element elementor-element-2845e10 elementor-widget elementor-widget-image\" data-id=\"2845e10\" data-element_type=\"widget\" data-e-type=\"widget\" data-widget_type=\"image.default\">\n\t\t\t\t<div class=\"elementor-widget-container\">\n\t\t\t\t\t\t\t\t\t\t\t\t\t\t\t<img decoding=\"async\" width=\"400\" height=\"500\" src=\"https:\/\/monster-airless.com\/wp-content\/uploads\/2024\/04\/802250BAS-MG_00774.webp\" class=\"attachment-full size-full wp-image-2005\" alt=\"MONSTER Pistole light\" srcset=\"https:\/\/monster-airless.com\/wp-content\/uploads\/2024\/04\/802250BAS-MG_00774.webp 400w, https:\/\/monster-airless.com\/wp-content\/uploads\/2024\/04\/802250BAS-MG_00774-240x300.webp 240w\" sizes=\"(max-width: 400px) 100vw, 400px\" \/>\t\t\t\t\t\t\t\t\t\t\t\t\t\t\t<\/div>\n\t\t\t\t<\/div>\n\t\t\t\t<div class=\"elementor-element elementor-element-b32a036 elementor-widget elementor-widget-text-editor\" data-id=\"b32a036\" data-element_type=\"widget\" data-e-type=\"widget\" data-widget_type=\"text-editor.default\">\n\t\t\t\t<div class=\"elementor-widget-container\">\n\t\t\t\t\t\t\t\t\t<ul><li>Pistolet ergonomique haute performance qui se distingue par sa long\u00e9vit\u00e9 et sa g\u00e2chette ultral\u00e9g\u00e8re<\/li><li>L'articulation rotative int\u00e9gr\u00e9e emp\u00eache le tuyau de se plier et assure un travail agr\u00e9able<\/li><li>Filtre enfichable<\/li><li>Raccord de tuyau 1\/4\u2033a<\/li><li>7\/8\u2033 Logement de buse<\/li><\/ul><p><br \/>R\u00e9f. 802250BAS<\/p>\t\t\t\t\t\t\t\t<\/div>\n\t\t\t\t<\/div>\n\t\t\t\t\t<\/div>\n\t\t<\/div>\n\t\t\t\t<div class=\"elementor-column elementor-col-33 elementor-inner-column elementor-element elementor-element-07d5afc elementor-invisible\" data-id=\"07d5afc\" data-element_type=\"column\" data-e-type=\"column\" data-settings=\"{&quot;background_background&quot;:&quot;classic&quot;,&quot;animation&quot;:&quot;fadeIn&quot;}\">\n\t\t\t<div class=\"elementor-widget-wrap elementor-element-populated\">\n\t\t\t\t\t\t<div class=\"elementor-element elementor-element-cff5705 elementor-widget elementor-widget-heading\" data-id=\"cff5705\" data-element_type=\"widget\" data-e-type=\"widget\" data-widget_type=\"heading.default\">\n\t\t\t\t<div class=\"elementor-widget-container\">\n\t\t\t\t\t<h2 class=\"elementor-heading-title elementor-size-default\">Pistolet MONSTER 350 Comfort<\/h2>\t\t\t\t<\/div>\n\t\t\t\t<\/div>\n\t\t\t\t<div class=\"elementor-element elementor-element-4a4b950 elementor-widget elementor-widget-heading\" data-id=\"4a4b950\" data-element_type=\"widget\" data-e-type=\"widget\" data-widget_type=\"heading.default\">\n\t\t\t\t<div class=\"elementor-widget-container\">\n\t\t\t\t\t<h2 class=\"elementor-heading-title elementor-size-default\">Parfait pour les exigences les plus \u00e9lev\u00e9es<\/h2>\t\t\t\t<\/div>\n\t\t\t\t<\/div>\n\t\t\t\t<div class=\"elementor-element elementor-element-28ec5b5 elementor-widget elementor-widget-image\" data-id=\"28ec5b5\" data-element_type=\"widget\" data-e-type=\"widget\" data-widget_type=\"image.default\">\n\t\t\t\t<div class=\"elementor-widget-container\">\n\t\t\t\t\t\t\t\t\t\t\t\t\t\t\t<img decoding=\"async\" width=\"400\" height=\"500\" src=\"https:\/\/monster-airless.com\/wp-content\/uploads\/2024\/04\/802350BAS-SA705710-weiss.webp\" class=\"attachment-full size-full wp-image-2013\" alt=\"MONSTER Pistole 350 Comfort\" srcset=\"https:\/\/monster-airless.com\/wp-content\/uploads\/2024\/04\/802350BAS-SA705710-weiss.webp 400w, https:\/\/monster-airless.com\/wp-content\/uploads\/2024\/04\/802350BAS-SA705710-weiss-240x300.webp 240w\" sizes=\"(max-width: 400px) 100vw, 400px\" \/>\t\t\t\t\t\t\t\t\t\t\t\t\t\t\t<\/div>\n\t\t\t\t<\/div>\n\t\t\t\t<div class=\"elementor-element elementor-element-4f3ee47 elementor-widget elementor-widget-text-editor\" data-id=\"4f3ee47\" data-element_type=\"widget\" data-e-type=\"widget\" data-widget_type=\"text-editor.default\">\n\t\t\t\t<div class=\"elementor-widget-container\">\n\t\t\t\t\t\t\t\t\t<ul><li>Pistolet ergonomique haute performance qui se distingue par sa long\u00e9vit\u00e9 et sa g\u00e2chette ultral\u00e9g\u00e8re<\/li><li>L'articulation rotative int\u00e9gr\u00e9e emp\u00eache le tuyau de se plier et assure un travail agr\u00e9able<\/li><li>Filtre enfichable<\/li><li>Raccord de tuyau 1\/4\u2033a<\/li><li>7\/8\u2033 Logement de buse<\/li><\/ul><p><br \/>R\u00e9f. 802350BAS<\/p>\t\t\t\t\t\t\t\t<\/div>\n\t\t\t\t<\/div>\n\t\t\t\t\t<\/div>\n\t\t<\/div>\n\t\t\t\t<div class=\"elementor-column elementor-col-33 elementor-inner-column elementor-element elementor-element-0dcaf72 elementor-invisible\" data-id=\"0dcaf72\" data-element_type=\"column\" data-e-type=\"column\" data-settings=\"{&quot;background_background&quot;:&quot;classic&quot;,&quot;animation&quot;:&quot;fadeIn&quot;}\">\n\t\t\t<div class=\"elementor-widget-wrap elementor-element-populated\">\n\t\t\t\t\t\t<div class=\"elementor-element elementor-element-257d5bc elementor-widget elementor-widget-heading\" data-id=\"257d5bc\" data-element_type=\"widget\" data-e-type=\"widget\" data-widget_type=\"heading.default\">\n\t\t\t\t<div class=\"elementor-widget-container\">\n\t\t\t\t\t<h2 class=\"elementor-heading-title elementor-size-default\">Pistolet MONSTER TexSpray<\/h2>\t\t\t\t<\/div>\n\t\t\t\t<\/div>\n\t\t\t\t<div class=\"elementor-element elementor-element-dc8f8de elementor-widget elementor-widget-heading\" data-id=\"dc8f8de\" data-element_type=\"widget\" data-e-type=\"widget\" data-widget_type=\"heading.default\">\n\t\t\t\t<div class=\"elementor-widget-container\">\n\t\t\t\t\t<h2 class=\"elementor-heading-title elementor-size-default\">Pour les mat\u00e9riaux \u00e0 haute viscosit\u00e9<\/h2>\t\t\t\t<\/div>\n\t\t\t\t<\/div>\n\t\t\t\t<div class=\"elementor-element elementor-element-ecc0342 elementor-widget elementor-widget-image\" data-id=\"ecc0342\" data-element_type=\"widget\" data-e-type=\"widget\" data-widget_type=\"image.default\">\n\t\t\t\t<div class=\"elementor-widget-container\">\n\t\t\t\t\t\t\t\t\t\t\t\t\t\t\t<img loading=\"lazy\" decoding=\"async\" width=\"400\" height=\"500\" src=\"https:\/\/monster-airless.com\/wp-content\/uploads\/2024\/04\/802120BAS-MONSTER-TexSpray-Pistole-Gross.webp\" class=\"attachment-full size-full wp-image-2018\" alt=\"MONSTER Pistole TexSpray\" srcset=\"https:\/\/monster-airless.com\/wp-content\/uploads\/2024\/04\/802120BAS-MONSTER-TexSpray-Pistole-Gross.webp 400w, https:\/\/monster-airless.com\/wp-content\/uploads\/2024\/04\/802120BAS-MONSTER-TexSpray-Pistole-Gross-240x300.webp 240w\" sizes=\"(max-width: 400px) 100vw, 400px\" \/>\t\t\t\t\t\t\t\t\t\t\t\t\t\t\t<\/div>\n\t\t\t\t<\/div>\n\t\t\t\t<div class=\"elementor-element elementor-element-9f6aeea elementor-widget elementor-widget-text-editor\" data-id=\"9f6aeea\" data-element_type=\"widget\" data-e-type=\"widget\" data-widget_type=\"text-editor.default\">\n\t\t\t\t<div class=\"elementor-widget-container\">\n\t\t\t\t\t\t\t\t\t<ul><li>Pistolet ergonomique pour produits \u00e0 haute viscosit\u00e9.<\/li><li>angle de 120\u00b0 id\u00e9al pour les travaux avec spatule et au-dessus de la t\u00eate<\/li><li>Flux direct de mat\u00e9riau de grand diam\u00e8tre jusqu'\u00e0 l'aiguille<\/li><li>L'articulation rotative int\u00e9gr\u00e9e emp\u00eache le tuyau de se plier et assure un travail agr\u00e9able<\/li><li>Filtre enfichable<\/li><li>3\/8\u2033a Raccord de tuyau<\/li><li>7\/8\u2033 Logement de buse<\/li><\/ul><p><br \/>R\u00e9f. 802120BAS<\/p>\t\t\t\t\t\t\t\t<\/div>\n\t\t\t\t<\/div>\n\t\t\t\t\t<\/div>\n\t\t<\/div>\n\t\t\t\t\t<\/div>\n\t\t<\/section>\n\t\t\t\t<section class=\"elementor-section elementor-inner-section elementor-element elementor-element-69f2861 elementor-section-boxed elementor-section-height-default elementor-section-height-default\" data-id=\"69f2861\" data-element_type=\"section\" data-e-type=\"section\">\n\t\t\t\t\t\t<div class=\"elementor-container elementor-column-gap-default\">\n\t\t\t\t\t<div class=\"elementor-column elementor-col-33 elementor-inner-column elementor-element elementor-element-e693730 elementor-invisible\" data-id=\"e693730\" data-element_type=\"column\" data-e-type=\"column\" data-settings=\"{&quot;background_background&quot;:&quot;classic&quot;,&quot;animation&quot;:&quot;fadeIn&quot;}\">\n\t\t\t<div class=\"elementor-widget-wrap elementor-element-populated\">\n\t\t\t\t\t\t<div class=\"elementor-element elementor-element-fc7892e elementor-widget elementor-widget-heading\" data-id=\"fc7892e\" data-element_type=\"widget\" data-e-type=\"widget\" data-widget_type=\"heading.default\">\n\t\t\t\t<div class=\"elementor-widget-container\">\n\t\t\t\t\t<h2 class=\"elementor-heading-title elementor-size-default\">Pistolet MONSTER HD X-trem 500<\/h2>\t\t\t\t<\/div>\n\t\t\t\t<\/div>\n\t\t\t\t<div class=\"elementor-element elementor-element-a9ec1d6 elementor-widget elementor-widget-heading\" data-id=\"a9ec1d6\" data-element_type=\"widget\" data-e-type=\"widget\" data-widget_type=\"heading.default\">\n\t\t\t\t<div class=\"elementor-widget-container\">\n\t\t\t\t\t<h2 class=\"elementor-heading-title elementor-size-default\">Pistolet haute pression extr\u00eamement robuste<\/h2>\t\t\t\t<\/div>\n\t\t\t\t<\/div>\n\t\t\t\t<div class=\"elementor-element elementor-element-ea676f7 elementor-widget elementor-widget-image\" data-id=\"ea676f7\" data-element_type=\"widget\" data-e-type=\"widget\" data-widget_type=\"image.default\">\n\t\t\t\t<div class=\"elementor-widget-container\">\n\t\t\t\t\t\t\t\t\t\t\t\t\t\t\t<img loading=\"lazy\" decoding=\"async\" width=\"400\" height=\"500\" src=\"https:\/\/monster-airless.com\/wp-content\/uploads\/2024\/04\/802501BAS-MONSTER-500-Pistole-Gross.webp\" class=\"attachment-full size-full wp-image-2026\" alt=\"MONSTER Pistole HD X-trem 500\" srcset=\"https:\/\/monster-airless.com\/wp-content\/uploads\/2024\/04\/802501BAS-MONSTER-500-Pistole-Gross.webp 400w, https:\/\/monster-airless.com\/wp-content\/uploads\/2024\/04\/802501BAS-MONSTER-500-Pistole-Gross-240x300.webp 240w\" sizes=\"(max-width: 400px) 100vw, 400px\" \/>\t\t\t\t\t\t\t\t\t\t\t\t\t\t\t<\/div>\n\t\t\t\t<\/div>\n\t\t\t\t<div class=\"elementor-element elementor-element-71f1fc6 elementor-widget elementor-widget-text-editor\" data-id=\"71f1fc6\" data-element_type=\"widget\" data-e-type=\"widget\" data-widget_type=\"text-editor.default\">\n\t\t\t\t<div class=\"elementor-widget-container\">\n\t\t\t\t\t\t\t\t\t<ul><li>Parfait pour les mastics \u00e0 pulv\u00e9riser et les pressions jusqu'\u00e0 500 bars<\/li><li>Pistolet avec syst\u00e8me de buse<\/li><li>Raccord de tuyau 1\/4\u2033a<\/li><li>7\/8\u2033 Logement de buse<\/li><\/ul><p><br \/>R\u00e9f. 802500BAS ou 802501 avec articulation pivotante<\/p>\t\t\t\t\t\t\t\t<\/div>\n\t\t\t\t<\/div>\n\t\t\t\t\t<\/div>\n\t\t<\/div>\n\t\t\t\t<div class=\"elementor-column elementor-col-33 elementor-inner-column elementor-element elementor-element-29f8323 elementor-invisible\" data-id=\"29f8323\" data-element_type=\"column\" data-e-type=\"column\" data-settings=\"{&quot;background_background&quot;:&quot;classic&quot;,&quot;animation&quot;:&quot;fadeIn&quot;}\">\n\t\t\t<div class=\"elementor-widget-wrap elementor-element-populated\">\n\t\t\t\t\t\t<div class=\"elementor-element elementor-element-2c456d9 elementor-widget elementor-widget-heading\" data-id=\"2c456d9\" data-element_type=\"widget\" data-e-type=\"widget\" data-widget_type=\"heading.default\">\n\t\t\t\t<div class=\"elementor-widget-container\">\n\t\t\t\t\t<h2 class=\"elementor-heading-title elementor-size-default\">Pistolet MONSTER InLine 220<\/h2>\t\t\t\t<\/div>\n\t\t\t\t<\/div>\n\t\t\t\t<div class=\"elementor-element elementor-element-9e701b3 elementor-widget elementor-widget-heading\" data-id=\"9e701b3\" data-element_type=\"widget\" data-e-type=\"widget\" data-widget_type=\"heading.default\">\n\t\t\t\t<div class=\"elementor-widget-container\">\n\t\t\t\t\t<h2 class=\"elementor-heading-title elementor-size-default\">Pistolet extr\u00eamement l\u00e9ger et robuste<\/h2>\t\t\t\t<\/div>\n\t\t\t\t<\/div>\n\t\t\t\t<div class=\"elementor-element elementor-element-8bb93c7 elementor-widget elementor-widget-image\" data-id=\"8bb93c7\" data-element_type=\"widget\" data-e-type=\"widget\" data-widget_type=\"image.default\">\n\t\t\t\t<div class=\"elementor-widget-container\">\n\t\t\t\t\t\t\t\t\t\t\t\t\t\t\t<img loading=\"lazy\" decoding=\"async\" width=\"400\" height=\"500\" src=\"https:\/\/monster-airless.com\/wp-content\/uploads\/2024\/04\/802220BAS-MONSTER-inLIne-Pistole-seitlich.webp\" class=\"attachment-full size-full wp-image-2034\" alt=\"MONSTER Pistole InLine 220\" srcset=\"https:\/\/monster-airless.com\/wp-content\/uploads\/2024\/04\/802220BAS-MONSTER-inLIne-Pistole-seitlich.webp 400w, https:\/\/monster-airless.com\/wp-content\/uploads\/2024\/04\/802220BAS-MONSTER-inLIne-Pistole-seitlich-240x300.webp 240w\" sizes=\"(max-width: 400px) 100vw, 400px\" \/>\t\t\t\t\t\t\t\t\t\t\t\t\t\t\t<\/div>\n\t\t\t\t<\/div>\n\t\t\t\t<div class=\"elementor-element elementor-element-9ce8ff1 elementor-widget elementor-widget-text-editor\" data-id=\"9ce8ff1\" data-element_type=\"widget\" data-e-type=\"widget\" data-widget_type=\"text-editor.default\">\n\t\t\t\t<div class=\"elementor-widget-container\">\n\t\t\t\t\t\t\t\t\t<ul><li>G\u00e2chette ergonomique facile \u00e0 utiliser<\/li><li>L'articulation rotative int\u00e9gr\u00e9e emp\u00eache le tuyau de se plier et assure un travail agr\u00e9able<\/li><li>Filtre enfichable<\/li><\/ul><p><br \/>R\u00e9f. 802220BAS<\/p>\t\t\t\t\t\t\t\t<\/div>\n\t\t\t\t<\/div>\n\t\t\t\t\t<\/div>\n\t\t<\/div>\n\t\t\t\t<div class=\"elementor-column elementor-col-33 elementor-inner-column elementor-element elementor-element-a711a39 elementor-invisible\" data-id=\"a711a39\" data-element_type=\"column\" data-e-type=\"column\" data-settings=\"{&quot;background_background&quot;:&quot;classic&quot;,&quot;animation&quot;:&quot;fadeIn&quot;}\">\n\t\t\t<div class=\"elementor-widget-wrap\">\n\t\t\t\t\t\t\t<\/div>\n\t\t<\/div>\n\t\t\t\t\t<\/div>\n\t\t<\/section>\n\t\t\t\t\t<\/div>\n\t\t<\/div>\n\t\t\t\t\t<\/div>\n\t\t<\/section>\n\t\t\t\t<\/div>","protected":false},"excerpt":{"rendered":"<p>MONSTER &#8211; Airless-Pistolen Unsere Airless-Pistolen W\u00e4hlen Sie nach Ihren Pr\u00e4ferenzen oder Anforderungen. Alle unsere Pistolen sind nach ergonomischen Gesichtspunkten konzipiert. Sie sind erm\u00fcdungsarm und handlich. W\u00e4hlen Sie die passende Pistole auch entsprechend der Anforderungen durch das zu spritzende Material. MONSTER Pistole light Extrem leichte und robuste Pistole Ergonomische Hochleistungspistole, die durch Langlebigkeit und ultraleichten Abzug [&hellip;]<\/p>\n","protected":false},"author":2,"featured_media":0,"parent":0,"menu_order":0,"comment_status":"closed","ping_status":"closed","template":"","meta":{"footnotes":""},"class_list":["post-1993","page","type-page","status-publish","hentry"],"_links":{"self":[{"href":"https:\/\/monster-airless.com\/fr\/wp-json\/wp\/v2\/pages\/1993","targetHints":{"allow":["GET"]}}],"collection":[{"href":"https:\/\/monster-airless.com\/fr\/wp-json\/wp\/v2\/pages"}],"about":[{"href":"https:\/\/monster-airless.com\/fr\/wp-json\/wp\/v2\/types\/page"}],"author":[{"embeddable":true,"href":"https:\/\/monster-airless.com\/fr\/wp-json\/wp\/v2\/users\/2"}],"replies":[{"embeddable":true,"href":"https:\/\/monster-airless.com\/fr\/wp-json\/wp\/v2\/comments?post=1993"}],"version-history":[{"count":37,"href":"https:\/\/monster-airless.com\/fr\/wp-json\/wp\/v2\/pages\/1993\/revisions"}],"predecessor-version":[{"id":2738,"href":"https:\/\/monster-airless.com\/fr\/wp-json\/wp\/v2\/pages\/1993\/revisions\/2738"}],"wp:attachment":[{"href":"https:\/\/monster-airless.com\/fr\/wp-json\/wp\/v2\/media?parent=1993"}],"curies":[{"name":"wp","href":"https:\/\/api.w.org\/{rel}","templated":true}]}}