{"id":1024,"date":"2023-08-08T13:23:41","date_gmt":"2023-08-08T13:23:41","guid":{"rendered":"https:\/\/stoic-wilbur.212-227-210-88.plesk.page\/?page_id=1024"},"modified":"2025-09-28T09:33:23","modified_gmt":"2025-09-28T09:33:23","slug":"extrem-grosse-objekte","status":"publish","type":"page","link":"https:\/\/monster-airless.com\/fr\/extrem-grosse-objekte\/","title":{"rendered":"MONSTER Airless - Pour les objets extr\u00eamement grands"},"content":{"rendered":"<div data-elementor-type=\"wp-page\" data-elementor-id=\"1024\" class=\"elementor elementor-1024\" data-elementor-post-type=\"page\">\n\t\t\t\t\t\t<section class=\"elementor-section elementor-top-section elementor-element elementor-element-45af3155 elementor-section-boxed elementor-section-height-default elementor-section-height-default\" data-id=\"45af3155\" data-element_type=\"section\" data-e-type=\"section\" id=\"next\" data-settings=\"{&quot;background_background&quot;:&quot;classic&quot;}\">\n\t\t\t\t\t\t\t<div class=\"elementor-background-overlay\"><\/div>\n\t\t\t\t\t\t\t<div class=\"elementor-container elementor-column-gap-no\">\n\t\t\t\t\t<div class=\"elementor-column elementor-col-100 elementor-top-column elementor-element elementor-element-180fb0b5\" data-id=\"180fb0b5\" data-element_type=\"column\" data-e-type=\"column\">\n\t\t\t<div class=\"elementor-widget-wrap elementor-element-populated\">\n\t\t\t\t\t\t\t<\/div>\n\t\t<\/div>\n\t\t\t\t\t<\/div>\n\t\t<\/section>\n\t\t\t\t<section class=\"elementor-section elementor-top-section elementor-element elementor-element-518cadc2 elementor-section-content-middle elementor-section-boxed elementor-section-height-default elementor-section-height-default\" data-id=\"518cadc2\" data-element_type=\"section\" data-e-type=\"section\" data-settings=\"{&quot;background_background&quot;:&quot;classic&quot;}\">\n\t\t\t\t\t\t<div class=\"elementor-container elementor-column-gap-no\">\n\t\t\t\t\t<div class=\"elementor-column elementor-col-100 elementor-top-column elementor-element elementor-element-3ac4cc3a\" data-id=\"3ac4cc3a\" data-element_type=\"column\" data-e-type=\"column\" data-settings=\"{&quot;background_background&quot;:&quot;classic&quot;}\">\n\t\t\t<div class=\"elementor-widget-wrap elementor-element-populated\">\n\t\t\t\t\t\t<div class=\"elementor-element elementor-element-c006b8c elementor-widget elementor-widget-image\" data-id=\"c006b8c\" data-element_type=\"widget\" data-e-type=\"widget\" data-widget_type=\"image.default\">\n\t\t\t\t<div class=\"elementor-widget-container\">\n\t\t\t\t\t\t\t\t\t\t\t\t\t\t\t<img fetchpriority=\"high\" decoding=\"async\" width=\"2560\" height=\"1707\" src=\"https:\/\/monster-airless.com\/wp-content\/uploads\/2024\/04\/LuckySpray-8.3-mi-Spritzspachtelbehaelter-und-Anwender-A4_06255-4000px-scaled.jpg\" class=\"attachment-full size-full wp-image-3071\" alt=\"\" srcset=\"https:\/\/monster-airless.com\/wp-content\/uploads\/2024\/04\/LuckySpray-8.3-mi-Spritzspachtelbehaelter-und-Anwender-A4_06255-4000px-scaled.jpg 2560w, https:\/\/monster-airless.com\/wp-content\/uploads\/2024\/04\/LuckySpray-8.3-mi-Spritzspachtelbehaelter-und-Anwender-A4_06255-4000px-300x200.jpg 300w, https:\/\/monster-airless.com\/wp-content\/uploads\/2024\/04\/LuckySpray-8.3-mi-Spritzspachtelbehaelter-und-Anwender-A4_06255-4000px-1024x683.jpg 1024w, https:\/\/monster-airless.com\/wp-content\/uploads\/2024\/04\/LuckySpray-8.3-mi-Spritzspachtelbehaelter-und-Anwender-A4_06255-4000px-768x512.jpg 768w, https:\/\/monster-airless.com\/wp-content\/uploads\/2024\/04\/LuckySpray-8.3-mi-Spritzspachtelbehaelter-und-Anwender-A4_06255-4000px-1536x1024.jpg 1536w, https:\/\/monster-airless.com\/wp-content\/uploads\/2024\/04\/LuckySpray-8.3-mi-Spritzspachtelbehaelter-und-Anwender-A4_06255-4000px-2048x1366.jpg 2048w\" sizes=\"(max-width: 2560px) 100vw, 2560px\" \/>\t\t\t\t\t\t\t\t\t\t\t\t\t\t\t<\/div>\n\t\t\t\t<\/div>\n\t\t\t\t<div class=\"elementor-element elementor-element-90c70f9 elementor-widget elementor-widget-heading\" data-id=\"90c70f9\" data-element_type=\"widget\" data-e-type=\"widget\" data-widget_type=\"heading.default\">\n\t\t\t\t<div class=\"elementor-widget-container\">\n\t\t\t\t\t<h2 class=\"elementor-heading-title elementor-size-default\">Nos appareils Airless pour les objets extr\u00eamement grands<\/h2>\t\t\t\t<\/div>\n\t\t\t\t<\/div>\n\t\t\t\t<div class=\"elementor-element elementor-element-a6b50c7 elementor-widget elementor-widget-heading\" data-id=\"a6b50c7\" data-element_type=\"widget\" data-e-type=\"widget\" data-widget_type=\"heading.default\">\n\t\t\t\t<div class=\"elementor-widget-container\">\n\t\t\t\t\t<h2 class=\"elementor-heading-title elementor-size-default\">Puissance maximale et robustesse exceptionnelle<\/h2>\t\t\t\t<\/div>\n\t\t\t\t<\/div>\n\t\t\t\t<div class=\"elementor-element elementor-element-cfe29a0 elementor-widget elementor-widget-text-editor\" data-id=\"cfe29a0\" data-element_type=\"widget\" data-e-type=\"widget\" data-widget_type=\"text-editor.default\">\n\t\t\t\t<div class=\"elementor-widget-container\">\n\t\t\t\t\t\t\t\t\t<p>Avec des appareils Airless performants, vous pouvez utiliser des longueurs de tuyaux allant jusqu'\u00e0 120 m (peinture) ou 30 m (enduit pulv\u00e9ris\u00e9). Cela garantit un rayon de travail maximal et un d\u00e9roulement parfait du chantier. Autre avantage : pour les appareils \u00e0 partir de 7,0 l\/min. vous n'avez pas besoin de m\u00e9langer ou de diluer le mastic \u00e0 pulv\u00e9riser.<\/p>\t\t\t\t\t\t\t\t<\/div>\n\t\t\t\t<\/div>\n\t\t\t\t<section class=\"elementor-section elementor-inner-section elementor-element elementor-element-5abece7 elementor-section-boxed elementor-section-height-default elementor-section-height-default\" data-id=\"5abece7\" data-element_type=\"section\" data-e-type=\"section\">\n\t\t\t\t\t\t<div class=\"elementor-container elementor-column-gap-default\">\n\t\t\t\t\t<div class=\"elementor-column elementor-col-33 elementor-inner-column elementor-element elementor-element-b2cee4a elementor-invisible\" data-id=\"b2cee4a\" data-element_type=\"column\" data-e-type=\"column\" data-settings=\"{&quot;background_background&quot;:&quot;classic&quot;,&quot;animation&quot;:&quot;fadeIn&quot;}\">\n\t\t\t<div class=\"elementor-widget-wrap elementor-element-populated\">\n\t\t\t\t\t\t<div class=\"elementor-element elementor-element-95daa09 elementor-widget elementor-widget-heading\" data-id=\"95daa09\" data-element_type=\"widget\" data-e-type=\"widget\" data-widget_type=\"heading.default\">\n\t\t\t\t<div class=\"elementor-widget-container\">\n\t\t\t\t\t<h2 class=\"elementor-heading-title elementor-size-default\"><a href=\"https:\/\/monster-airless.com\/fr\/monster-goldspray-g-8-7-hd\/\">GoldSpray G 8.7 + HD<\/a><\/h2>\t\t\t\t<\/div>\n\t\t\t\t<\/div>\n\t\t\t\t<div class=\"elementor-element elementor-element-f38eea6 elementor-widget elementor-widget-heading\" data-id=\"f38eea6\" data-element_type=\"widget\" data-e-type=\"widget\" data-widget_type=\"heading.default\">\n\t\t\t\t<div class=\"elementor-widget-container\">\n\t\t\t\t\t<h2 class=\"elementor-heading-title elementor-size-default\"><a href=\"https:\/\/monster-airless.com\/fr\/monster-goldspray-g-8-7-hd\/\">Le Giga-MONSTER. Nous l'appelons : natural born perfection !<\/a><\/h2>\t\t\t\t<\/div>\n\t\t\t\t<\/div>\n\t\t\t\t<div class=\"elementor-element elementor-element-e6835fd elementor-widget elementor-widget-image\" data-id=\"e6835fd\" data-element_type=\"widget\" data-e-type=\"widget\" data-widget_type=\"image.default\">\n\t\t\t\t<div class=\"elementor-widget-container\">\n\t\t\t\t\t\t\t\t\t\t\t\t\t\t\t\t<a href=\"https:\/\/monster-airless.com\/fr\/monster-goldspray-g-8-7-hd\/\">\n\t\t\t\t\t\t\t<img decoding=\"async\" width=\"400\" height=\"500\" src=\"https:\/\/monster-airless.com\/wp-content\/uploads\/2024\/12\/838747PRO-24-DSC_0486-2.jpg\" class=\"attachment-large size-large wp-image-4079\" alt=\"MONSTER GoldSpray G 8.7 HD\" srcset=\"https:\/\/monster-airless.com\/wp-content\/uploads\/2024\/12\/838747PRO-24-DSC_0486-2.jpg 400w, https:\/\/monster-airless.com\/wp-content\/uploads\/2024\/12\/838747PRO-24-DSC_0486-2-240x300.jpg 240w, https:\/\/monster-airless.com\/wp-content\/uploads\/2024\/12\/838747PRO-24-DSC_0486-2-10x12.jpg 10w\" sizes=\"(max-width: 400px) 100vw, 400px\" \/>\t\t\t\t\t\t\t\t<\/a>\n\t\t\t\t\t\t\t\t\t\t\t\t\t\t\t<\/div>\n\t\t\t\t<\/div>\n\t\t\t\t<div class=\"elementor-element elementor-element-891a322 elementor-widget elementor-widget-image\" data-id=\"891a322\" data-element_type=\"widget\" data-e-type=\"widget\" data-widget_type=\"image.default\">\n\t\t\t\t<div class=\"elementor-widget-container\">\n\t\t\t\t\t\t\t\t\t\t\t\t\t\t\t\t<a href=\"https:\/\/monster-airless.com\/fr\/monster-goldspray-g-8-7-hd\/\">\n\t\t\t\t\t\t\t<img decoding=\"async\" width=\"800\" height=\"510\" src=\"https:\/\/monster-airless.com\/wp-content\/uploads\/2024\/12\/G-8.7-1024x653.png\" class=\"attachment-large size-large wp-image-4035\" alt=\"MONSTER GoldSpray G 8.7\" srcset=\"https:\/\/monster-airless.com\/wp-content\/uploads\/2024\/12\/G-8.7-1024x653.png 1024w, https:\/\/monster-airless.com\/wp-content\/uploads\/2024\/12\/G-8.7-300x191.png 300w, https:\/\/monster-airless.com\/wp-content\/uploads\/2024\/12\/G-8.7-768x489.png 768w, https:\/\/monster-airless.com\/wp-content\/uploads\/2024\/12\/G-8.7-1536x979.png 1536w, https:\/\/monster-airless.com\/wp-content\/uploads\/2024\/12\/G-8.7-2048x1305.png 2048w, https:\/\/monster-airless.com\/wp-content\/uploads\/2024\/12\/G-8.7-18x12.png 18w\" sizes=\"(max-width: 800px) 100vw, 800px\" \/>\t\t\t\t\t\t\t\t<\/a>\n\t\t\t\t\t\t\t\t\t\t\t\t\t\t\t<\/div>\n\t\t\t\t<\/div>\n\t\t\t\t\t<\/div>\n\t\t<\/div>\n\t\t\t\t<div class=\"elementor-column elementor-col-33 elementor-inner-column elementor-element elementor-element-dca4c4e elementor-invisible\" data-id=\"dca4c4e\" data-element_type=\"column\" data-e-type=\"column\" data-settings=\"{&quot;background_background&quot;:&quot;classic&quot;,&quot;animation&quot;:&quot;fadeIn&quot;}\">\n\t\t\t<div class=\"elementor-widget-wrap elementor-element-populated\">\n\t\t\t\t\t\t<div class=\"elementor-element elementor-element-aad077e elementor-widget elementor-widget-heading\" data-id=\"aad077e\" data-element_type=\"widget\" data-e-type=\"widget\" data-widget_type=\"heading.default\">\n\t\t\t\t<div class=\"elementor-widget-container\">\n\t\t\t\t\t<h2 class=\"elementor-heading-title elementor-size-default\"><a href=\"https:\/\/monster-airless.com\/fr\/monster-luckyspray-8-3\/\">LuckySpray 8.3 HD<\/a><\/h2>\t\t\t\t<\/div>\n\t\t\t\t<\/div>\n\t\t\t\t<div class=\"elementor-element elementor-element-b9f10e5 elementor-widget elementor-widget-heading\" data-id=\"b9f10e5\" data-element_type=\"widget\" data-e-type=\"widget\" data-widget_type=\"heading.default\">\n\t\t\t\t<div class=\"elementor-widget-container\">\n\t\t\t\t\t<h2 class=\"elementor-heading-title elementor-size-default\"><a href=\"https:\/\/monster-airless.com\/fr\/monster-luckyspray-8-3\/\">Notre appareil polyvalent<\/a><\/h2>\t\t\t\t<\/div>\n\t\t\t\t<\/div>\n\t\t\t\t<div class=\"elementor-element elementor-element-7144c1f elementor-widget elementor-widget-image\" data-id=\"7144c1f\" data-element_type=\"widget\" data-e-type=\"widget\" data-widget_type=\"image.default\">\n\t\t\t\t<div class=\"elementor-widget-container\">\n\t\t\t\t\t\t\t\t\t\t\t\t\t\t\t\t<a href=\"https:\/\/monster-airless.com\/fr\/monster-luckyspray-8-3\/\">\n\t\t\t\t\t\t\t<img loading=\"lazy\" decoding=\"async\" width=\"400\" height=\"500\" src=\"https:\/\/monster-airless.com\/wp-content\/uploads\/2025\/01\/848345PRO-A-DSC_0531.webp\" class=\"attachment-large size-large wp-image-4585\" alt=\"MONSTER LuckySpray 8.3\" srcset=\"https:\/\/monster-airless.com\/wp-content\/uploads\/2025\/01\/848345PRO-A-DSC_0531.webp 400w, https:\/\/monster-airless.com\/wp-content\/uploads\/2025\/01\/848345PRO-A-DSC_0531-240x300.webp 240w, https:\/\/monster-airless.com\/wp-content\/uploads\/2025\/01\/848345PRO-A-DSC_0531-10x12.webp 10w\" sizes=\"(max-width: 400px) 100vw, 400px\" \/>\t\t\t\t\t\t\t\t<\/a>\n\t\t\t\t\t\t\t\t\t\t\t\t\t\t\t<\/div>\n\t\t\t\t<\/div>\n\t\t\t\t<div class=\"elementor-element elementor-element-a90c95f elementor-widget elementor-widget-image\" data-id=\"a90c95f\" data-element_type=\"widget\" data-e-type=\"widget\" data-widget_type=\"image.default\">\n\t\t\t\t<div class=\"elementor-widget-container\">\n\t\t\t\t\t\t\t\t\t\t\t\t\t\t\t\t<a href=\"https:\/\/monster-airless.com\/fr\/monster-luckyspray-8-3\/\">\n\t\t\t\t\t\t\t<img loading=\"lazy\" decoding=\"async\" width=\"800\" height=\"510\" src=\"https:\/\/monster-airless.com\/wp-content\/uploads\/2023\/11\/8.3.webp\" class=\"attachment-large size-large wp-image-1548\" alt=\"\" srcset=\"https:\/\/monster-airless.com\/wp-content\/uploads\/2023\/11\/8.3.webp 816w, https:\/\/monster-airless.com\/wp-content\/uploads\/2023\/11\/8.3-300x191.webp 300w, https:\/\/monster-airless.com\/wp-content\/uploads\/2023\/11\/8.3-768x489.webp 768w\" sizes=\"(max-width: 800px) 100vw, 800px\" \/>\t\t\t\t\t\t\t\t<\/a>\n\t\t\t\t\t\t\t\t\t\t\t\t\t\t\t<\/div>\n\t\t\t\t<\/div>\n\t\t\t\t\t<\/div>\n\t\t<\/div>\n\t\t\t\t<div class=\"elementor-column elementor-col-33 elementor-inner-column elementor-element elementor-element-e1395bf elementor-invisible\" data-id=\"e1395bf\" data-element_type=\"column\" data-e-type=\"column\" data-settings=\"{&quot;background_background&quot;:&quot;classic&quot;,&quot;animation&quot;:&quot;fadeIn&quot;}\">\n\t\t\t<div class=\"elementor-widget-wrap elementor-element-populated\">\n\t\t\t\t\t\t<div class=\"elementor-element elementor-element-73e6a27 elementor-widget elementor-widget-heading\" data-id=\"73e6a27\" data-element_type=\"widget\" data-e-type=\"widget\" data-widget_type=\"heading.default\">\n\t\t\t\t<div class=\"elementor-widget-container\">\n\t\t\t\t\t<h2 class=\"elementor-heading-title elementor-size-default\"><a href=\"https:\/\/monster-airless.com\/fr\/monster-happyspray-7-5\/\">HappySpray 7.5<\/a><\/h2>\t\t\t\t<\/div>\n\t\t\t\t<\/div>\n\t\t\t\t<div class=\"elementor-element elementor-element-7a1a5f7 elementor-widget elementor-widget-heading\" data-id=\"7a1a5f7\" data-element_type=\"widget\" data-e-type=\"widget\" data-widget_type=\"heading.default\">\n\t\t\t\t<div class=\"elementor-widget-container\">\n\t\t\t\t\t<h2 class=\"elementor-heading-title elementor-size-default\"><a href=\"https:\/\/monster-airless.com\/fr\/monster-happyspray-7-5\/\">L'appareil hydraulique polyvalent indestructible - sans \u00e9lectronique<\/a><\/h2>\t\t\t\t<\/div>\n\t\t\t\t<\/div>\n\t\t\t\t<div class=\"elementor-element elementor-element-df91aac elementor-widget elementor-widget-image\" data-id=\"df91aac\" data-element_type=\"widget\" data-e-type=\"widget\" data-widget_type=\"image.default\">\n\t\t\t\t<div class=\"elementor-widget-container\">\n\t\t\t\t\t\t\t\t\t\t\t\t\t\t\t\t<a href=\"https:\/\/monster-airless.com\/fr\/monster-happyspray-7-5\/\">\n\t\t\t\t\t\t\t<img loading=\"lazy\" decoding=\"async\" width=\"400\" height=\"500\" src=\"https:\/\/monster-airless.com\/wp-content\/uploads\/2024\/04\/817541STD-A-HappySpray-7.5-Gross.webp\" class=\"attachment-large size-large wp-image-1522\" alt=\"MONSTER HappySpray 7.5 Standard-Version\" srcset=\"https:\/\/monster-airless.com\/wp-content\/uploads\/2024\/04\/817541STD-A-HappySpray-7.5-Gross.webp 400w, https:\/\/monster-airless.com\/wp-content\/uploads\/2024\/04\/817541STD-A-HappySpray-7.5-Gross-240x300.webp 240w\" sizes=\"(max-width: 400px) 100vw, 400px\" \/>\t\t\t\t\t\t\t\t<\/a>\n\t\t\t\t\t\t\t\t\t\t\t\t\t\t\t<\/div>\n\t\t\t\t<\/div>\n\t\t\t\t<div class=\"elementor-element elementor-element-a6c3a32 elementor-widget elementor-widget-image\" data-id=\"a6c3a32\" data-element_type=\"widget\" data-e-type=\"widget\" data-widget_type=\"image.default\">\n\t\t\t\t<div class=\"elementor-widget-container\">\n\t\t\t\t\t\t\t\t\t\t\t\t\t\t\t\t<a href=\"https:\/\/monster-airless.com\/fr\/monster-happyspray-7-5\/\">\n\t\t\t\t\t\t\t<img loading=\"lazy\" decoding=\"async\" width=\"800\" height=\"510\" src=\"https:\/\/monster-airless.com\/wp-content\/uploads\/2024\/03\/7.5.webp\" class=\"attachment-large size-large wp-image-1536\" alt=\"\" srcset=\"https:\/\/monster-airless.com\/wp-content\/uploads\/2024\/03\/7.5.webp 816w, https:\/\/monster-airless.com\/wp-content\/uploads\/2024\/03\/7.5-300x191.webp 300w, https:\/\/monster-airless.com\/wp-content\/uploads\/2024\/03\/7.5-768x489.webp 768w\" sizes=\"(max-width: 800px) 100vw, 800px\" \/>\t\t\t\t\t\t\t\t<\/a>\n\t\t\t\t\t\t\t\t\t\t\t\t\t\t\t<\/div>\n\t\t\t\t<\/div>\n\t\t\t\t\t<\/div>\n\t\t<\/div>\n\t\t\t\t\t<\/div>\n\t\t<\/section>\n\t\t\t\t<section class=\"elementor-section elementor-inner-section elementor-element elementor-element-efbf5af elementor-section-boxed elementor-section-height-default elementor-section-height-default\" data-id=\"efbf5af\" data-element_type=\"section\" data-e-type=\"section\">\n\t\t\t\t\t\t<div class=\"elementor-container elementor-column-gap-default\">\n\t\t\t\t\t<div class=\"elementor-column elementor-col-33 elementor-inner-column elementor-element elementor-element-904b50c elementor-invisible\" data-id=\"904b50c\" data-element_type=\"column\" data-e-type=\"column\" data-settings=\"{&quot;background_background&quot;:&quot;classic&quot;,&quot;animation&quot;:&quot;fadeIn&quot;}\">\n\t\t\t<div class=\"elementor-widget-wrap elementor-element-populated\">\n\t\t\t\t\t\t<div class=\"elementor-element elementor-element-13b88bb elementor-widget elementor-widget-heading\" data-id=\"13b88bb\" data-element_type=\"widget\" data-e-type=\"widget\" data-widget_type=\"heading.default\">\n\t\t\t\t<div class=\"elementor-widget-container\">\n\t\t\t\t\t<h2 class=\"elementor-heading-title elementor-size-default\"><a href=\"https:\/\/monster-airless.com\/fr\/monster-luckyspray-7-3\/\">LuckySpray 7.3 HD<\/a><\/h2>\t\t\t\t<\/div>\n\t\t\t\t<\/div>\n\t\t\t\t<div class=\"elementor-element elementor-element-1fd86b3 elementor-widget elementor-widget-heading\" data-id=\"1fd86b3\" data-element_type=\"widget\" data-e-type=\"widget\" data-widget_type=\"heading.default\">\n\t\t\t\t<div class=\"elementor-widget-container\">\n\t\t\t\t\t<h2 class=\"elementor-heading-title elementor-size-default\"><a href=\"https:\/\/monster-airless.com\/fr\/monster-luckyspray-7-3\/\">Le m\u00e9ga-monstre<\/a><\/h2>\t\t\t\t<\/div>\n\t\t\t\t<\/div>\n\t\t\t\t<div class=\"elementor-element elementor-element-0772ec1 elementor-widget elementor-widget-image\" data-id=\"0772ec1\" data-element_type=\"widget\" data-e-type=\"widget\" data-widget_type=\"image.default\">\n\t\t\t\t<div class=\"elementor-widget-container\">\n\t\t\t\t\t\t\t\t\t\t\t\t\t\t\t\t<a href=\"https:\/\/monster-airless.com\/fr\/monster-luckyspray-7-3\/\">\n\t\t\t\t\t\t\t<img loading=\"lazy\" decoding=\"async\" width=\"400\" height=\"500\" src=\"https:\/\/monster-airless.com\/wp-content\/uploads\/2023\/11\/847343PRO-A-DSC_0552.webp\" class=\"attachment-large size-large wp-image-4467\" alt=\"MONSTER LuckySpray 7.3\" srcset=\"https:\/\/monster-airless.com\/wp-content\/uploads\/2023\/11\/847343PRO-A-DSC_0552.webp 400w, https:\/\/monster-airless.com\/wp-content\/uploads\/2023\/11\/847343PRO-A-DSC_0552-240x300.webp 240w, https:\/\/monster-airless.com\/wp-content\/uploads\/2023\/11\/847343PRO-A-DSC_0552-10x12.webp 10w\" sizes=\"(max-width: 400px) 100vw, 400px\" \/>\t\t\t\t\t\t\t\t<\/a>\n\t\t\t\t\t\t\t\t\t\t\t\t\t\t\t<\/div>\n\t\t\t\t<\/div>\n\t\t\t\t<div class=\"elementor-element elementor-element-b0dc735 elementor-widget elementor-widget-image\" data-id=\"b0dc735\" data-element_type=\"widget\" data-e-type=\"widget\" data-widget_type=\"image.default\">\n\t\t\t\t<div class=\"elementor-widget-container\">\n\t\t\t\t\t\t\t\t\t\t\t\t\t\t\t\t<a href=\"https:\/\/monster-airless.com\/fr\/monster-luckyspray-7-3\/\">\n\t\t\t\t\t\t\t<img loading=\"lazy\" decoding=\"async\" width=\"800\" height=\"510\" src=\"https:\/\/monster-airless.com\/wp-content\/uploads\/2023\/11\/7.3-2.png\" class=\"attachment-large size-large wp-image-5107\" alt=\"\" srcset=\"https:\/\/monster-airless.com\/wp-content\/uploads\/2023\/11\/7.3-2.png 817w, https:\/\/monster-airless.com\/wp-content\/uploads\/2023\/11\/7.3-2-300x191.png 300w, https:\/\/monster-airless.com\/wp-content\/uploads\/2023\/11\/7.3-2-768x490.png 768w, https:\/\/monster-airless.com\/wp-content\/uploads\/2023\/11\/7.3-2-18x12.png 18w\" sizes=\"(max-width: 800px) 100vw, 800px\" \/>\t\t\t\t\t\t\t\t<\/a>\n\t\t\t\t\t\t\t\t\t\t\t\t\t\t\t<\/div>\n\t\t\t\t<\/div>\n\t\t\t\t\t<\/div>\n\t\t<\/div>\n\t\t\t\t<div class=\"elementor-column elementor-col-33 elementor-inner-column elementor-element elementor-element-2bef803 elementor-invisible\" data-id=\"2bef803\" data-element_type=\"column\" data-e-type=\"column\" data-settings=\"{&quot;background_background&quot;:&quot;classic&quot;,&quot;animation&quot;:&quot;fadeIn&quot;}\">\n\t\t\t<div class=\"elementor-widget-wrap\">\n\t\t\t\t\t\t\t<\/div>\n\t\t<\/div>\n\t\t\t\t<div class=\"elementor-column elementor-col-33 elementor-inner-column elementor-element elementor-element-07131fa elementor-invisible\" data-id=\"07131fa\" data-element_type=\"column\" data-e-type=\"column\" data-settings=\"{&quot;background_background&quot;:&quot;classic&quot;,&quot;animation&quot;:&quot;fadeIn&quot;}\">\n\t\t\t<div class=\"elementor-widget-wrap\">\n\t\t\t\t\t\t\t<\/div>\n\t\t<\/div>\n\t\t\t\t\t<\/div>\n\t\t<\/section>\n\t\t\t\t\t<\/div>\n\t\t<\/div>\n\t\t\t\t\t<\/div>\n\t\t<\/section>\n\t\t\t\t<\/div>","protected":false},"excerpt":{"rendered":"<p>Unsere Airless-Ger\u00e4te f\u00fcr extrem gro\u00dfe Objekte Maximale Power und herausragende Robustheit Mit leistungsstarken Airless-Ger\u00e4te k\u00f6nnen Sie Schlauchl\u00e4ngen von bis zu 120 m (Farbe) bzw. 30 m (Spritzspachtel) verwenden. Das sorgt f\u00fcr maximalen Arbeitsradius und perfekte Baustellenabwicklung. Weiterer Vorteil: Bei Ger\u00e4ten ab 7,0 l\/min. F\u00f6rderleistung m\u00fcssen Sie den Spritzspachtel weder aufr\u00fchren noch verd\u00fcnnen. GoldSpray G 8.7 [&hellip;]<\/p>\n","protected":false},"author":1,"featured_media":0,"parent":0,"menu_order":0,"comment_status":"closed","ping_status":"closed","template":"","meta":{"footnotes":""},"class_list":["post-1024","page","type-page","status-publish","hentry"],"_links":{"self":[{"href":"https:\/\/monster-airless.com\/fr\/wp-json\/wp\/v2\/pages\/1024","targetHints":{"allow":["GET"]}}],"collection":[{"href":"https:\/\/monster-airless.com\/fr\/wp-json\/wp\/v2\/pages"}],"about":[{"href":"https:\/\/monster-airless.com\/fr\/wp-json\/wp\/v2\/types\/page"}],"author":[{"embeddable":true,"href":"https:\/\/monster-airless.com\/fr\/wp-json\/wp\/v2\/users\/1"}],"replies":[{"embeddable":true,"href":"https:\/\/monster-airless.com\/fr\/wp-json\/wp\/v2\/comments?post=1024"}],"version-history":[{"count":51,"href":"https:\/\/monster-airless.com\/fr\/wp-json\/wp\/v2\/pages\/1024\/revisions"}],"predecessor-version":[{"id":5119,"href":"https:\/\/monster-airless.com\/fr\/wp-json\/wp\/v2\/pages\/1024\/revisions\/5119"}],"wp:attachment":[{"href":"https:\/\/monster-airless.com\/fr\/wp-json\/wp\/v2\/media?parent=1024"}],"curies":[{"name":"wp","href":"https:\/\/api.w.org\/{rel}","templated":true}]}}