{"id":977,"date":"2023-08-08T13:15:25","date_gmt":"2023-08-08T13:15:25","guid":{"rendered":"https:\/\/stoic-wilbur.212-227-210-88.plesk.page\/?page_id=977"},"modified":"2025-09-05T16:23:29","modified_gmt":"2025-09-05T16:23:29","slug":"tiefgrund","status":"publish","type":"page","link":"https:\/\/monster-airless.com\/en\/tiefgrund\/","title":{"rendered":"MONSTER Airless - For deep primer"},"content":{"rendered":"<div data-elementor-type=\"wp-page\" data-elementor-id=\"977\" class=\"elementor elementor-977\" data-elementor-post-type=\"page\">\n\t\t\t\t\t\t<section class=\"elementor-section elementor-top-section elementor-element elementor-element-45af3155 elementor-section-boxed elementor-section-height-default elementor-section-height-default\" data-id=\"45af3155\" data-element_type=\"section\" data-e-type=\"section\" id=\"next\" data-settings=\"{&quot;background_background&quot;:&quot;classic&quot;}\">\n\t\t\t\t\t\t\t<div class=\"elementor-background-overlay\"><\/div>\n\t\t\t\t\t\t\t<div class=\"elementor-container elementor-column-gap-no\">\n\t\t\t\t\t<div class=\"elementor-column elementor-col-100 elementor-top-column elementor-element elementor-element-180fb0b5\" data-id=\"180fb0b5\" data-element_type=\"column\" data-e-type=\"column\">\n\t\t\t<div class=\"elementor-widget-wrap elementor-element-populated\">\n\t\t\t\t\t\t\t<\/div>\n\t\t<\/div>\n\t\t\t\t\t<\/div>\n\t\t<\/section>\n\t\t\t\t<section class=\"elementor-section elementor-top-section elementor-element elementor-element-518cadc2 elementor-section-content-middle elementor-section-boxed elementor-section-height-default elementor-section-height-default\" data-id=\"518cadc2\" data-element_type=\"section\" data-e-type=\"section\" data-settings=\"{&quot;background_background&quot;:&quot;classic&quot;}\">\n\t\t\t\t\t\t<div class=\"elementor-container elementor-column-gap-no\">\n\t\t\t\t\t<div class=\"elementor-column elementor-col-100 elementor-top-column elementor-element elementor-element-3ac4cc3a\" data-id=\"3ac4cc3a\" data-element_type=\"column\" data-e-type=\"column\" data-settings=\"{&quot;background_background&quot;:&quot;classic&quot;}\">\n\t\t\t<div class=\"elementor-widget-wrap elementor-element-populated\">\n\t\t\t\t\t\t<div class=\"elementor-element elementor-element-c006b8c elementor-widget elementor-widget-image\" data-id=\"c006b8c\" data-element_type=\"widget\" data-e-type=\"widget\" data-widget_type=\"image.default\">\n\t\t\t\t<div class=\"elementor-widget-container\">\n\t\t\t\t\t\t\t\t\t\t\t\t\t\t\t<img fetchpriority=\"high\" decoding=\"async\" width=\"1500\" height=\"1000\" src=\"https:\/\/monster-airless.com\/wp-content\/uploads\/2022\/11\/SA708943.webp\" class=\"attachment-full size-full wp-image-360\" alt=\"\" srcset=\"https:\/\/monster-airless.com\/wp-content\/uploads\/2022\/11\/SA708943.webp 1500w, https:\/\/monster-airless.com\/wp-content\/uploads\/2022\/11\/SA708943-300x200.webp 300w, https:\/\/monster-airless.com\/wp-content\/uploads\/2022\/11\/SA708943-1024x683.webp 1024w, https:\/\/monster-airless.com\/wp-content\/uploads\/2022\/11\/SA708943-768x512.webp 768w\" sizes=\"(max-width: 1500px) 100vw, 1500px\" \/>\t\t\t\t\t\t\t\t\t\t\t\t\t\t\t<\/div>\n\t\t\t\t<\/div>\n\t\t\t\t<div class=\"elementor-element elementor-element-90c70f9 elementor-widget elementor-widget-heading\" data-id=\"90c70f9\" data-element_type=\"widget\" data-e-type=\"widget\" data-widget_type=\"heading.default\">\n\t\t\t\t<div class=\"elementor-widget-container\">\n\t\t\t\t\t<h2 class=\"elementor-heading-title elementor-size-default\">Our airless devices for the perfect application of deep penetrating primer<\/h2>\t\t\t\t<\/div>\n\t\t\t\t<\/div>\n\t\t\t\t<div class=\"elementor-element elementor-element-a6b50c7 elementor-widget elementor-widget-heading\" data-id=\"a6b50c7\" data-element_type=\"widget\" data-e-type=\"widget\" data-widget_type=\"heading.default\">\n\t\t\t\t<div class=\"elementor-widget-container\">\n\t\t\t\t\t<h2 class=\"elementor-heading-title elementor-size-default\">Maximum power and outstanding robustness<\/h2>\t\t\t\t<\/div>\n\t\t\t\t<\/div>\n\t\t\t\t<div class=\"elementor-element elementor-element-cfe29a0 elementor-widget elementor-widget-text-editor\" data-id=\"cfe29a0\" data-element_type=\"widget\" data-e-type=\"widget\" data-widget_type=\"text-editor.default\">\n\t\t\t\t<div class=\"elementor-widget-container\">\n\t\t\t\t\t\t\t\t\t<p>Small and compact airless devices from 1.3 to approx. 2.4 l\/min are perfect for processing deep penetrating primer. delivery rate.<\/p>\t\t\t\t\t\t\t\t<\/div>\n\t\t\t\t<\/div>\n\t\t\t\t<section class=\"elementor-section elementor-inner-section elementor-element elementor-element-5abece7 elementor-section-boxed elementor-section-height-default elementor-section-height-default\" data-id=\"5abece7\" data-element_type=\"section\" data-e-type=\"section\">\n\t\t\t\t\t\t<div class=\"elementor-container elementor-column-gap-default\">\n\t\t\t\t\t<div class=\"elementor-column elementor-col-33 elementor-inner-column elementor-element elementor-element-b2cee4a elementor-invisible\" data-id=\"b2cee4a\" data-element_type=\"column\" data-e-type=\"column\" data-settings=\"{&quot;background_background&quot;:&quot;classic&quot;,&quot;animation&quot;:&quot;fadeIn&quot;}\">\n\t\t\t<div class=\"elementor-widget-wrap elementor-element-populated\">\n\t\t\t\t\t\t<div class=\"elementor-element elementor-element-95daa09 elementor-widget elementor-widget-heading\" data-id=\"95daa09\" data-element_type=\"widget\" data-e-type=\"widget\" data-widget_type=\"heading.default\">\n\t\t\t\t<div class=\"elementor-widget-container\">\n\t\t\t\t\t<h2 class=\"elementor-heading-title elementor-size-default\"><a href=\"https:\/\/monster-airless.com\/en\/monster-luckyspray-2-7\/\">LuckySpray 2.7<\/a><\/h2>\t\t\t\t<\/div>\n\t\t\t\t<\/div>\n\t\t\t\t<div class=\"elementor-element elementor-element-f38eea6 elementor-widget elementor-widget-heading\" data-id=\"f38eea6\" data-element_type=\"widget\" data-e-type=\"widget\" data-widget_type=\"heading.default\">\n\t\t\t\t<div class=\"elementor-widget-container\">\n\t\t\t\t\t<h2 class=\"elementor-heading-title elementor-size-default\"><a href=\"https:\/\/monster-airless.com\/en\/monster-luckyspray-2-7\/\">The powerful MONSTER.<\/a><\/h2>\t\t\t\t<\/div>\n\t\t\t\t<\/div>\n\t\t\t\t<div class=\"elementor-element elementor-element-e6835fd elementor-widget elementor-widget-image\" data-id=\"e6835fd\" data-element_type=\"widget\" data-e-type=\"widget\" data-widget_type=\"image.default\">\n\t\t\t\t<div class=\"elementor-widget-container\">\n\t\t\t\t\t\t\t\t\t\t\t\t\t\t\t\t<a href=\"https:\/\/monster-airless.com\/en\/monster-luckyspray-2-7\/\">\n\t\t\t\t\t\t\t<img decoding=\"async\" width=\"400\" height=\"500\" src=\"https:\/\/monster-airless.com\/wp-content\/uploads\/2025\/08\/842727HOP-A-NEW-MONSTER-LuckySpray-2.7-SA700014_B.png\" class=\"attachment-large size-large wp-image-4996\" alt=\"MONSTER LuckySpray 2.7 mit Oberbeh\u00e4lter\" srcset=\"https:\/\/monster-airless.com\/wp-content\/uploads\/2025\/08\/842727HOP-A-NEW-MONSTER-LuckySpray-2.7-SA700014_B.png 400w, https:\/\/monster-airless.com\/wp-content\/uploads\/2025\/08\/842727HOP-A-NEW-MONSTER-LuckySpray-2.7-SA700014_B-240x300.png 240w, https:\/\/monster-airless.com\/wp-content\/uploads\/2025\/08\/842727HOP-A-NEW-MONSTER-LuckySpray-2.7-SA700014_B-10x12.png 10w\" sizes=\"(max-width: 400px) 100vw, 400px\" \/>\t\t\t\t\t\t\t\t<\/a>\n\t\t\t\t\t\t\t\t\t\t\t\t\t\t\t<\/div>\n\t\t\t\t<\/div>\n\t\t\t\t<div class=\"elementor-element elementor-element-891a322 elementor-widget elementor-widget-image\" data-id=\"891a322\" data-element_type=\"widget\" data-e-type=\"widget\" data-widget_type=\"image.default\">\n\t\t\t\t<div class=\"elementor-widget-container\">\n\t\t\t\t\t\t\t\t\t\t\t\t\t\t\t\t<a href=\"https:\/\/monster-airless.com\/en\/monster-luckyspray-2-7\/\">\n\t\t\t\t\t\t\t<img decoding=\"async\" width=\"800\" height=\"510\" src=\"https:\/\/monster-airless.com\/wp-content\/uploads\/2024\/03\/2.7.webp\" class=\"attachment-large size-large wp-image-1542\" alt=\"\" srcset=\"https:\/\/monster-airless.com\/wp-content\/uploads\/2024\/03\/2.7.webp 816w, https:\/\/monster-airless.com\/wp-content\/uploads\/2024\/03\/2.7-300x191.webp 300w, https:\/\/monster-airless.com\/wp-content\/uploads\/2024\/03\/2.7-768x489.webp 768w\" sizes=\"(max-width: 800px) 100vw, 800px\" \/>\t\t\t\t\t\t\t\t<\/a>\n\t\t\t\t\t\t\t\t\t\t\t\t\t\t\t<\/div>\n\t\t\t\t<\/div>\n\t\t\t\t\t<\/div>\n\t\t<\/div>\n\t\t\t\t<div class=\"elementor-column elementor-col-33 elementor-inner-column elementor-element elementor-element-cb1923d elementor-invisible\" data-id=\"cb1923d\" data-element_type=\"column\" data-e-type=\"column\" data-settings=\"{&quot;background_background&quot;:&quot;classic&quot;,&quot;animation&quot;:&quot;fadeIn&quot;}\">\n\t\t\t<div class=\"elementor-widget-wrap elementor-element-populated\">\n\t\t\t\t\t\t<div class=\"elementor-element elementor-element-9bf616d elementor-widget elementor-widget-heading\" data-id=\"9bf616d\" data-element_type=\"widget\" data-e-type=\"widget\" data-widget_type=\"heading.default\">\n\t\t\t\t<div class=\"elementor-widget-container\">\n\t\t\t\t\t<h2 class=\"elementor-heading-title elementor-size-default\"><a href=\"https:\/\/monster-airless.com\/en\/monster-goldspray-g-2-6\/\">GoldSpray G 2.6 +<\/a><\/h2>\t\t\t\t<\/div>\n\t\t\t\t<\/div>\n\t\t\t\t<div class=\"elementor-element elementor-element-dd35d64 elementor-widget elementor-widget-heading\" data-id=\"dd35d64\" data-element_type=\"widget\" data-e-type=\"widget\" data-widget_type=\"heading.default\">\n\t\t\t\t<div class=\"elementor-widget-container\">\n\t\t\t\t\t<h2 class=\"elementor-heading-title elementor-size-default\"><a href=\"https:\/\/monster-airless.com\/en\/monster-goldspray-g-2-6\/\">The compact airless.<\/a><\/h2>\t\t\t\t<\/div>\n\t\t\t\t<\/div>\n\t\t\t\t<div class=\"elementor-element elementor-element-d7b81b9 elementor-widget elementor-widget-image\" data-id=\"d7b81b9\" data-element_type=\"widget\" data-e-type=\"widget\" data-widget_type=\"image.default\">\n\t\t\t\t<div class=\"elementor-widget-container\">\n\t\t\t\t\t\t\t\t\t\t\t\t\t\t\t\t<a href=\"https:\/\/monster-airless.com\/en\/monster-goldspray-g-2-6\/\">\n\t\t\t\t\t\t\t<img loading=\"lazy\" decoding=\"async\" width=\"400\" height=\"500\" src=\"https:\/\/monster-airless.com\/wp-content\/uploads\/2024\/12\/832625HOP-24-A-DSC_0556.jpg\" class=\"attachment-large size-large wp-image-4070\" alt=\"MONSTER GoldSpray G 2.6\" srcset=\"https:\/\/monster-airless.com\/wp-content\/uploads\/2024\/12\/832625HOP-24-A-DSC_0556.jpg 400w, https:\/\/monster-airless.com\/wp-content\/uploads\/2024\/12\/832625HOP-24-A-DSC_0556-240x300.jpg 240w, https:\/\/monster-airless.com\/wp-content\/uploads\/2024\/12\/832625HOP-24-A-DSC_0556-10x12.jpg 10w\" sizes=\"(max-width: 400px) 100vw, 400px\" \/>\t\t\t\t\t\t\t\t<\/a>\n\t\t\t\t\t\t\t\t\t\t\t\t\t\t\t<\/div>\n\t\t\t\t<\/div>\n\t\t\t\t<div class=\"elementor-element elementor-element-5b8b048 elementor-widget elementor-widget-image\" data-id=\"5b8b048\" data-element_type=\"widget\" data-e-type=\"widget\" data-widget_type=\"image.default\">\n\t\t\t\t<div class=\"elementor-widget-container\">\n\t\t\t\t\t\t\t\t\t\t\t\t\t\t\t\t<a href=\"https:\/\/monster-airless.com\/en\/monster-goldspray-g-2-6\/\">\n\t\t\t\t\t\t\t<img loading=\"lazy\" decoding=\"async\" width=\"800\" height=\"510\" src=\"https:\/\/monster-airless.com\/wp-content\/uploads\/2024\/12\/G-2.6-1024x653.png\" class=\"attachment-large size-large wp-image-4068\" alt=\"MONSTER GoldSpray 2.6\" srcset=\"https:\/\/monster-airless.com\/wp-content\/uploads\/2024\/12\/G-2.6-1024x653.png 1024w, https:\/\/monster-airless.com\/wp-content\/uploads\/2024\/12\/G-2.6-300x191.png 300w, https:\/\/monster-airless.com\/wp-content\/uploads\/2024\/12\/G-2.6-768x489.png 768w, https:\/\/monster-airless.com\/wp-content\/uploads\/2024\/12\/G-2.6-1536x979.png 1536w, https:\/\/monster-airless.com\/wp-content\/uploads\/2024\/12\/G-2.6-2048x1305.png 2048w, https:\/\/monster-airless.com\/wp-content\/uploads\/2024\/12\/G-2.6-18x12.png 18w\" sizes=\"(max-width: 800px) 100vw, 800px\" \/>\t\t\t\t\t\t\t\t<\/a>\n\t\t\t\t\t\t\t\t\t\t\t\t\t\t\t<\/div>\n\t\t\t\t<\/div>\n\t\t\t\t\t<\/div>\n\t\t<\/div>\n\t\t\t\t<div class=\"elementor-column elementor-col-33 elementor-inner-column elementor-element elementor-element-dca4c4e elementor-invisible\" data-id=\"dca4c4e\" data-element_type=\"column\" data-e-type=\"column\" data-settings=\"{&quot;background_background&quot;:&quot;classic&quot;,&quot;animation&quot;:&quot;fadeIn&quot;}\">\n\t\t\t<div class=\"elementor-widget-wrap elementor-element-populated\">\n\t\t\t\t\t\t<div class=\"elementor-element elementor-element-aad077e elementor-widget elementor-widget-heading\" data-id=\"aad077e\" data-element_type=\"widget\" data-e-type=\"widget\" data-widget_type=\"heading.default\">\n\t\t\t\t<div class=\"elementor-widget-container\">\n\t\t\t\t\t<h2 class=\"elementor-heading-title elementor-size-default\"><a href=\"https:\/\/monster-airless.com\/en\/monster-happyspray-2-6F\/\">HappySpray 2.6<\/a><\/h2>\t\t\t\t<\/div>\n\t\t\t\t<\/div>\n\t\t\t\t<div class=\"elementor-element elementor-element-b9f10e5 elementor-widget elementor-widget-heading\" data-id=\"b9f10e5\" data-element_type=\"widget\" data-e-type=\"widget\" data-widget_type=\"heading.default\">\n\t\t\t\t<div class=\"elementor-widget-container\">\n\t\t\t\t\t<h2 class=\"elementor-heading-title elementor-size-default\"><a href=\"https:\/\/monster-airless.com\/en\/monster-happyspray-2-6F\/\">The compact hydraulic airless mobile<\/a><\/h2>\t\t\t\t<\/div>\n\t\t\t\t<\/div>\n\t\t\t\t<div class=\"elementor-element elementor-element-7144c1f elementor-widget elementor-widget-image\" data-id=\"7144c1f\" data-element_type=\"widget\" data-e-type=\"widget\" data-widget_type=\"image.default\">\n\t\t\t\t<div class=\"elementor-widget-container\">\n\t\t\t\t\t\t\t\t\t\t\t\t\t\t\t\t<a href=\"https:\/\/monster-airless.com\/en\/monster-happyspray-2-6F\/\">\n\t\t\t\t\t\t\t<img loading=\"lazy\" decoding=\"async\" width=\"400\" height=\"500\" src=\"https:\/\/monster-airless.com\/wp-content\/uploads\/2024\/04\/812623HOPF-A-MONSTER-HappySpray-2.6-SA705774.png\" class=\"attachment-large size-large wp-image-3128\" alt=\"MONSTER HappySpray 2.6 mit Oberbeh\u00e4lter und Fahrwagen\" srcset=\"https:\/\/monster-airless.com\/wp-content\/uploads\/2024\/04\/812623HOPF-A-MONSTER-HappySpray-2.6-SA705774.png 400w, https:\/\/monster-airless.com\/wp-content\/uploads\/2024\/04\/812623HOPF-A-MONSTER-HappySpray-2.6-SA705774-240x300.png 240w\" sizes=\"(max-width: 400px) 100vw, 400px\" \/>\t\t\t\t\t\t\t\t<\/a>\n\t\t\t\t\t\t\t\t\t\t\t\t\t\t\t<\/div>\n\t\t\t\t<\/div>\n\t\t\t\t<div class=\"elementor-element elementor-element-a90c95f elementor-widget elementor-widget-image\" data-id=\"a90c95f\" data-element_type=\"widget\" data-e-type=\"widget\" data-widget_type=\"image.default\">\n\t\t\t\t<div class=\"elementor-widget-container\">\n\t\t\t\t\t\t\t\t\t\t\t\t\t\t\t\t<a href=\"https:\/\/monster-airless.com\/en\/monster-happyspray-2-6F\/\">\n\t\t\t\t\t\t\t<img loading=\"lazy\" decoding=\"async\" width=\"800\" height=\"510\" src=\"https:\/\/monster-airless.com\/wp-content\/uploads\/2024\/04\/2.6F-1024x653.png\" class=\"attachment-large size-large wp-image-4989\" alt=\"\" srcset=\"https:\/\/monster-airless.com\/wp-content\/uploads\/2024\/04\/2.6F-1024x653.png 1024w, https:\/\/monster-airless.com\/wp-content\/uploads\/2024\/04\/2.6F-300x191.png 300w, https:\/\/monster-airless.com\/wp-content\/uploads\/2024\/04\/2.6F-768x489.png 768w, https:\/\/monster-airless.com\/wp-content\/uploads\/2024\/04\/2.6F-1536x979.png 1536w, https:\/\/monster-airless.com\/wp-content\/uploads\/2024\/04\/2.6F-2048x1305.png 2048w, https:\/\/monster-airless.com\/wp-content\/uploads\/2024\/04\/2.6F-18x12.png 18w\" sizes=\"(max-width: 800px) 100vw, 800px\" \/>\t\t\t\t\t\t\t\t<\/a>\n\t\t\t\t\t\t\t\t\t\t\t\t\t\t\t<\/div>\n\t\t\t\t<\/div>\n\t\t\t\t\t<\/div>\n\t\t<\/div>\n\t\t\t\t\t<\/div>\n\t\t<\/section>\n\t\t\t\t<section class=\"elementor-section elementor-inner-section elementor-element elementor-element-392829b elementor-section-boxed elementor-section-height-default elementor-section-height-default\" data-id=\"392829b\" data-element_type=\"section\" data-e-type=\"section\">\n\t\t\t\t\t\t<div class=\"elementor-container elementor-column-gap-default\">\n\t\t\t\t\t<div class=\"elementor-column elementor-col-33 elementor-inner-column elementor-element elementor-element-72ef924 elementor-invisible\" data-id=\"72ef924\" data-element_type=\"column\" data-e-type=\"column\" data-settings=\"{&quot;background_background&quot;:&quot;classic&quot;,&quot;animation&quot;:&quot;fadeIn&quot;}\">\n\t\t\t<div class=\"elementor-widget-wrap elementor-element-populated\">\n\t\t\t\t\t\t<div class=\"elementor-element elementor-element-6a8ced8 elementor-widget elementor-widget-heading\" data-id=\"6a8ced8\" data-element_type=\"widget\" data-e-type=\"widget\" data-widget_type=\"heading.default\">\n\t\t\t\t<div class=\"elementor-widget-container\">\n\t\t\t\t\t<h2 class=\"elementor-heading-title elementor-size-default\"><a href=\"https:\/\/monster-airless.com\/en\/monster-luckyspray-2-0\/\">LuckySpray 2.0<\/a><\/h2>\t\t\t\t<\/div>\n\t\t\t\t<\/div>\n\t\t\t\t<div class=\"elementor-element elementor-element-e3990f4 elementor-widget elementor-widget-heading\" data-id=\"e3990f4\" data-element_type=\"widget\" data-e-type=\"widget\" data-widget_type=\"heading.default\">\n\t\t\t\t<div class=\"elementor-widget-container\">\n\t\t\t\t\t<h2 class=\"elementor-heading-title elementor-size-default\"><a href=\"https:\/\/monster-airless.com\/en\/monster-luckyspray-2-0\/\">The entry-level airless device.<\/a><\/h2>\t\t\t\t<\/div>\n\t\t\t\t<\/div>\n\t\t\t\t<div class=\"elementor-element elementor-element-38806fe elementor-widget elementor-widget-image\" data-id=\"38806fe\" data-element_type=\"widget\" data-e-type=\"widget\" data-widget_type=\"image.default\">\n\t\t\t\t<div class=\"elementor-widget-container\">\n\t\t\t\t\t\t\t\t\t\t\t\t\t\t\t\t<a href=\"https:\/\/monster-airless.com\/en\/monster-luckyspray-2-0\/\">\n\t\t\t\t\t\t\t<img loading=\"lazy\" decoding=\"async\" width=\"400\" height=\"500\" src=\"https:\/\/monster-airless.com\/wp-content\/uploads\/2025\/08\/842021HOP-A-NEW-MG_06784-4000px.jpg\" class=\"attachment-large size-large wp-image-4997\" alt=\"MONSTER LuckySpray 2.0 mit Oberbeh\u00e4lter\" srcset=\"https:\/\/monster-airless.com\/wp-content\/uploads\/2025\/08\/842021HOP-A-NEW-MG_06784-4000px.jpg 400w, https:\/\/monster-airless.com\/wp-content\/uploads\/2025\/08\/842021HOP-A-NEW-MG_06784-4000px-240x300.jpg 240w, https:\/\/monster-airless.com\/wp-content\/uploads\/2025\/08\/842021HOP-A-NEW-MG_06784-4000px-10x12.jpg 10w\" sizes=\"(max-width: 400px) 100vw, 400px\" \/>\t\t\t\t\t\t\t\t<\/a>\n\t\t\t\t\t\t\t\t\t\t\t\t\t\t\t<\/div>\n\t\t\t\t<\/div>\n\t\t\t\t<div class=\"elementor-element elementor-element-7cc5e3b elementor-widget elementor-widget-image\" data-id=\"7cc5e3b\" data-element_type=\"widget\" data-e-type=\"widget\" data-widget_type=\"image.default\">\n\t\t\t\t<div class=\"elementor-widget-container\">\n\t\t\t\t\t\t\t\t\t\t\t\t\t\t\t\t<a href=\"https:\/\/monster-airless.com\/en\/monster-luckyspray-2-0\/\">\n\t\t\t\t\t\t\t<img loading=\"lazy\" decoding=\"async\" width=\"800\" height=\"510\" src=\"https:\/\/monster-airless.com\/wp-content\/uploads\/2025\/08\/2.0-1024x653.png\" class=\"attachment-large size-large wp-image-5034\" alt=\"\" srcset=\"https:\/\/monster-airless.com\/wp-content\/uploads\/2025\/08\/2.0-1024x653.png 1024w, https:\/\/monster-airless.com\/wp-content\/uploads\/2025\/08\/2.0-300x191.png 300w, https:\/\/monster-airless.com\/wp-content\/uploads\/2025\/08\/2.0-768x489.png 768w, https:\/\/monster-airless.com\/wp-content\/uploads\/2025\/08\/2.0-1536x979.png 1536w, https:\/\/monster-airless.com\/wp-content\/uploads\/2025\/08\/2.0-2048x1305.png 2048w, https:\/\/monster-airless.com\/wp-content\/uploads\/2025\/08\/2.0-18x12.png 18w\" sizes=\"(max-width: 800px) 100vw, 800px\" \/>\t\t\t\t\t\t\t\t<\/a>\n\t\t\t\t\t\t\t\t\t\t\t\t\t\t\t<\/div>\n\t\t\t\t<\/div>\n\t\t\t\t\t<\/div>\n\t\t<\/div>\n\t\t\t\t<div class=\"elementor-column elementor-col-33 elementor-inner-column elementor-element elementor-element-904b50c elementor-invisible\" data-id=\"904b50c\" data-element_type=\"column\" data-e-type=\"column\" data-settings=\"{&quot;background_background&quot;:&quot;classic&quot;,&quot;animation&quot;:&quot;fadeIn&quot;}\">\n\t\t\t<div class=\"elementor-widget-wrap elementor-element-populated\">\n\t\t\t\t\t\t<div class=\"elementor-element elementor-element-13b88bb elementor-widget elementor-widget-heading\" data-id=\"13b88bb\" data-element_type=\"widget\" data-e-type=\"widget\" data-widget_type=\"heading.default\">\n\t\t\t\t<div class=\"elementor-widget-container\">\n\t\t\t\t\t<h2 class=\"elementor-heading-title elementor-size-default\"><a href=\"https:\/\/monster-airless.com\/en\/monster-luckyspray-2-0-battery-2-in-1\/\">LuckySpray 2.0 battery<\/a><\/h2>\t\t\t\t<\/div>\n\t\t\t\t<\/div>\n\t\t\t\t<div class=\"elementor-element elementor-element-1fd86b3 elementor-widget elementor-widget-heading\" data-id=\"1fd86b3\" data-element_type=\"widget\" data-e-type=\"widget\" data-widget_type=\"heading.default\">\n\t\t\t\t<div class=\"elementor-widget-container\">\n\t\t\t\t\t<h2 class=\"elementor-heading-title elementor-size-default\"><a href=\"https:\/\/monster-airless.com\/en\/monster-luckyspray-2-0-battery-2-in-1\/\">The entry-level battery-powered airless device.<\/a><\/h2>\t\t\t\t<\/div>\n\t\t\t\t<\/div>\n\t\t\t\t<div class=\"elementor-element elementor-element-0772ec1 elementor-widget elementor-widget-image\" data-id=\"0772ec1\" data-element_type=\"widget\" data-e-type=\"widget\" data-widget_type=\"image.default\">\n\t\t\t\t<div class=\"elementor-widget-container\">\n\t\t\t\t\t\t\t\t\t\t\t\t\t\t\t\t<a href=\"https:\/\/monster-airless.com\/en\/monster-luckyspray-2-0-battery-2-in-1\/\">\n\t\t\t\t\t\t\t<img loading=\"lazy\" decoding=\"async\" width=\"400\" height=\"500\" src=\"https:\/\/monster-airless.com\/wp-content\/uploads\/2025\/08\/892021HOP-MG_06829-4000px.jpg\" class=\"attachment-large size-large wp-image-4999\" alt=\"MONSTER LuckySpray 2.0 Akku mit Oberbeh\u00e4lter\" srcset=\"https:\/\/monster-airless.com\/wp-content\/uploads\/2025\/08\/892021HOP-MG_06829-4000px.jpg 400w, https:\/\/monster-airless.com\/wp-content\/uploads\/2025\/08\/892021HOP-MG_06829-4000px-240x300.jpg 240w, https:\/\/monster-airless.com\/wp-content\/uploads\/2025\/08\/892021HOP-MG_06829-4000px-10x12.jpg 10w\" sizes=\"(max-width: 400px) 100vw, 400px\" \/>\t\t\t\t\t\t\t\t<\/a>\n\t\t\t\t\t\t\t\t\t\t\t\t\t\t\t<\/div>\n\t\t\t\t<\/div>\n\t\t\t\t<div class=\"elementor-element elementor-element-b0dc735 elementor-widget elementor-widget-image\" data-id=\"b0dc735\" data-element_type=\"widget\" data-e-type=\"widget\" data-widget_type=\"image.default\">\n\t\t\t\t<div class=\"elementor-widget-container\">\n\t\t\t\t\t\t\t\t\t\t\t\t\t\t\t\t<a href=\"https:\/\/monster-airless.com\/en\/monster-luckyspray-2-0-battery-2-in-1\/\">\n\t\t\t\t\t\t\t<img loading=\"lazy\" decoding=\"async\" width=\"800\" height=\"510\" src=\"https:\/\/monster-airless.com\/wp-content\/uploads\/2025\/08\/2.0-1024x653.png\" class=\"attachment-large size-large wp-image-5034\" alt=\"\" srcset=\"https:\/\/monster-airless.com\/wp-content\/uploads\/2025\/08\/2.0-1024x653.png 1024w, https:\/\/monster-airless.com\/wp-content\/uploads\/2025\/08\/2.0-300x191.png 300w, https:\/\/monster-airless.com\/wp-content\/uploads\/2025\/08\/2.0-768x489.png 768w, https:\/\/monster-airless.com\/wp-content\/uploads\/2025\/08\/2.0-1536x979.png 1536w, https:\/\/monster-airless.com\/wp-content\/uploads\/2025\/08\/2.0-2048x1305.png 2048w, https:\/\/monster-airless.com\/wp-content\/uploads\/2025\/08\/2.0-18x12.png 18w\" sizes=\"(max-width: 800px) 100vw, 800px\" \/>\t\t\t\t\t\t\t\t<\/a>\n\t\t\t\t\t\t\t\t\t\t\t\t\t\t\t<\/div>\n\t\t\t\t<\/div>\n\t\t\t\t\t<\/div>\n\t\t<\/div>\n\t\t\t\t<div class=\"elementor-column elementor-col-33 elementor-inner-column elementor-element elementor-element-ec43485 elementor-invisible\" data-id=\"ec43485\" data-element_type=\"column\" data-e-type=\"column\" data-settings=\"{&quot;background_background&quot;:&quot;classic&quot;,&quot;animation&quot;:&quot;fadeIn&quot;}\">\n\t\t\t<div class=\"elementor-widget-wrap\">\n\t\t\t\t\t\t\t<\/div>\n\t\t<\/div>\n\t\t\t\t\t<\/div>\n\t\t<\/section>\n\t\t\t\t\t<\/div>\n\t\t<\/div>\n\t\t\t\t\t<\/div>\n\t\t<\/section>\n\t\t\t\t<\/div>","protected":false},"excerpt":{"rendered":"<p>Unsere Airless-Ger\u00e4te f\u00fcr die perfekte Verarbeitung von Tiefgrund Maximale Power und herausragende Robustheit Perfekt f\u00fcr die Verarbeitung von Tiefgrund eignen sich kleine und kompakte Airlessger\u00e4te ab 1,3 bis ca. 2,4 l\/min. F\u00f6rderleistung. LuckySpray 2.7 Das leistungsstarke MONSTER. GoldSpray G 2.6 + Das kompakte Airless. HappySpray 2.6 Das Kompakt-Hydraulik-Airless fahrbar LuckySpray 2.0 Das Einsteiger-Airlessger\u00e4t. LuckySpray 2.0 [&hellip;]<\/p>\n","protected":false},"author":1,"featured_media":0,"parent":0,"menu_order":0,"comment_status":"closed","ping_status":"closed","template":"","meta":{"footnotes":""},"class_list":["post-977","page","type-page","status-publish","hentry"],"_links":{"self":[{"href":"https:\/\/monster-airless.com\/en\/wp-json\/wp\/v2\/pages\/977","targetHints":{"allow":["GET"]}}],"collection":[{"href":"https:\/\/monster-airless.com\/en\/wp-json\/wp\/v2\/pages"}],"about":[{"href":"https:\/\/monster-airless.com\/en\/wp-json\/wp\/v2\/types\/page"}],"author":[{"embeddable":true,"href":"https:\/\/monster-airless.com\/en\/wp-json\/wp\/v2\/users\/1"}],"replies":[{"embeddable":true,"href":"https:\/\/monster-airless.com\/en\/wp-json\/wp\/v2\/comments?post=977"}],"version-history":[{"count":43,"href":"https:\/\/monster-airless.com\/en\/wp-json\/wp\/v2\/pages\/977\/revisions"}],"predecessor-version":[{"id":5069,"href":"https:\/\/monster-airless.com\/en\/wp-json\/wp\/v2\/pages\/977\/revisions\/5069"}],"wp:attachment":[{"href":"https:\/\/monster-airless.com\/en\/wp-json\/wp\/v2\/media?parent=977"}],"curies":[{"name":"wp","href":"https:\/\/api.w.org\/{rel}","templated":true}]}}