{"id":870,"date":"2023-08-08T10:46:50","date_gmt":"2023-08-08T10:46:50","guid":{"rendered":"https:\/\/stoic-wilbur.212-227-210-88.plesk.page\/?page_id=870"},"modified":"2026-03-21T15:51:02","modified_gmt":"2026-03-21T15:51:02","slug":"unser-katalog","status":"publish","type":"page","link":"https:\/\/monster-airless.com\/en\/unser-katalog\/","title":{"rendered":"MONSTER - Our catalogue"},"content":{"rendered":"<div data-elementor-type=\"wp-page\" data-elementor-id=\"870\" class=\"elementor elementor-870\" data-elementor-post-type=\"page\">\n\t\t\t\t\t\t<section class=\"elementor-section elementor-top-section elementor-element elementor-element-45af3155 elementor-section-boxed elementor-section-height-default elementor-section-height-default\" data-id=\"45af3155\" data-element_type=\"section\" data-e-type=\"section\" id=\"next\" data-settings=\"{&quot;background_background&quot;:&quot;classic&quot;}\">\n\t\t\t\t\t\t\t<div class=\"elementor-background-overlay\"><\/div>\n\t\t\t\t\t\t\t<div class=\"elementor-container elementor-column-gap-no\">\n\t\t\t\t\t<div class=\"elementor-column elementor-col-100 elementor-top-column elementor-element elementor-element-180fb0b5\" data-id=\"180fb0b5\" data-element_type=\"column\" data-e-type=\"column\">\n\t\t\t<div class=\"elementor-widget-wrap elementor-element-populated\">\n\t\t\t\t\t\t<div class=\"elementor-element elementor-element-56d221de elementor-widget elementor-widget-heading\" data-id=\"56d221de\" data-element_type=\"widget\" data-e-type=\"widget\" data-widget_type=\"heading.default\">\n\t\t\t\t<div class=\"elementor-widget-container\">\n\t\t\t\t\t<h3 class=\"elementor-heading-title elementor-size-default\">MONSTER - Our catalogue<\/h3>\t\t\t\t<\/div>\n\t\t\t\t<\/div>\n\t\t\t\t\t<\/div>\n\t\t<\/div>\n\t\t\t\t\t<\/div>\n\t\t<\/section>\n\t\t\t\t<section class=\"elementor-section elementor-top-section elementor-element elementor-element-a93f39a elementor-section-content-middle elementor-section-boxed elementor-section-height-default elementor-section-height-default\" data-id=\"a93f39a\" data-element_type=\"section\" data-e-type=\"section\" data-settings=\"{&quot;background_background&quot;:&quot;classic&quot;}\">\n\t\t\t\t\t\t<div class=\"elementor-container elementor-column-gap-no\">\n\t\t\t\t\t<div class=\"elementor-column elementor-col-100 elementor-top-column elementor-element elementor-element-9980ed0\" data-id=\"9980ed0\" data-element_type=\"column\" data-e-type=\"column\" data-settings=\"{&quot;background_background&quot;:&quot;classic&quot;}\">\n\t\t\t<div class=\"elementor-widget-wrap elementor-element-populated\">\n\t\t\t\t\t\t<div class=\"elementor-element elementor-element-c2c4a51 elementor-widget elementor-widget-heading\" data-id=\"c2c4a51\" data-element_type=\"widget\" data-e-type=\"widget\" data-widget_type=\"heading.default\">\n\t\t\t\t<div class=\"elementor-widget-container\">\n\t\t\t\t\t<h2 class=\"elementor-heading-title elementor-size-default\">Discover our MONSTER range<\/h2>\t\t\t\t<\/div>\n\t\t\t\t<\/div>\n\t\t\t\t<div class=\"elementor-element elementor-element-79de00d elementor-widget elementor-widget-heading\" data-id=\"79de00d\" data-element_type=\"widget\" data-e-type=\"widget\" data-widget_type=\"heading.default\">\n\t\t\t\t<div class=\"elementor-widget-container\">\n\t\t\t\t\t<h2 class=\"elementor-heading-title elementor-size-default\">Our airless devices make your everyday life easier<\/h2>\t\t\t\t<\/div>\n\t\t\t\t<\/div>\n\t\t\t\t<section class=\"elementor-section elementor-inner-section elementor-element elementor-element-5550bfd elementor-section-boxed elementor-section-height-default elementor-section-height-default\" data-id=\"5550bfd\" data-element_type=\"section\" data-e-type=\"section\">\n\t\t\t\t\t\t<div class=\"elementor-container elementor-column-gap-default\">\n\t\t\t\t\t<div class=\"elementor-column elementor-col-50 elementor-inner-column elementor-element elementor-element-13de89f\" data-id=\"13de89f\" data-element_type=\"column\" data-e-type=\"column\">\n\t\t\t<div class=\"elementor-widget-wrap elementor-element-populated\">\n\t\t\t\t\t\t<div class=\"elementor-element elementor-element-611f2d7 elementor-widget elementor-widget-image\" data-id=\"611f2d7\" data-element_type=\"widget\" data-e-type=\"widget\" data-widget_type=\"image.default\">\n\t\t\t\t<div class=\"elementor-widget-container\">\n\t\t\t\t\t\t\t\t\t\t\t\t\t\t\t\t<a href=\"https:\/\/monster-airless.com\/wp-content\/uploads\/2025\/2025_D_EN%20MONSTER%20Airless-Broschuere.pdf\">\n\t\t\t\t\t\t\t<img fetchpriority=\"high\" decoding=\"async\" width=\"216\" height=\"315\" src=\"https:\/\/monster-airless.com\/wp-content\/uploads\/2025\/02\/2025-Katalog-Titel-1.webp\" class=\"attachment-large size-large wp-image-4693\" alt=\"\" srcset=\"https:\/\/monster-airless.com\/wp-content\/uploads\/2025\/02\/2025-Katalog-Titel-1.webp 216w, https:\/\/monster-airless.com\/wp-content\/uploads\/2025\/02\/2025-Katalog-Titel-1-206x300.webp 206w, https:\/\/monster-airless.com\/wp-content\/uploads\/2025\/02\/2025-Katalog-Titel-1-8x12.webp 8w\" sizes=\"(max-width: 216px) 100vw, 216px\" \/>\t\t\t\t\t\t\t\t<\/a>\n\t\t\t\t\t\t\t\t\t\t\t\t\t\t\t<\/div>\n\t\t\t\t<\/div>\n\t\t\t\t<div class=\"elementor-element elementor-element-95762f1 elementor-align-center elementor-widget elementor-widget-button\" data-id=\"95762f1\" data-element_type=\"widget\" data-e-type=\"widget\" data-widget_type=\"button.default\">\n\t\t\t\t<div class=\"elementor-widget-container\">\n\t\t\t\t\t\t\t\t\t<div class=\"elementor-button-wrapper\">\n\t\t\t\t\t<a class=\"elementor-button elementor-button-link elementor-size-sm\" href=\"https:\/\/monster-airless.com\/wp-content\/uploads\/2025\/2025_D_EN%20MONSTER%20Airless-Broschuere.pdf\">\n\t\t\t\t\t\t<span class=\"elementor-button-content-wrapper\">\n\t\t\t\t\t\t\t\t\t<span class=\"elementor-button-text\">Complete catalogue<\/span>\n\t\t\t\t\t<\/span>\n\t\t\t\t\t<\/a>\n\t\t\t\t<\/div>\n\t\t\t\t\t\t\t\t<\/div>\n\t\t\t\t<\/div>\n\t\t\t\t<div class=\"elementor-element elementor-element-f08855d elementor-widget elementor-widget-image\" data-id=\"f08855d\" data-element_type=\"widget\" data-e-type=\"widget\" data-widget_type=\"image.default\">\n\t\t\t\t<div class=\"elementor-widget-container\">\n\t\t\t\t\t\t\t\t\t\t\t\t\t\t\t\t<a href=\"https:\/\/monster-airless.com\/wp-content\/uploads\/2025\/2025_EN_D_Duesenuebersichten%20tip%20overview%20MONSTER.pdf\">\n\t\t\t\t\t\t\t<img decoding=\"async\" width=\"223\" height=\"315\" src=\"https:\/\/monster-airless.com\/wp-content\/uploads\/2025\/08\/2025-Titelblatt-verfuegbare-Duesengroessen.jpg\" class=\"attachment-large size-large wp-image-4977\" alt=\"\" srcset=\"https:\/\/monster-airless.com\/wp-content\/uploads\/2025\/08\/2025-Titelblatt-verfuegbare-Duesengroessen.jpg 223w, https:\/\/monster-airless.com\/wp-content\/uploads\/2025\/08\/2025-Titelblatt-verfuegbare-Duesengroessen-212x300.jpg 212w, https:\/\/monster-airless.com\/wp-content\/uploads\/2025\/08\/2025-Titelblatt-verfuegbare-Duesengroessen-8x12.jpg 8w\" sizes=\"(max-width: 223px) 100vw, 223px\" \/>\t\t\t\t\t\t\t\t<\/a>\n\t\t\t\t\t\t\t\t\t\t\t\t\t\t\t<\/div>\n\t\t\t\t<\/div>\n\t\t\t\t<div class=\"elementor-element elementor-element-b7113e7 elementor-align-center elementor-widget elementor-widget-button\" data-id=\"b7113e7\" data-element_type=\"widget\" data-e-type=\"widget\" data-widget_type=\"button.default\">\n\t\t\t\t<div class=\"elementor-widget-container\">\n\t\t\t\t\t\t\t\t\t<div class=\"elementor-button-wrapper\">\n\t\t\t\t\t<a class=\"elementor-button elementor-button-link elementor-size-sm\" href=\"https:\/\/monster-airless.com\/wp-content\/uploads\/2025\/2025_EN_D_Duesenuebersichten%20tip%20overview%20MONSTER.pdf\">\n\t\t\t\t\t\t<span class=\"elementor-button-content-wrapper\">\n\t\t\t\t\t\t\t\t\t<span class=\"elementor-button-text\">Available nozzles<\/span>\n\t\t\t\t\t<\/span>\n\t\t\t\t\t<\/a>\n\t\t\t\t<\/div>\n\t\t\t\t\t\t\t\t<\/div>\n\t\t\t\t<\/div>\n\t\t\t\t<div class=\"elementor-element elementor-element-76c8c47 elementor-widget elementor-widget-image\" data-id=\"76c8c47\" data-element_type=\"widget\" data-e-type=\"widget\" data-widget_type=\"image.default\">\n\t\t\t\t<div class=\"elementor-widget-container\">\n\t\t\t\t\t\t\t\t\t\t\t\t\t\t\t\t<a href=\"https:\/\/monster-airless.com\/wp-content\/uploads\/2025\/Duesenuebersicht.pdf\">\n\t\t\t\t\t\t\t<img decoding=\"async\" width=\"216\" height=\"306\" src=\"https:\/\/monster-airless.com\/wp-content\/uploads\/2025\/08\/2025-Titelblatt-Anwendungsuebersicht.jpg\" class=\"attachment-large size-large wp-image-4981\" alt=\"\" srcset=\"https:\/\/monster-airless.com\/wp-content\/uploads\/2025\/08\/2025-Titelblatt-Anwendungsuebersicht.jpg 216w, https:\/\/monster-airless.com\/wp-content\/uploads\/2025\/08\/2025-Titelblatt-Anwendungsuebersicht-212x300.jpg 212w, https:\/\/monster-airless.com\/wp-content\/uploads\/2025\/08\/2025-Titelblatt-Anwendungsuebersicht-8x12.jpg 8w\" sizes=\"(max-width: 216px) 100vw, 216px\" \/>\t\t\t\t\t\t\t\t<\/a>\n\t\t\t\t\t\t\t\t\t\t\t\t\t\t\t<\/div>\n\t\t\t\t<\/div>\n\t\t\t\t<div class=\"elementor-element elementor-element-096bdb7 elementor-align-center elementor-widget elementor-widget-button\" data-id=\"096bdb7\" data-element_type=\"widget\" data-e-type=\"widget\" data-widget_type=\"button.default\">\n\t\t\t\t<div class=\"elementor-widget-container\">\n\t\t\t\t\t\t\t\t\t<div class=\"elementor-button-wrapper\">\n\t\t\t\t\t<a class=\"elementor-button elementor-button-link elementor-size-sm\" href=\"https:\/\/monster-airless.com\/wp-content\/uploads\/2025\/Duesenuebersicht.pdf\">\n\t\t\t\t\t\t<span class=\"elementor-button-content-wrapper\">\n\t\t\t\t\t\t\t\t\t<span class=\"elementor-button-text\">Application overview<\/span>\n\t\t\t\t\t<\/span>\n\t\t\t\t\t<\/a>\n\t\t\t\t<\/div>\n\t\t\t\t\t\t\t\t<\/div>\n\t\t\t\t<\/div>\n\t\t\t\t\t<\/div>\n\t\t<\/div>\n\t\t\t\t<div class=\"elementor-column elementor-col-50 elementor-inner-column elementor-element elementor-element-1304c08\" data-id=\"1304c08\" data-element_type=\"column\" data-e-type=\"column\">\n\t\t\t<div class=\"elementor-widget-wrap elementor-element-populated\">\n\t\t\t\t\t\t<div class=\"elementor-element elementor-element-0af39bb elementor-widget elementor-widget-image\" data-id=\"0af39bb\" data-element_type=\"widget\" data-e-type=\"widget\" data-widget_type=\"image.default\">\n\t\t\t\t<div class=\"elementor-widget-container\">\n\t\t\t\t\t\t\t\t\t\t\t\t\t\t\t\t<a href=\"https:\/\/monster-airless.com\/wp-content\/uploads\/2025\/2025_Service-Ersatzteilkosten_Maschinen-Klinik.pdf\">\n\t\t\t\t\t\t\t<img loading=\"lazy\" decoding=\"async\" width=\"216\" height=\"315\" src=\"https:\/\/monster-airless.com\/wp-content\/uploads\/2025\/02\/2025-Ersatzteilkostenvergleich-Titel.webp\" class=\"attachment-large size-large wp-image-4701\" alt=\"\" srcset=\"https:\/\/monster-airless.com\/wp-content\/uploads\/2025\/02\/2025-Ersatzteilkostenvergleich-Titel.webp 216w, https:\/\/monster-airless.com\/wp-content\/uploads\/2025\/02\/2025-Ersatzteilkostenvergleich-Titel-206x300.webp 206w, https:\/\/monster-airless.com\/wp-content\/uploads\/2025\/02\/2025-Ersatzteilkostenvergleich-Titel-8x12.webp 8w\" sizes=\"(max-width: 216px) 100vw, 216px\" \/>\t\t\t\t\t\t\t\t<\/a>\n\t\t\t\t\t\t\t\t\t\t\t\t\t\t\t<\/div>\n\t\t\t\t<\/div>\n\t\t\t\t<div class=\"elementor-element elementor-element-551cc4a elementor-align-center elementor-widget elementor-widget-button\" data-id=\"551cc4a\" data-element_type=\"widget\" data-e-type=\"widget\" data-widget_type=\"button.default\">\n\t\t\t\t<div class=\"elementor-widget-container\">\n\t\t\t\t\t\t\t\t\t<div class=\"elementor-button-wrapper\">\n\t\t\t\t\t<a class=\"elementor-button elementor-button-link elementor-size-sm\" href=\"https:\/\/monster-airless.com\/wp-content\/uploads\/2025\/2025_Service-Ersatzteilkosten_Maschinen-Klinik.pdf\">\n\t\t\t\t\t\t<span class=\"elementor-button-content-wrapper\">\n\t\t\t\t\t\t\t\t\t<span class=\"elementor-button-text\">Spare parts cost comparison<\/span>\n\t\t\t\t\t<\/span>\n\t\t\t\t\t<\/a>\n\t\t\t\t<\/div>\n\t\t\t\t\t\t\t\t<\/div>\n\t\t\t\t<\/div>\n\t\t\t\t<div class=\"elementor-element elementor-element-0c315fc elementor-widget elementor-widget-image\" data-id=\"0c315fc\" data-element_type=\"widget\" data-e-type=\"widget\" data-widget_type=\"image.default\">\n\t\t\t\t<div class=\"elementor-widget-container\">\n\t\t\t\t\t\t\t\t\t\t\t\t\t\t\t\t<a href=\"https:\/\/monster-airless.com\/wp-content\/uploads\/2025\/2025-04-Abwrackpraemie-SARL.pdf\">\n\t\t\t\t\t\t\t<img loading=\"lazy\" decoding=\"async\" width=\"216\" height=\"315\" src=\"https:\/\/monster-airless.com\/wp-content\/uploads\/2025\/06\/Abwrackpraemie-Titel.webp\" class=\"attachment-large size-large wp-image-4870\" alt=\"\" srcset=\"https:\/\/monster-airless.com\/wp-content\/uploads\/2025\/06\/Abwrackpraemie-Titel.webp 216w, https:\/\/monster-airless.com\/wp-content\/uploads\/2025\/06\/Abwrackpraemie-Titel-206x300.webp 206w, https:\/\/monster-airless.com\/wp-content\/uploads\/2025\/06\/Abwrackpraemie-Titel-8x12.webp 8w\" sizes=\"(max-width: 216px) 100vw, 216px\" \/>\t\t\t\t\t\t\t\t<\/a>\n\t\t\t\t\t\t\t\t\t\t\t\t\t\t\t<\/div>\n\t\t\t\t<\/div>\n\t\t\t\t<div class=\"elementor-element elementor-element-61e68c9 elementor-align-center elementor-widget elementor-widget-button\" data-id=\"61e68c9\" data-element_type=\"widget\" data-e-type=\"widget\" data-widget_type=\"button.default\">\n\t\t\t\t<div class=\"elementor-widget-container\">\n\t\t\t\t\t\t\t\t\t<div class=\"elementor-button-wrapper\">\n\t\t\t\t\t<a class=\"elementor-button elementor-button-link elementor-size-sm\" href=\"https:\/\/monster-airless.com\/wp-content\/uploads\/2025\/2025-04-Abwrackpraemie-SARL.pdf\">\n\t\t\t\t\t\t<span class=\"elementor-button-content-wrapper\">\n\t\t\t\t\t\t\t\t\t<span class=\"elementor-button-text\">Scrapping premium<\/span>\n\t\t\t\t\t<\/span>\n\t\t\t\t\t<\/a>\n\t\t\t\t<\/div>\n\t\t\t\t\t\t\t\t<\/div>\n\t\t\t\t<\/div>\n\t\t\t\t<div class=\"elementor-element elementor-element-502e1bd elementor-widget elementor-widget-image\" data-id=\"502e1bd\" data-element_type=\"widget\" data-e-type=\"widget\" data-widget_type=\"image.default\">\n\t\t\t\t<div class=\"elementor-widget-container\">\n\t\t\t\t\t\t\t\t\t\t\t\t\t\t\t\t<a href=\"https:\/\/monster-airless.com\/wp-content\/uploads\/2025\/3-Marken-Brosch\u00fcre.pdf\">\n\t\t\t\t\t\t\t<img loading=\"lazy\" decoding=\"async\" width=\"216\" height=\"306\" src=\"https:\/\/monster-airless.com\/wp-content\/uploads\/2025\/10\/3-Marken-Broschuere-Titel-senkrecht-1.jpg\" class=\"attachment-large size-large wp-image-5136\" alt=\"\" srcset=\"https:\/\/monster-airless.com\/wp-content\/uploads\/2025\/10\/3-Marken-Broschuere-Titel-senkrecht-1.jpg 216w, https:\/\/monster-airless.com\/wp-content\/uploads\/2025\/10\/3-Marken-Broschuere-Titel-senkrecht-1-212x300.jpg 212w, https:\/\/monster-airless.com\/wp-content\/uploads\/2025\/10\/3-Marken-Broschuere-Titel-senkrecht-1-8x12.jpg 8w\" sizes=\"(max-width: 216px) 100vw, 216px\" \/>\t\t\t\t\t\t\t\t<\/a>\n\t\t\t\t\t\t\t\t\t\t\t\t\t\t\t<\/div>\n\t\t\t\t<\/div>\n\t\t\t\t<div class=\"elementor-element elementor-element-090b0f0 elementor-align-center elementor-widget elementor-widget-button\" data-id=\"090b0f0\" data-element_type=\"widget\" data-e-type=\"widget\" data-widget_type=\"button.default\">\n\t\t\t\t<div class=\"elementor-widget-container\">\n\t\t\t\t\t\t\t\t\t<div class=\"elementor-button-wrapper\">\n\t\t\t\t\t<a class=\"elementor-button elementor-button-link elementor-size-sm\" href=\"https:\/\/monster-airless.com\/wp-content\/uploads\/2025\/3-Marken-Brosch\u00fcre.pdf\">\n\t\t\t\t\t\t<span class=\"elementor-button-content-wrapper\">\n\t\t\t\t\t\t\t\t\t<span class=\"elementor-button-text\">3 Brand comparison<\/span>\n\t\t\t\t\t<\/span>\n\t\t\t\t\t<\/a>\n\t\t\t\t<\/div>\n\t\t\t\t\t\t\t\t<\/div>\n\t\t\t\t<\/div>\n\t\t\t\t\t<\/div>\n\t\t<\/div>\n\t\t\t\t\t<\/div>\n\t\t<\/section>\n\t\t\t\t<div class=\"elementor-element elementor-element-1fb1737 elementor-widget elementor-widget-text-editor\" data-id=\"1fb1737\" data-element_type=\"widget\" data-e-type=\"widget\" data-widget_type=\"text-editor.default\">\n\t\t\t\t<div class=\"elementor-widget-container\">\n\t\t\t\t\t\t\t\t\t<h2>\u00a0<\/h2><h2>Safety data sheet KOLBEN\u00d6L Mesamoll<\/h2>\t\t\t\t\t\t\t\t<\/div>\n\t\t\t\t<\/div>\n\t\t\t\t<div class=\"elementor-element elementor-element-4dddea0 elementor-align-center elementor-widget__width-initial elementor-widget elementor-widget-button\" data-id=\"4dddea0\" data-element_type=\"widget\" data-e-type=\"widget\" data-widget_type=\"button.default\">\n\t\t\t\t<div class=\"elementor-widget-container\">\n\t\t\t\t\t\t\t\t\t<div class=\"elementor-button-wrapper\">\n\t\t\t\t\t<a class=\"elementor-button elementor-button-link elementor-size-sm\" href=\"https:\/\/monster-airless.com\/wp-content\/uploads\/SDS_Mesamoll-807480_ENG.pdf\">\n\t\t\t\t\t\t<span class=\"elementor-button-content-wrapper\">\n\t\t\t\t\t\t\t\t\t<span class=\"elementor-button-text\">Download PDF<\/span>\n\t\t\t\t\t<\/span>\n\t\t\t\t\t<\/a>\n\t\t\t\t<\/div>\n\t\t\t\t\t\t\t\t<\/div>\n\t\t\t\t<\/div>\n\t\t\t\t<div class=\"elementor-element elementor-element-bfa560a elementor-widget elementor-widget-text-editor\" data-id=\"bfa560a\" data-element_type=\"widget\" data-e-type=\"widget\" data-widget_type=\"text-editor.default\">\n\t\t\t\t<div class=\"elementor-widget-container\">\n\t\t\t\t\t\t\t\t\t<h2>\u00a0<\/h2><h2>Safety data sheet TIP-CLEAN<\/h2>\t\t\t\t\t\t\t\t<\/div>\n\t\t\t\t<\/div>\n\t\t\t\t<div class=\"elementor-element elementor-element-c09801b elementor-align-center elementor-widget__width-initial elementor-widget elementor-widget-button\" data-id=\"c09801b\" data-element_type=\"widget\" data-e-type=\"widget\" data-widget_type=\"button.default\">\n\t\t\t\t<div class=\"elementor-widget-container\">\n\t\t\t\t\t\t\t\t\t<div class=\"elementor-button-wrapper\">\n\t\t\t\t\t<a class=\"elementor-button elementor-button-link elementor-size-sm\" href=\"https:\/\/monster-airless.com\/wp-content\/uploads\/SDS_TIPCLEAN_GER.pdf\">\n\t\t\t\t\t\t<span class=\"elementor-button-content-wrapper\">\n\t\t\t\t\t\t\t\t\t<span class=\"elementor-button-text\">Download PDF<\/span>\n\t\t\t\t\t<\/span>\n\t\t\t\t\t<\/a>\n\t\t\t\t<\/div>\n\t\t\t\t\t\t\t\t<\/div>\n\t\t\t\t<\/div>\n\t\t\t\t<div class=\"elementor-element elementor-element-760d504 elementor-widget elementor-widget-text-editor\" data-id=\"760d504\" data-element_type=\"widget\" data-e-type=\"widget\" data-widget_type=\"text-editor.default\">\n\t\t\t\t<div class=\"elementor-widget-container\">\n\t\t\t\t\t\t\t\t\t<h2>\u00a0<\/h2><h2>PROTECT &amp; CARE safety data sheet<\/h2>\t\t\t\t\t\t\t\t<\/div>\n\t\t\t\t<\/div>\n\t\t\t\t<div class=\"elementor-element elementor-element-6fb629f elementor-align-center elementor-widget__width-initial elementor-widget elementor-widget-button\" data-id=\"6fb629f\" data-element_type=\"widget\" data-e-type=\"widget\" data-widget_type=\"button.default\">\n\t\t\t\t<div class=\"elementor-widget-container\">\n\t\t\t\t\t\t\t\t\t<div class=\"elementor-button-wrapper\">\n\t\t\t\t\t<a class=\"elementor-button elementor-button-link elementor-size-sm\" href=\"https:\/\/monster-airless.com\/wp-content\/uploads\/SDS_protect_and_care_konz..pdf\">\n\t\t\t\t\t\t<span class=\"elementor-button-content-wrapper\">\n\t\t\t\t\t\t\t\t\t<span class=\"elementor-button-text\">Download PDF<\/span>\n\t\t\t\t\t<\/span>\n\t\t\t\t\t<\/a>\n\t\t\t\t<\/div>\n\t\t\t\t\t\t\t\t<\/div>\n\t\t\t\t<\/div>\n\t\t\t\t\t<\/div>\n\t\t<\/div>\n\t\t\t\t\t<\/div>\n\t\t<\/section>\n\t\t\t\t<\/div>","protected":false},"excerpt":{"rendered":"<p>MONSTER &#8211; Unser Katalog Entdecken Sie unser MONSTER-Sortiment Unsere Airless-Ger\u00e4te machen Ihren Alltag leichter Gesamtkatalog Verf\u00fcgbare D\u00fcsen Anwendungs\u00fcbersicht Ersatzteilkosten-Vergleich Abwrackpr\u00e4mie 3 Marken-Vergleich \u00a0 Sicherheits-Datenblatt KOLBEN\u00d6L Mesamoll PDF herunterladen \u00a0 Sicherheits-Datenblatt TIP-CLEAN PDF herunterladen \u00a0 Sicherheits-Datenblatt PROTECT &amp; CARE PDF herunterladen<\/p>","protected":false},"author":1,"featured_media":0,"parent":0,"menu_order":0,"comment_status":"closed","ping_status":"closed","template":"","meta":{"footnotes":""},"class_list":["post-870","page","type-page","status-publish","hentry"],"_links":{"self":[{"href":"https:\/\/monster-airless.com\/en\/wp-json\/wp\/v2\/pages\/870","targetHints":{"allow":["GET"]}}],"collection":[{"href":"https:\/\/monster-airless.com\/en\/wp-json\/wp\/v2\/pages"}],"about":[{"href":"https:\/\/monster-airless.com\/en\/wp-json\/wp\/v2\/types\/page"}],"author":[{"embeddable":true,"href":"https:\/\/monster-airless.com\/en\/wp-json\/wp\/v2\/users\/1"}],"replies":[{"embeddable":true,"href":"https:\/\/monster-airless.com\/en\/wp-json\/wp\/v2\/comments?post=870"}],"version-history":[{"count":87,"href":"https:\/\/monster-airless.com\/en\/wp-json\/wp\/v2\/pages\/870\/revisions"}],"predecessor-version":[{"id":5236,"href":"https:\/\/monster-airless.com\/en\/wp-json\/wp\/v2\/pages\/870\/revisions\/5236"}],"wp:attachment":[{"href":"https:\/\/monster-airless.com\/en\/wp-json\/wp\/v2\/media?parent=870"}],"curies":[{"name":"wp","href":"https:\/\/api.w.org\/{rel}","templated":true}]}}