{"id":4964,"date":"2025-07-28T14:08:02","date_gmt":"2025-07-28T14:08:02","guid":{"rendered":"https:\/\/monster-airless.com\/?page_id=4964"},"modified":"2025-07-28T14:13:26","modified_gmt":"2025-07-28T14:13:26","slug":"barrierefreiheit","status":"publish","type":"page","link":"https:\/\/monster-airless.com\/en\/barrierefreiheit\/","title":{"rendered":"Accessibility"},"content":{"rendered":"<div data-elementor-type=\"wp-page\" data-elementor-id=\"4964\" class=\"elementor elementor-4964\" data-elementor-post-type=\"page\">\n\t\t\t\t\t\t<section class=\"elementor-section elementor-top-section elementor-element elementor-element-657e54f elementor-section-boxed elementor-section-height-default elementor-section-height-default\" data-id=\"657e54f\" data-element_type=\"section\" data-e-type=\"section\">\n\t\t\t\t\t\t<div class=\"elementor-container elementor-column-gap-default\">\n\t\t\t\t\t<div class=\"elementor-column elementor-col-100 elementor-top-column elementor-element elementor-element-0de9a4a\" data-id=\"0de9a4a\" data-element_type=\"column\" data-e-type=\"column\">\n\t\t\t<div class=\"elementor-widget-wrap elementor-element-populated\">\n\t\t\t\t\t\t<div class=\"elementor-element elementor-element-6f3f5da elementor-widget elementor-widget-text-editor\" data-id=\"6f3f5da\" data-element_type=\"widget\" data-e-type=\"widget\" data-widget_type=\"text-editor.default\">\n\t\t\t\t<div class=\"elementor-widget-container\">\n\t\t\t\t\t\t\t\t\t<h2><strong>Declaration on accessibility for services<\/strong><\/h2><p>As part of our accessibility statement, we would like to give you an overview of the status of the compatibility of the service(s) described below with the accessibility requirements according to legal regulations (in particular with the Accessibility Reinforcement Act - BFSG).<\/p><p>\u00a0<\/p><h2>Details of the service provider<\/h2><p>PaintMaster SARL<\/p><p>25bis, bld. Albert 1er<\/p><p>MC - 98000 Monaco<br \/><br \/><\/p><h2>General description of the service<\/h2><p>PaintMaster SARL is a specialised dealer for paint spraying equipment for the wholesale trade.<br \/><br \/>Provision of a complete catalogue as a PDF file (for download on the website)<br \/><br \/>These services are aimed in particular at the paint wholesale trade.<\/p><h2>Explanations on the implementation of the service<\/h2><p>The services offered by PaintMaster SARL take the form of telephone advice, e-mail correspondence and personal field service visits to customers.<br \/><br \/>Interested business customers can obtain information about the range by telephone or e-mail. Individual advice on the selection of suitable products is provided as required.<\/p><p>The service is provided entirely by our own staff.<\/p><h2>Status of compatibility with the requirements<\/h2><p>The above-mentioned service is partially compatible with the Accessibility Reinforcement Act (BFSG).<\/p><p>The contents listed below are not barrier-free for the following reasons:<\/p><ul><li>Videos: Some of our embedded videos do not currently have subtitles. We will endeavour to add subtitles to all videos in the future.<\/li><li>Podcasts: Some podcasts do not have transcriptions. We will endeavour to provide transcriptions of all podcasts in the future.<\/li><li>Images without alternative text: Some images on the website have no alternative text. We check and update this content on an ongoing basis.<\/li><li>The contrast ratio of background and foreground colours is not sufficient everywhere. We check and update the design of all content on an ongoing basis.<\/li><li>Some sections are not correctly introduced by hierarchically organised headings. We check and update the layout of all content on an ongoing basis.<\/li><\/ul><p>PaintMaster SARL's services are partially compliant with the requirements of the Accessibility Improvement Act (BFSG).<br \/><br \/>Advice is available on request by telephone, e-mail or at the customer's premises. The catalogue is available as a PDF file; it is not yet available in a fully accessible version. PDF documents are not always operable with a screen reader.<br \/>Keyboard operability is not guaranteed for all areas.<br \/><br \/>A systematic review process for the full implementation of legal requirements is currently being developed. We are continuously working on making our services as accessible as possible for people with disabilities. However, we have fewer than 10 employees, which is why the adjustments take time and are not mandatory.<\/p><h2>Preparation of the accessibility statement<\/h2><p>Date of preparation of the accessibility statement: 27\/06\/2025<br \/>Date of the last review of the above-mentioned services with regard to accessibility requirements: 28\/07\/2025<\/p><h2>Assessment of the status of accessibility<\/h2><p>The assessment of the level of accessibility is based on our self-assessment.<\/p>\t\t\t\t\t\t\t\t<\/div>\n\t\t\t\t<\/div>\n\t\t\t\t\t<\/div>\n\t\t<\/div>\n\t\t\t\t\t<\/div>\n\t\t<\/section>\n\t\t\t\t<\/div>","protected":false},"excerpt":{"rendered":"<p>Erkl\u00e4rung zur Barrierefreiheit f\u00fcr Dienstleistungen Im Rahmen unserer Barrierefreiheitserkl\u00e4rung m\u00f6chten wir Ihnen einen \u00dcberblick \u00fcber den Stand der Vereinbarkeit der unten beschriebenen Dienstleistung(en) mit den Anforderungen der Barrierefreiheit nach gesetzlichen Vorschriften (insbesondere mit dem Barrierefreiheitsst\u00e4rkungsgesetz \u2013 BFSG) geben. \u00a0 Angaben zum Dienstleistungserbringer PaintMaster SARL 25bis, bld. Albert 1er MC \u2013 98000 Monaco Allgemeine Beschreibung der [&hellip;]<\/p>\n","protected":false},"author":2,"featured_media":0,"parent":0,"menu_order":0,"comment_status":"closed","ping_status":"closed","template":"","meta":{"footnotes":""},"class_list":["post-4964","page","type-page","status-publish","hentry"],"_links":{"self":[{"href":"https:\/\/monster-airless.com\/en\/wp-json\/wp\/v2\/pages\/4964","targetHints":{"allow":["GET"]}}],"collection":[{"href":"https:\/\/monster-airless.com\/en\/wp-json\/wp\/v2\/pages"}],"about":[{"href":"https:\/\/monster-airless.com\/en\/wp-json\/wp\/v2\/types\/page"}],"author":[{"embeddable":true,"href":"https:\/\/monster-airless.com\/en\/wp-json\/wp\/v2\/users\/2"}],"replies":[{"embeddable":true,"href":"https:\/\/monster-airless.com\/en\/wp-json\/wp\/v2\/comments?post=4964"}],"version-history":[{"count":4,"href":"https:\/\/monster-airless.com\/en\/wp-json\/wp\/v2\/pages\/4964\/revisions"}],"predecessor-version":[{"id":4968,"href":"https:\/\/monster-airless.com\/en\/wp-json\/wp\/v2\/pages\/4964\/revisions\/4968"}],"wp:attachment":[{"href":"https:\/\/monster-airless.com\/en\/wp-json\/wp\/v2\/media?parent=4964"}],"curies":[{"name":"wp","href":"https:\/\/api.w.org\/{rel}","templated":true}]}}