{"id":4077,"date":"2024-12-07T14:52:46","date_gmt":"2024-12-07T14:52:46","guid":{"rendered":"https:\/\/monster-airless.com\/?page_id=4077"},"modified":"2025-09-05T16:03:09","modified_gmt":"2025-09-05T16:03:09","slug":"unsere-modellreihe-goldspray","status":"publish","type":"page","link":"https:\/\/monster-airless.com\/en\/unsere-modellreihe-goldspray\/","title":{"rendered":"Our model range - GoldSpray"},"content":{"rendered":"<div data-elementor-type=\"wp-page\" data-elementor-id=\"4077\" class=\"elementor elementor-4077\" data-elementor-post-type=\"page\">\n\t\t\t\t\t\t<section class=\"elementor-section elementor-top-section elementor-element elementor-element-45af3155 elementor-section-boxed elementor-section-height-default elementor-section-height-default\" data-id=\"45af3155\" data-element_type=\"section\" data-e-type=\"section\" id=\"next\" data-settings=\"{&quot;background_background&quot;:&quot;classic&quot;}\">\n\t\t\t\t\t\t\t<div class=\"elementor-background-overlay\"><\/div>\n\t\t\t\t\t\t\t<div class=\"elementor-container elementor-column-gap-no\">\n\t\t\t\t\t<div class=\"elementor-column elementor-col-100 elementor-top-column elementor-element elementor-element-180fb0b5\" data-id=\"180fb0b5\" data-element_type=\"column\" data-e-type=\"column\">\n\t\t\t<div class=\"elementor-widget-wrap elementor-element-populated\">\n\t\t\t\t\t\t\t<\/div>\n\t\t<\/div>\n\t\t\t\t\t<\/div>\n\t\t<\/section>\n\t\t\t\t<section class=\"elementor-section elementor-top-section elementor-element elementor-element-518cadc2 elementor-section-content-middle elementor-section-boxed elementor-section-height-default elementor-section-height-default\" data-id=\"518cadc2\" data-element_type=\"section\" data-e-type=\"section\" data-settings=\"{&quot;background_background&quot;:&quot;classic&quot;}\">\n\t\t\t\t\t\t<div class=\"elementor-container elementor-column-gap-no\">\n\t\t\t\t\t<div class=\"elementor-column elementor-col-100 elementor-top-column elementor-element elementor-element-3ac4cc3a\" data-id=\"3ac4cc3a\" data-element_type=\"column\" data-e-type=\"column\" data-settings=\"{&quot;background_background&quot;:&quot;classic&quot;}\">\n\t\t\t<div class=\"elementor-widget-wrap elementor-element-populated\">\n\t\t\t\t\t\t<div class=\"elementor-element elementor-element-c006b8c elementor-widget elementor-widget-image\" data-id=\"c006b8c\" data-element_type=\"widget\" data-e-type=\"widget\" data-widget_type=\"image.default\">\n\t\t\t\t<div class=\"elementor-widget-container\">\n\t\t\t\t\t\t\t\t\t\t\t\t\t\t\t<img fetchpriority=\"high\" decoding=\"async\" width=\"2560\" height=\"1707\" src=\"https:\/\/monster-airless.com\/wp-content\/uploads\/2024\/12\/GoldSpray-Range-DSC_0584-scaled.jpg\" class=\"attachment-full size-full wp-image-4030\" alt=\"GoldSpray-Range\" srcset=\"https:\/\/monster-airless.com\/wp-content\/uploads\/2024\/12\/GoldSpray-Range-DSC_0584-scaled.jpg 2560w, https:\/\/monster-airless.com\/wp-content\/uploads\/2024\/12\/GoldSpray-Range-DSC_0584-300x200.jpg 300w, https:\/\/monster-airless.com\/wp-content\/uploads\/2024\/12\/GoldSpray-Range-DSC_0584-1024x683.jpg 1024w, https:\/\/monster-airless.com\/wp-content\/uploads\/2024\/12\/GoldSpray-Range-DSC_0584-768x512.jpg 768w, https:\/\/monster-airless.com\/wp-content\/uploads\/2024\/12\/GoldSpray-Range-DSC_0584-1536x1024.jpg 1536w, https:\/\/monster-airless.com\/wp-content\/uploads\/2024\/12\/GoldSpray-Range-DSC_0584-2048x1365.jpg 2048w, https:\/\/monster-airless.com\/wp-content\/uploads\/2024\/12\/GoldSpray-Range-DSC_0584-18x12.jpg 18w\" sizes=\"(max-width: 2560px) 100vw, 2560px\" \/>\t\t\t\t\t\t\t\t\t\t\t\t\t\t\t<\/div>\n\t\t\t\t<\/div>\n\t\t\t\t<div class=\"elementor-element elementor-element-90c70f9 elementor-widget elementor-widget-heading\" data-id=\"90c70f9\" data-element_type=\"widget\" data-e-type=\"widget\" data-widget_type=\"heading.default\">\n\t\t\t\t<div class=\"elementor-widget-container\">\n\t\t\t\t\t<h2 class=\"elementor-heading-title elementor-size-default\">Our GoldSpray series<\/h2>\t\t\t\t<\/div>\n\t\t\t\t<\/div>\n\t\t\t\t<div class=\"elementor-element elementor-element-a6b50c7 elementor-widget elementor-widget-heading\" data-id=\"a6b50c7\" data-element_type=\"widget\" data-e-type=\"widget\" data-widget_type=\"heading.default\">\n\t\t\t\t<div class=\"elementor-widget-container\">\n\t\t\t\t\t<h2 class=\"elementor-heading-title elementor-size-default\">The gold standard for airless devices!<\/h2>\t\t\t\t<\/div>\n\t\t\t\t<\/div>\n\t\t\t\t<div class=\"elementor-element elementor-element-cfe29a0 elementor-widget elementor-widget-text-editor\" data-id=\"cfe29a0\" data-element_type=\"widget\" data-e-type=\"widget\" data-widget_type=\"text-editor.default\">\n\t\t\t\t<div class=\"elementor-widget-container\">\n\t\t\t\t\t\t\t\t\t<p>Gold standard equipment meets gold standard quality: because good is not good enough!<\/p>\t\t\t\t\t\t\t\t<\/div>\n\t\t\t\t<\/div>\n\t\t\t\t<section class=\"elementor-section elementor-inner-section elementor-element elementor-element-5abece7 elementor-section-boxed elementor-section-height-default elementor-section-height-default\" data-id=\"5abece7\" data-element_type=\"section\" data-e-type=\"section\">\n\t\t\t\t\t\t<div class=\"elementor-container elementor-column-gap-default\">\n\t\t\t\t\t<div class=\"elementor-column elementor-col-33 elementor-inner-column elementor-element elementor-element-dca4c4e elementor-invisible\" data-id=\"dca4c4e\" data-element_type=\"column\" data-e-type=\"column\" data-settings=\"{&quot;background_background&quot;:&quot;classic&quot;,&quot;animation&quot;:&quot;fadeIn&quot;}\">\n\t\t\t<div class=\"elementor-widget-wrap elementor-element-populated\">\n\t\t\t\t\t\t<div class=\"elementor-element elementor-element-aad077e elementor-widget elementor-widget-heading\" data-id=\"aad077e\" data-element_type=\"widget\" data-e-type=\"widget\" data-widget_type=\"heading.default\">\n\t\t\t\t<div class=\"elementor-widget-container\">\n\t\t\t\t\t<h2 class=\"elementor-heading-title elementor-size-default\"><a href=\"https:\/\/monster-airless.com\/en\/monster-goldspray-g-8-7-hd\/\">GoldSpray G 8.7 + HD<\/a><\/h2>\t\t\t\t<\/div>\n\t\t\t\t<\/div>\n\t\t\t\t<div class=\"elementor-element elementor-element-b9f10e5 elementor-widget elementor-widget-heading\" data-id=\"b9f10e5\" data-element_type=\"widget\" data-e-type=\"widget\" data-widget_type=\"heading.default\">\n\t\t\t\t<div class=\"elementor-widget-container\">\n\t\t\t\t\t<h2 class=\"elementor-heading-title elementor-size-default\"><a href=\"https:\/\/monster-airless.com\/en\/monster-goldspray-g-8-7-hd\/\">The Giga-MONSTER. We call it: natural born perfection!<\/a><\/h2>\t\t\t\t<\/div>\n\t\t\t\t<\/div>\n\t\t\t\t<div class=\"elementor-element elementor-element-7144c1f elementor-widget__width-initial elementor-widget elementor-widget-image\" data-id=\"7144c1f\" data-element_type=\"widget\" data-e-type=\"widget\" data-widget_type=\"image.default\">\n\t\t\t\t<div class=\"elementor-widget-container\">\n\t\t\t\t\t\t\t\t\t\t\t\t\t\t\t\t<a href=\"https:\/\/monster-airless.com\/en\/monster-goldspray-g-8-7-hd\/\">\n\t\t\t\t\t\t\t<img decoding=\"async\" width=\"400\" height=\"500\" src=\"https:\/\/monster-airless.com\/wp-content\/uploads\/2024\/12\/838747PRO-24-DSC_0486-2.jpg\" class=\"attachment-large size-large wp-image-4079\" alt=\"MONSTER GoldSpray G 8.7 HD\" srcset=\"https:\/\/monster-airless.com\/wp-content\/uploads\/2024\/12\/838747PRO-24-DSC_0486-2.jpg 400w, https:\/\/monster-airless.com\/wp-content\/uploads\/2024\/12\/838747PRO-24-DSC_0486-2-240x300.jpg 240w, https:\/\/monster-airless.com\/wp-content\/uploads\/2024\/12\/838747PRO-24-DSC_0486-2-10x12.jpg 10w\" sizes=\"(max-width: 400px) 100vw, 400px\" \/>\t\t\t\t\t\t\t\t<\/a>\n\t\t\t\t\t\t\t\t\t\t\t\t\t\t\t<\/div>\n\t\t\t\t<\/div>\n\t\t\t\t<div class=\"elementor-element elementor-element-a90c95f elementor-widget elementor-widget-image\" data-id=\"a90c95f\" data-element_type=\"widget\" data-e-type=\"widget\" data-widget_type=\"image.default\">\n\t\t\t\t<div class=\"elementor-widget-container\">\n\t\t\t\t\t\t\t\t\t\t\t\t\t\t\t\t<a href=\"https:\/\/monster-airless.com\/en\/monster-goldspray-g-8-7-hd\/\">\n\t\t\t\t\t\t\t<img decoding=\"async\" width=\"800\" height=\"510\" src=\"https:\/\/monster-airless.com\/wp-content\/uploads\/2024\/12\/G-8.7-1024x653.png\" class=\"attachment-large size-large wp-image-4035\" alt=\"MONSTER GoldSpray G 8.7\" srcset=\"https:\/\/monster-airless.com\/wp-content\/uploads\/2024\/12\/G-8.7-1024x653.png 1024w, https:\/\/monster-airless.com\/wp-content\/uploads\/2024\/12\/G-8.7-300x191.png 300w, https:\/\/monster-airless.com\/wp-content\/uploads\/2024\/12\/G-8.7-768x489.png 768w, https:\/\/monster-airless.com\/wp-content\/uploads\/2024\/12\/G-8.7-1536x979.png 1536w, https:\/\/monster-airless.com\/wp-content\/uploads\/2024\/12\/G-8.7-2048x1305.png 2048w, https:\/\/monster-airless.com\/wp-content\/uploads\/2024\/12\/G-8.7-18x12.png 18w\" sizes=\"(max-width: 800px) 100vw, 800px\" \/>\t\t\t\t\t\t\t\t<\/a>\n\t\t\t\t\t\t\t\t\t\t\t\t\t\t\t<\/div>\n\t\t\t\t<\/div>\n\t\t\t\t\t<\/div>\n\t\t<\/div>\n\t\t\t\t<div class=\"elementor-column elementor-col-33 elementor-inner-column elementor-element elementor-element-904b50c elementor-invisible\" data-id=\"904b50c\" data-element_type=\"column\" data-e-type=\"column\" data-settings=\"{&quot;background_background&quot;:&quot;classic&quot;,&quot;animation&quot;:&quot;fadeIn&quot;}\">\n\t\t\t<div class=\"elementor-widget-wrap elementor-element-populated\">\n\t\t\t\t\t\t<div class=\"elementor-element elementor-element-13b88bb elementor-widget elementor-widget-heading\" data-id=\"13b88bb\" data-element_type=\"widget\" data-e-type=\"widget\" data-widget_type=\"heading.default\">\n\t\t\t\t<div class=\"elementor-widget-container\">\n\t\t\t\t\t<h2 class=\"elementor-heading-title elementor-size-default\"><a href=\"https:\/\/monster-airless.com\/en\/monster-goldspray-g-6-5-hd\/\">GoldSpray G 6.5 + HD<\/a><\/h2>\t\t\t\t<\/div>\n\t\t\t\t<\/div>\n\t\t\t\t<div class=\"elementor-element elementor-element-1fd86b3 elementor-widget elementor-widget-heading\" data-id=\"1fd86b3\" data-element_type=\"widget\" data-e-type=\"widget\" data-widget_type=\"heading.default\">\n\t\t\t\t<div class=\"elementor-widget-container\">\n\t\t\t\t\t<h2 class=\"elementor-heading-title elementor-size-default\"><a href=\"https:\/\/monster-airless.com\/en\/monster-goldspray-g-6-5-hd\/\">The all-round model for spray putties\n\n<\/a><\/h2>\t\t\t\t<\/div>\n\t\t\t\t<\/div>\n\t\t\t\t<div class=\"elementor-element elementor-element-0772ec1 elementor-widget__width-initial elementor-widget elementor-widget-image\" data-id=\"0772ec1\" data-element_type=\"widget\" data-e-type=\"widget\" data-widget_type=\"image.default\">\n\t\t\t\t<div class=\"elementor-widget-container\">\n\t\t\t\t\t\t\t\t\t\t\t\t\t\t\t\t<a href=\"https:\/\/monster-airless.com\/en\/monster-goldspray-g-6-5-hd\/\">\n\t\t\t\t\t\t\t<img loading=\"lazy\" decoding=\"async\" width=\"400\" height=\"500\" src=\"https:\/\/monster-airless.com\/wp-content\/uploads\/2024\/12\/836541PRO-24-DSC_0491.jpg\" class=\"attachment-large size-large wp-image-4046\" alt=\"MONSTER GoldSpray G 6.5 HD\" srcset=\"https:\/\/monster-airless.com\/wp-content\/uploads\/2024\/12\/836541PRO-24-DSC_0491.jpg 400w, https:\/\/monster-airless.com\/wp-content\/uploads\/2024\/12\/836541PRO-24-DSC_0491-240x300.jpg 240w, https:\/\/monster-airless.com\/wp-content\/uploads\/2024\/12\/836541PRO-24-DSC_0491-10x12.jpg 10w\" sizes=\"(max-width: 400px) 100vw, 400px\" \/>\t\t\t\t\t\t\t\t<\/a>\n\t\t\t\t\t\t\t\t\t\t\t\t\t\t\t<\/div>\n\t\t\t\t<\/div>\n\t\t\t\t<div class=\"elementor-element elementor-element-b0dc735 elementor-widget elementor-widget-image\" data-id=\"b0dc735\" data-element_type=\"widget\" data-e-type=\"widget\" data-widget_type=\"image.default\">\n\t\t\t\t<div class=\"elementor-widget-container\">\n\t\t\t\t\t\t\t\t\t\t\t\t\t\t\t\t<a href=\"https:\/\/monster-airless.com\/en\/monster-goldspray-g-6-5-hd\/\">\n\t\t\t\t\t\t\t<img loading=\"lazy\" decoding=\"async\" width=\"800\" height=\"510\" src=\"https:\/\/monster-airless.com\/wp-content\/uploads\/2024\/12\/G-6.5-1-1024x653.png\" class=\"attachment-large size-large wp-image-4052\" alt=\"MONSTER GoldSpray G 6.5 HD\" srcset=\"https:\/\/monster-airless.com\/wp-content\/uploads\/2024\/12\/G-6.5-1-1024x653.png 1024w, https:\/\/monster-airless.com\/wp-content\/uploads\/2024\/12\/G-6.5-1-300x191.png 300w, https:\/\/monster-airless.com\/wp-content\/uploads\/2024\/12\/G-6.5-1-768x489.png 768w, https:\/\/monster-airless.com\/wp-content\/uploads\/2024\/12\/G-6.5-1-1536x979.png 1536w, https:\/\/monster-airless.com\/wp-content\/uploads\/2024\/12\/G-6.5-1-2048x1305.png 2048w, https:\/\/monster-airless.com\/wp-content\/uploads\/2024\/12\/G-6.5-1-18x12.png 18w\" sizes=\"(max-width: 800px) 100vw, 800px\" \/>\t\t\t\t\t\t\t\t<\/a>\n\t\t\t\t\t\t\t\t\t\t\t\t\t\t\t<\/div>\n\t\t\t\t<\/div>\n\t\t\t\t\t<\/div>\n\t\t<\/div>\n\t\t\t\t<div class=\"elementor-column elementor-col-33 elementor-inner-column elementor-element elementor-element-b2cee4a elementor-invisible\" data-id=\"b2cee4a\" data-element_type=\"column\" data-e-type=\"column\" data-settings=\"{&quot;background_background&quot;:&quot;classic&quot;,&quot;animation&quot;:&quot;fadeIn&quot;}\">\n\t\t\t<div class=\"elementor-widget-wrap elementor-element-populated\">\n\t\t\t\t\t\t<div class=\"elementor-element elementor-element-95daa09 elementor-widget elementor-widget-heading\" data-id=\"95daa09\" data-element_type=\"widget\" data-e-type=\"widget\" data-widget_type=\"heading.default\">\n\t\t\t\t<div class=\"elementor-widget-container\">\n\t\t\t\t\t<h2 class=\"elementor-heading-title elementor-size-default\"><a href=\"https:\/\/monster-airless.com\/en\/monster-goldspray-g-4-1\/\">GoldSpray G 4.1 +<\/a><\/h2>\t\t\t\t<\/div>\n\t\t\t\t<\/div>\n\t\t\t\t<div class=\"elementor-element elementor-element-f38eea6 elementor-widget elementor-widget-heading\" data-id=\"f38eea6\" data-element_type=\"widget\" data-e-type=\"widget\" data-widget_type=\"heading.default\">\n\t\t\t\t<div class=\"elementor-widget-container\">\n\t\t\t\t\t<h2 class=\"elementor-heading-title elementor-size-default\"><a href=\"https:\/\/monster-airless.com\/en\/monster-goldspray-g-4-1\/\">The Power-Allround-Airless \n\n\n<\/a><\/h2>\t\t\t\t<\/div>\n\t\t\t\t<\/div>\n\t\t\t\t<div class=\"elementor-element elementor-element-e6835fd elementor-widget__width-initial elementor-widget elementor-widget-image\" data-id=\"e6835fd\" data-element_type=\"widget\" data-e-type=\"widget\" data-widget_type=\"image.default\">\n\t\t\t\t<div class=\"elementor-widget-container\">\n\t\t\t\t\t\t\t\t\t\t\t\t\t\t\t\t<a href=\"https:\/\/monster-airless.com\/en\/monster-goldspray-g-4-1\/\">\n\t\t\t\t\t\t\t<img loading=\"lazy\" decoding=\"async\" width=\"400\" height=\"500\" src=\"https:\/\/monster-airless.com\/wp-content\/uploads\/2024\/12\/834131PRO-DSC_0474.jpg\" class=\"attachment-large size-large wp-image-4057\" alt=\"MONSTER GoldSpray G 4.1\" srcset=\"https:\/\/monster-airless.com\/wp-content\/uploads\/2024\/12\/834131PRO-DSC_0474.jpg 400w, https:\/\/monster-airless.com\/wp-content\/uploads\/2024\/12\/834131PRO-DSC_0474-240x300.jpg 240w, https:\/\/monster-airless.com\/wp-content\/uploads\/2024\/12\/834131PRO-DSC_0474-10x12.jpg 10w\" sizes=\"(max-width: 400px) 100vw, 400px\" \/>\t\t\t\t\t\t\t\t<\/a>\n\t\t\t\t\t\t\t\t\t\t\t\t\t\t\t<\/div>\n\t\t\t\t<\/div>\n\t\t\t\t<div class=\"elementor-element elementor-element-891a322 elementor-widget elementor-widget-image\" data-id=\"891a322\" data-element_type=\"widget\" data-e-type=\"widget\" data-widget_type=\"image.default\">\n\t\t\t\t<div class=\"elementor-widget-container\">\n\t\t\t\t\t\t\t\t\t\t\t\t\t\t\t\t<a href=\"https:\/\/monster-airless.com\/en\/monster-goldspray-g-4-1\/\">\n\t\t\t\t\t\t\t<img loading=\"lazy\" decoding=\"async\" width=\"800\" height=\"510\" src=\"https:\/\/monster-airless.com\/wp-content\/uploads\/2024\/12\/G-4.1-1024x653.png\" class=\"attachment-large size-large wp-image-4055\" alt=\"MONSTER GoldSpray G 4.1\" srcset=\"https:\/\/monster-airless.com\/wp-content\/uploads\/2024\/12\/G-4.1-1024x653.png 1024w, https:\/\/monster-airless.com\/wp-content\/uploads\/2024\/12\/G-4.1-300x191.png 300w, https:\/\/monster-airless.com\/wp-content\/uploads\/2024\/12\/G-4.1-768x489.png 768w, https:\/\/monster-airless.com\/wp-content\/uploads\/2024\/12\/G-4.1-1536x979.png 1536w, https:\/\/monster-airless.com\/wp-content\/uploads\/2024\/12\/G-4.1-2048x1305.png 2048w, https:\/\/monster-airless.com\/wp-content\/uploads\/2024\/12\/G-4.1-18x12.png 18w\" sizes=\"(max-width: 800px) 100vw, 800px\" \/>\t\t\t\t\t\t\t\t<\/a>\n\t\t\t\t\t\t\t\t\t\t\t\t\t\t\t<\/div>\n\t\t\t\t<\/div>\n\t\t\t\t\t<\/div>\n\t\t<\/div>\n\t\t\t\t\t<\/div>\n\t\t<\/section>\n\t\t\t\t<section class=\"elementor-section elementor-inner-section elementor-element elementor-element-7b6e1ef elementor-section-boxed elementor-section-height-default elementor-section-height-default\" data-id=\"7b6e1ef\" data-element_type=\"section\" data-e-type=\"section\">\n\t\t\t\t\t\t<div class=\"elementor-container elementor-column-gap-default\">\n\t\t\t\t\t<div class=\"elementor-column elementor-col-33 elementor-inner-column elementor-element elementor-element-3cfd392 elementor-invisible\" data-id=\"3cfd392\" data-element_type=\"column\" data-e-type=\"column\" data-settings=\"{&quot;background_background&quot;:&quot;classic&quot;,&quot;animation&quot;:&quot;fadeIn&quot;}\">\n\t\t\t<div class=\"elementor-widget-wrap elementor-element-populated\">\n\t\t\t\t\t\t<div class=\"elementor-element elementor-element-3e89629 elementor-widget elementor-widget-heading\" data-id=\"3e89629\" data-element_type=\"widget\" data-e-type=\"widget\" data-widget_type=\"heading.default\">\n\t\t\t\t<div class=\"elementor-widget-container\">\n\t\t\t\t\t<h2 class=\"elementor-heading-title elementor-size-default\"><a href=\"https:\/\/monster-airless.com\/en\/monster-goldspray-g-2-6\/\">GoldSpray G 2.6 +<\/a><\/h2>\t\t\t\t<\/div>\n\t\t\t\t<\/div>\n\t\t\t\t<div class=\"elementor-element elementor-element-911448e elementor-widget elementor-widget-heading\" data-id=\"911448e\" data-element_type=\"widget\" data-e-type=\"widget\" data-widget_type=\"heading.default\">\n\t\t\t\t<div class=\"elementor-widget-container\">\n\t\t\t\t\t<h2 class=\"elementor-heading-title elementor-size-default\"><a href=\"https:\/\/monster-airless.com\/en\/monster-goldspray-g-2-6\/\">The compact airless ideal for FineFinish applications and interior dispersions<\/a><\/h2>\t\t\t\t<\/div>\n\t\t\t\t<\/div>\n\t\t\t\t<div class=\"elementor-element elementor-element-2778a9c elementor-widget__width-initial elementor-widget elementor-widget-image\" data-id=\"2778a9c\" data-element_type=\"widget\" data-e-type=\"widget\" data-widget_type=\"image.default\">\n\t\t\t\t<div class=\"elementor-widget-container\">\n\t\t\t\t\t\t\t\t\t\t\t\t\t\t\t\t<a href=\"https:\/\/monster-airless.com\/en\/monster-goldspray-g-2-6\/\">\n\t\t\t\t\t\t\t<img loading=\"lazy\" decoding=\"async\" width=\"400\" height=\"500\" src=\"https:\/\/monster-airless.com\/wp-content\/uploads\/2024\/12\/832625HOP-24-A-DSC_0556.jpg\" class=\"attachment-large size-large wp-image-4070\" alt=\"MONSTER GoldSpray G 2.6\" srcset=\"https:\/\/monster-airless.com\/wp-content\/uploads\/2024\/12\/832625HOP-24-A-DSC_0556.jpg 400w, https:\/\/monster-airless.com\/wp-content\/uploads\/2024\/12\/832625HOP-24-A-DSC_0556-240x300.jpg 240w, https:\/\/monster-airless.com\/wp-content\/uploads\/2024\/12\/832625HOP-24-A-DSC_0556-10x12.jpg 10w\" sizes=\"(max-width: 400px) 100vw, 400px\" \/>\t\t\t\t\t\t\t\t<\/a>\n\t\t\t\t\t\t\t\t\t\t\t\t\t\t\t<\/div>\n\t\t\t\t<\/div>\n\t\t\t\t<div class=\"elementor-element elementor-element-1030253 elementor-widget elementor-widget-image\" data-id=\"1030253\" data-element_type=\"widget\" data-e-type=\"widget\" data-widget_type=\"image.default\">\n\t\t\t\t<div class=\"elementor-widget-container\">\n\t\t\t\t\t\t\t\t\t\t\t\t\t\t\t\t<a href=\"https:\/\/monster-airless.com\/en\/monster-goldspray-g-2-6\/\">\n\t\t\t\t\t\t\t<img loading=\"lazy\" decoding=\"async\" width=\"800\" height=\"510\" src=\"https:\/\/monster-airless.com\/wp-content\/uploads\/2024\/12\/G-2.6-1024x653.png\" class=\"attachment-large size-large wp-image-4068\" alt=\"MONSTER GoldSpray 2.6\" srcset=\"https:\/\/monster-airless.com\/wp-content\/uploads\/2024\/12\/G-2.6-1024x653.png 1024w, https:\/\/monster-airless.com\/wp-content\/uploads\/2024\/12\/G-2.6-300x191.png 300w, https:\/\/monster-airless.com\/wp-content\/uploads\/2024\/12\/G-2.6-768x489.png 768w, https:\/\/monster-airless.com\/wp-content\/uploads\/2024\/12\/G-2.6-1536x979.png 1536w, https:\/\/monster-airless.com\/wp-content\/uploads\/2024\/12\/G-2.6-2048x1305.png 2048w, https:\/\/monster-airless.com\/wp-content\/uploads\/2024\/12\/G-2.6-18x12.png 18w\" sizes=\"(max-width: 800px) 100vw, 800px\" \/>\t\t\t\t\t\t\t\t<\/a>\n\t\t\t\t\t\t\t\t\t\t\t\t\t\t\t<\/div>\n\t\t\t\t<\/div>\n\t\t\t\t\t<\/div>\n\t\t<\/div>\n\t\t\t\t<div class=\"elementor-column elementor-col-33 elementor-inner-column elementor-element elementor-element-04997db elementor-invisible\" data-id=\"04997db\" data-element_type=\"column\" data-e-type=\"column\" data-settings=\"{&quot;background_background&quot;:&quot;classic&quot;,&quot;animation&quot;:&quot;fadeIn&quot;}\">\n\t\t\t<div class=\"elementor-widget-wrap\">\n\t\t\t\t\t\t\t<\/div>\n\t\t<\/div>\n\t\t\t\t<div class=\"elementor-column elementor-col-33 elementor-inner-column elementor-element elementor-element-b34c143 elementor-invisible\" data-id=\"b34c143\" data-element_type=\"column\" data-e-type=\"column\" data-settings=\"{&quot;background_background&quot;:&quot;classic&quot;,&quot;animation&quot;:&quot;fadeIn&quot;}\">\n\t\t\t<div class=\"elementor-widget-wrap\">\n\t\t\t\t\t\t\t<\/div>\n\t\t<\/div>\n\t\t\t\t\t<\/div>\n\t\t<\/section>\n\t\t\t\t\t<\/div>\n\t\t<\/div>\n\t\t\t\t\t<\/div>\n\t\t<\/section>\n\t\t\t\t<\/div>","protected":false},"excerpt":{"rendered":"<p>Unsere GoldSpray-Serie Der Goldstandard f\u00fcr Airlessger\u00e4te! Goldstandard-Ausstattung trifft auf Goldstandard-Qualit\u00e4t: denn gut ist nicht gut genug! GoldSpray G 8.7 + HD Das Giga-MONSTER. Wir nennen es: natural born perfection! GoldSpray G 6.5 + HD Das Allroundmodell f\u00fcr Spritzspachtel GoldSpray G 4.1 + Das Power-Allround-Airless GoldSpray G 2.6 + Das kompakte Airless ideal f\u00fcr FineFinish-Anwendungen und [&hellip;]<\/p>\n","protected":false},"author":2,"featured_media":0,"parent":0,"menu_order":0,"comment_status":"closed","ping_status":"closed","template":"","meta":{"footnotes":""},"class_list":["post-4077","page","type-page","status-publish","hentry"],"_links":{"self":[{"href":"https:\/\/monster-airless.com\/en\/wp-json\/wp\/v2\/pages\/4077","targetHints":{"allow":["GET"]}}],"collection":[{"href":"https:\/\/monster-airless.com\/en\/wp-json\/wp\/v2\/pages"}],"about":[{"href":"https:\/\/monster-airless.com\/en\/wp-json\/wp\/v2\/types\/page"}],"author":[{"embeddable":true,"href":"https:\/\/monster-airless.com\/en\/wp-json\/wp\/v2\/users\/2"}],"replies":[{"embeddable":true,"href":"https:\/\/monster-airless.com\/en\/wp-json\/wp\/v2\/comments?post=4077"}],"version-history":[{"count":10,"href":"https:\/\/monster-airless.com\/en\/wp-json\/wp\/v2\/pages\/4077\/revisions"}],"predecessor-version":[{"id":5060,"href":"https:\/\/monster-airless.com\/en\/wp-json\/wp\/v2\/pages\/4077\/revisions\/5060"}],"wp:attachment":[{"href":"https:\/\/monster-airless.com\/en\/wp-json\/wp\/v2\/media?parent=4077"}],"curies":[{"name":"wp","href":"https:\/\/api.w.org\/{rel}","templated":true}]}}