{"id":2241,"date":"2024-04-16T14:40:53","date_gmt":"2024-04-16T14:40:53","guid":{"rendered":"https:\/\/stoic-wilbur.212-227-210-88.plesk.page\/?page_id=2241"},"modified":"2024-04-17T16:13:15","modified_gmt":"2024-04-17T16:13:15","slug":"monster-adapter-nippel-drehgelenke","status":"publish","type":"page","link":"https:\/\/monster-airless.com\/en\/monster-adapter-nippel-drehgelenke\/","title":{"rendered":"MONSTER - Adapters, nipples &amp; swivels"},"content":{"rendered":"<div data-elementor-type=\"wp-page\" data-elementor-id=\"2241\" class=\"elementor elementor-2241\" data-elementor-post-type=\"page\">\n\t\t\t\t\t\t<section class=\"elementor-section elementor-top-section elementor-element elementor-element-45af3155 elementor-section-boxed elementor-section-height-default elementor-section-height-default\" data-id=\"45af3155\" data-element_type=\"section\" data-e-type=\"section\" id=\"next\" data-settings=\"{&quot;background_background&quot;:&quot;classic&quot;}\">\n\t\t\t\t\t\t\t<div class=\"elementor-background-overlay\"><\/div>\n\t\t\t\t\t\t\t<div class=\"elementor-container elementor-column-gap-no\">\n\t\t\t\t\t<div class=\"elementor-column elementor-col-100 elementor-top-column elementor-element elementor-element-180fb0b5\" data-id=\"180fb0b5\" data-element_type=\"column\" data-e-type=\"column\">\n\t\t\t<div class=\"elementor-widget-wrap elementor-element-populated\">\n\t\t\t\t\t\t<div class=\"elementor-element elementor-element-56d221de elementor-widget elementor-widget-heading\" data-id=\"56d221de\" data-element_type=\"widget\" data-e-type=\"widget\" data-widget_type=\"heading.default\">\n\t\t\t\t<div class=\"elementor-widget-container\">\n\t\t\t\t\t<h3 class=\"elementor-heading-title elementor-size-default\">MONSTER - Airless guns<\/h3>\t\t\t\t<\/div>\n\t\t\t\t<\/div>\n\t\t\t\t\t<\/div>\n\t\t<\/div>\n\t\t\t\t\t<\/div>\n\t\t<\/section>\n\t\t\t\t<section class=\"elementor-section elementor-top-section elementor-element elementor-element-a93f39a elementor-section-content-middle elementor-section-boxed elementor-section-height-default elementor-section-height-default\" data-id=\"a93f39a\" data-element_type=\"section\" data-e-type=\"section\" data-settings=\"{&quot;background_background&quot;:&quot;classic&quot;}\">\n\t\t\t\t\t\t<div class=\"elementor-container elementor-column-gap-no\">\n\t\t\t\t\t<div class=\"elementor-column elementor-col-100 elementor-top-column elementor-element elementor-element-9980ed0\" data-id=\"9980ed0\" data-element_type=\"column\" data-e-type=\"column\" data-settings=\"{&quot;background_background&quot;:&quot;classic&quot;}\">\n\t\t\t<div class=\"elementor-widget-wrap elementor-element-populated\">\n\t\t\t\t\t\t<div class=\"elementor-element elementor-element-0cb032a elementor-widget elementor-widget-image\" data-id=\"0cb032a\" data-element_type=\"widget\" data-e-type=\"widget\" data-widget_type=\"image.default\">\n\t\t\t\t<div class=\"elementor-widget-container\">\n\t\t\t\t\t\t\t\t\t\t\t\t\t\t\t<img fetchpriority=\"high\" decoding=\"async\" width=\"1920\" height=\"871\" src=\"https:\/\/monster-airless.com\/wp-content\/uploads\/2023\/01\/SA709026.webp\" class=\"attachment-full size-full wp-image-537\" alt=\"MONSTER 4.5\" srcset=\"https:\/\/monster-airless.com\/wp-content\/uploads\/2023\/01\/SA709026.webp 1920w, https:\/\/monster-airless.com\/wp-content\/uploads\/2023\/01\/SA709026-300x136.webp 300w, https:\/\/monster-airless.com\/wp-content\/uploads\/2023\/01\/SA709026-1024x465.webp 1024w, https:\/\/monster-airless.com\/wp-content\/uploads\/2023\/01\/SA709026-768x348.webp 768w, https:\/\/monster-airless.com\/wp-content\/uploads\/2023\/01\/SA709026-1536x697.webp 1536w\" sizes=\"(max-width: 1920px) 100vw, 1920px\" \/>\t\t\t\t\t\t\t\t\t\t\t\t\t\t\t<\/div>\n\t\t\t\t<\/div>\n\t\t\t\t<div class=\"elementor-element elementor-element-c2c4a51 elementor-widget elementor-widget-heading\" data-id=\"c2c4a51\" data-element_type=\"widget\" data-e-type=\"widget\" data-widget_type=\"heading.default\">\n\t\t\t\t<div class=\"elementor-widget-container\">\n\t\t\t\t\t<h2 class=\"elementor-heading-title elementor-size-default\">Our airless guns<\/h2>\t\t\t\t<\/div>\n\t\t\t\t<\/div>\n\t\t\t\t<div class=\"elementor-element elementor-element-79de00d elementor-widget elementor-widget-heading\" data-id=\"79de00d\" data-element_type=\"widget\" data-e-type=\"widget\" data-widget_type=\"heading.default\">\n\t\t\t\t<div class=\"elementor-widget-container\">\n\t\t\t\t\t<h2 class=\"elementor-heading-title elementor-size-default\">Choose according to your preferences or requirements.<\/h2>\t\t\t\t<\/div>\n\t\t\t\t<\/div>\n\t\t\t\t<div class=\"elementor-element elementor-element-d6b5acd elementor-widget elementor-widget-text-editor\" data-id=\"d6b5acd\" data-element_type=\"widget\" data-e-type=\"widget\" data-widget_type=\"text-editor.default\">\n\t\t\t\t<div class=\"elementor-widget-container\">\n\t\t\t\t\t\t\t\t\t<p>All our pistols are designed with ergonomics in mind. They are easy to handle and minimise fatigue. Choose the right gun according to the requirements of the material to be sprayed.<\/p>\t\t\t\t\t\t\t\t<\/div>\n\t\t\t\t<\/div>\n\t\t\t\t<section class=\"elementor-section elementor-inner-section elementor-element elementor-element-eececa8 elementor-section-boxed elementor-section-height-default elementor-section-height-default\" data-id=\"eececa8\" data-element_type=\"section\" data-e-type=\"section\">\n\t\t\t\t\t\t<div class=\"elementor-container elementor-column-gap-default\">\n\t\t\t\t\t<div class=\"elementor-column elementor-col-33 elementor-inner-column elementor-element elementor-element-be70d10 elementor-invisible\" data-id=\"be70d10\" data-element_type=\"column\" data-e-type=\"column\" data-settings=\"{&quot;background_background&quot;:&quot;classic&quot;,&quot;animation&quot;:&quot;fadeIn&quot;}\">\n\t\t\t<div class=\"elementor-widget-wrap elementor-element-populated\">\n\t\t\t\t\t\t<div class=\"elementor-element elementor-element-6b86cc7 elementor-widget elementor-widget-heading\" data-id=\"6b86cc7\" data-element_type=\"widget\" data-e-type=\"widget\" data-widget_type=\"heading.default\">\n\t\t\t\t<div class=\"elementor-widget-container\">\n\t\t\t\t\t<h2 class=\"elementor-heading-title elementor-size-default\">MONSTER double nipple<\/h2>\t\t\t\t<\/div>\n\t\t\t\t<\/div>\n\t\t\t\t<div class=\"elementor-element elementor-element-c507dc2 elementor-widget elementor-widget-heading\" data-id=\"c507dc2\" data-element_type=\"widget\" data-e-type=\"widget\" data-widget_type=\"heading.default\">\n\t\t\t\t<div class=\"elementor-widget-container\">\n\t\t\t\t\t<h2 class=\"elementor-heading-title elementor-size-default\">The rigid connection between hoses.<\/h2>\t\t\t\t<\/div>\n\t\t\t\t<\/div>\n\t\t\t\t<div class=\"elementor-element elementor-element-2845e10 elementor-widget elementor-widget-image\" data-id=\"2845e10\" data-element_type=\"widget\" data-e-type=\"widget\" data-widget_type=\"image.default\">\n\t\t\t\t<div class=\"elementor-widget-container\">\n\t\t\t\t\t\t\t\t\t\t\t\t\t\t\t<img decoding=\"async\" width=\"400\" height=\"500\" src=\"https:\/\/monster-airless.com\/wp-content\/uploads\/2024\/04\/1201438.webp\" class=\"attachment-full size-full wp-image-2247\" alt=\"Doppelnippel\" srcset=\"https:\/\/monster-airless.com\/wp-content\/uploads\/2024\/04\/1201438.webp 400w, https:\/\/monster-airless.com\/wp-content\/uploads\/2024\/04\/1201438-240x300.webp 240w\" sizes=\"(max-width: 400px) 100vw, 400px\" \/>\t\t\t\t\t\t\t\t\t\t\t\t\t\t\t<\/div>\n\t\t\t\t<\/div>\n\t\t\t\t<div class=\"elementor-element elementor-element-b32a036 elementor-widget elementor-widget-text-editor\" data-id=\"b32a036\" data-element_type=\"widget\" data-e-type=\"widget\" data-widget_type=\"text-editor.default\">\n\t\t\t\t<div class=\"elementor-widget-container\">\n\t\t\t\t\t\t\t\t\t<ul><li>Designed for use with airless hoses<\/li><li>Sturdy design<\/li><\/ul><p><br \/>Order no. 1201414 = 1\/4\u2033a NPT x 1\/4\u2033a NPT<br \/>Order no. 1203838 = 3\/8\u2033a NPT x 3\/8\u2033a NPT<br \/>Order no. 1201212 = 1\/2\u2033a NPT x 1\/2\u2033a NPT<br \/>Order no. 1201438 = 1\/4\u2033a NPT x 3\/8\u2033a NPT<\/p>\t\t\t\t\t\t\t\t<\/div>\n\t\t\t\t<\/div>\n\t\t\t\t\t<\/div>\n\t\t<\/div>\n\t\t\t\t<div class=\"elementor-column elementor-col-33 elementor-inner-column elementor-element elementor-element-07d5afc elementor-invisible\" data-id=\"07d5afc\" data-element_type=\"column\" data-e-type=\"column\" data-settings=\"{&quot;background_background&quot;:&quot;classic&quot;,&quot;animation&quot;:&quot;fadeIn&quot;}\">\n\t\t\t<div class=\"elementor-widget-wrap elementor-element-populated\">\n\t\t\t\t\t\t<div class=\"elementor-element elementor-element-cff5705 elementor-widget elementor-widget-heading\" data-id=\"cff5705\" data-element_type=\"widget\" data-e-type=\"widget\" data-widget_type=\"heading.default\">\n\t\t\t\t<div class=\"elementor-widget-container\">\n\t\t\t\t\t<h2 class=\"elementor-heading-title elementor-size-default\">MONSTER swivelling adapter<\/h2>\t\t\t\t<\/div>\n\t\t\t\t<\/div>\n\t\t\t\t<div class=\"elementor-element elementor-element-4a4b950 elementor-widget elementor-widget-heading\" data-id=\"4a4b950\" data-element_type=\"widget\" data-e-type=\"widget\" data-widget_type=\"heading.default\">\n\t\t\t\t<div class=\"elementor-widget-container\">\n\t\t\t\t\t<h2 class=\"elementor-heading-title elementor-size-default\">The connection between the gun\/machine and hose<\/h2>\t\t\t\t<\/div>\n\t\t\t\t<\/div>\n\t\t\t\t<div class=\"elementor-element elementor-element-28ec5b5 elementor-widget elementor-widget-image\" data-id=\"28ec5b5\" data-element_type=\"widget\" data-e-type=\"widget\" data-widget_type=\"image.default\">\n\t\t\t\t<div class=\"elementor-widget-container\">\n\t\t\t\t\t\t\t\t\t\t\t\t\t\t\t<img decoding=\"async\" width=\"400\" height=\"500\" src=\"https:\/\/monster-airless.com\/wp-content\/uploads\/2024\/04\/130xxx.webp\" class=\"attachment-full size-full wp-image-2252\" alt=\"Adapter drehbar\" srcset=\"https:\/\/monster-airless.com\/wp-content\/uploads\/2024\/04\/130xxx.webp 400w, https:\/\/monster-airless.com\/wp-content\/uploads\/2024\/04\/130xxx-240x300.webp 240w\" sizes=\"(max-width: 400px) 100vw, 400px\" \/>\t\t\t\t\t\t\t\t\t\t\t\t\t\t\t<\/div>\n\t\t\t\t<\/div>\n\t\t\t\t<div class=\"elementor-element elementor-element-4f3ee47 elementor-widget elementor-widget-text-editor\" data-id=\"4f3ee47\" data-element_type=\"widget\" data-e-type=\"widget\" data-widget_type=\"text-editor.default\">\n\t\t\t\t<div class=\"elementor-widget-container\">\n\t\t\t\t\t\t\t\t\t<ul><li>Designed for use with airless hoses and guns<\/li><li>Choose the right adapter and create stable connections between different threads<\/li><\/ul><p><br \/>Order no. 1301414 = 1\/4\u2033a NPT x 1\/4\u2033i NPS<br \/>Order no. 1303838 = 3\/8\u2033a NPT x 3\/8\u2033i NPS<br \/>Order no. 1303814 = 1\/4\u2033i NPT x 3\/8\u2033a NPS<br \/>Order no. 1301438 = 1\/4\u2033a NPT x 3\/8\u2033i NPS<br \/>Order no. 1301238 = 1\/2\u2033a NPT x 3\/8\u2033i NPS<br \/>Order no. 1303812 = 3\/8\u2033a NPT x 1\/2\u2033i NPS<\/p>\t\t\t\t\t\t\t\t<\/div>\n\t\t\t\t<\/div>\n\t\t\t\t\t<\/div>\n\t\t<\/div>\n\t\t\t\t<div class=\"elementor-column elementor-col-33 elementor-inner-column elementor-element elementor-element-0dcaf72 elementor-invisible\" data-id=\"0dcaf72\" data-element_type=\"column\" data-e-type=\"column\" data-settings=\"{&quot;background_background&quot;:&quot;classic&quot;,&quot;animation&quot;:&quot;fadeIn&quot;}\">\n\t\t\t<div class=\"elementor-widget-wrap elementor-element-populated\">\n\t\t\t\t\t\t<div class=\"elementor-element elementor-element-257d5bc elementor-widget elementor-widget-heading\" data-id=\"257d5bc\" data-element_type=\"widget\" data-e-type=\"widget\" data-widget_type=\"heading.default\">\n\t\t\t\t<div class=\"elementor-widget-container\">\n\t\t\t\t\t<h2 class=\"elementor-heading-title elementor-size-default\">MONSTER swivel joint<\/h2>\t\t\t\t<\/div>\n\t\t\t\t<\/div>\n\t\t\t\t<div class=\"elementor-element elementor-element-dc8f8de elementor-widget elementor-widget-heading\" data-id=\"dc8f8de\" data-element_type=\"widget\" data-e-type=\"widget\" data-widget_type=\"heading.default\">\n\t\t\t\t<div class=\"elementor-widget-container\">\n\t\t\t\t\t<h2 class=\"elementor-heading-title elementor-size-default\">The swivelling connection<\/h2>\t\t\t\t<\/div>\n\t\t\t\t<\/div>\n\t\t\t\t<div class=\"elementor-element elementor-element-ecc0342 elementor-widget elementor-widget-image\" data-id=\"ecc0342\" data-element_type=\"widget\" data-e-type=\"widget\" data-widget_type=\"image.default\">\n\t\t\t\t<div class=\"elementor-widget-container\">\n\t\t\t\t\t\t\t\t\t\t\t\t\t\t\t<img loading=\"lazy\" decoding=\"async\" width=\"400\" height=\"500\" src=\"https:\/\/monster-airless.com\/wp-content\/uploads\/2024\/04\/3201414.webp\" class=\"attachment-full size-full wp-image-2283\" alt=\"\" srcset=\"https:\/\/monster-airless.com\/wp-content\/uploads\/2024\/04\/3201414.webp 400w, https:\/\/monster-airless.com\/wp-content\/uploads\/2024\/04\/3201414-240x300.webp 240w\" sizes=\"(max-width: 400px) 100vw, 400px\" \/>\t\t\t\t\t\t\t\t\t\t\t\t\t\t\t<\/div>\n\t\t\t\t<\/div>\n\t\t\t\t<div class=\"elementor-element elementor-element-9f6aeea elementor-widget elementor-widget-text-editor\" data-id=\"9f6aeea\" data-element_type=\"widget\" data-e-type=\"widget\" data-widget_type=\"text-editor.default\">\n\t\t\t\t<div class=\"elementor-widget-container\">\n\t\t\t\t\t\t\t\t\t<ul><li>The swivelling connection between hoses or between gun\/machine and hose<\/li><li>Makes it easier to roll and unroll multiple hoses<br \/><br \/><\/li><\/ul><p>Order no. 3201414 = 1\/4\u2033a NPS x 1\/4\u2033a NPS<br \/>Order no. 3203838 = 3\/8\u2033a NPS x 3\/8\u2033a NPS<\/p>\t\t\t\t\t\t\t\t<\/div>\n\t\t\t\t<\/div>\n\t\t\t\t\t<\/div>\n\t\t<\/div>\n\t\t\t\t\t<\/div>\n\t\t<\/section>\n\t\t\t\t<section class=\"elementor-section elementor-inner-section elementor-element elementor-element-69f2861 elementor-section-boxed elementor-section-height-default elementor-section-height-default\" data-id=\"69f2861\" data-element_type=\"section\" data-e-type=\"section\">\n\t\t\t\t\t\t<div class=\"elementor-container elementor-column-gap-default\">\n\t\t\t\t\t<div class=\"elementor-column elementor-col-33 elementor-inner-column elementor-element elementor-element-e693730 elementor-invisible\" data-id=\"e693730\" data-element_type=\"column\" data-e-type=\"column\" data-settings=\"{&quot;background_background&quot;:&quot;classic&quot;,&quot;animation&quot;:&quot;fadeIn&quot;}\">\n\t\t\t<div class=\"elementor-widget-wrap elementor-element-populated\">\n\t\t\t\t\t\t<div class=\"elementor-element elementor-element-fc7892e elementor-widget elementor-widget-heading\" data-id=\"fc7892e\" data-element_type=\"widget\" data-e-type=\"widget\" data-widget_type=\"heading.default\">\n\t\t\t\t<div class=\"elementor-widget-container\">\n\t\t\t\t\t<h2 class=\"elementor-heading-title elementor-size-default\">MONSTER swivel joint<\/h2>\t\t\t\t<\/div>\n\t\t\t\t<\/div>\n\t\t\t\t<div class=\"elementor-element elementor-element-a9ec1d6 elementor-widget elementor-widget-heading\" data-id=\"a9ec1d6\" data-element_type=\"widget\" data-e-type=\"widget\" data-widget_type=\"heading.default\">\n\t\t\t\t<div class=\"elementor-widget-container\">\n\t\t\t\t\t<h2 class=\"elementor-heading-title elementor-size-default\">The swivelling connection<\/h2>\t\t\t\t<\/div>\n\t\t\t\t<\/div>\n\t\t\t\t<div class=\"elementor-element elementor-element-ea676f7 elementor-widget elementor-widget-image\" data-id=\"ea676f7\" data-element_type=\"widget\" data-e-type=\"widget\" data-widget_type=\"image.default\">\n\t\t\t\t<div class=\"elementor-widget-container\">\n\t\t\t\t\t\t\t\t\t\t\t\t\t\t\t\t<a href=\"https:\/\/monster-airless.com\/en\/monster-250-light-pistole\/\">\n\t\t\t\t\t\t\t<img loading=\"lazy\" decoding=\"async\" width=\"400\" height=\"500\" src=\"https:\/\/monster-airless.com\/wp-content\/uploads\/2024\/04\/3301414.webp\" class=\"attachment-full size-full wp-image-1998\" alt=\"\" srcset=\"https:\/\/monster-airless.com\/wp-content\/uploads\/2024\/04\/3301414.webp 400w, https:\/\/monster-airless.com\/wp-content\/uploads\/2024\/04\/3301414-240x300.webp 240w\" sizes=\"(max-width: 400px) 100vw, 400px\" \/>\t\t\t\t\t\t\t\t<\/a>\n\t\t\t\t\t\t\t\t\t\t\t\t\t\t\t<\/div>\n\t\t\t\t<\/div>\n\t\t\t\t<div class=\"elementor-element elementor-element-71f1fc6 elementor-widget elementor-widget-text-editor\" data-id=\"71f1fc6\" data-element_type=\"widget\" data-e-type=\"widget\" data-widget_type=\"text-editor.default\">\n\t\t\t\t<div class=\"elementor-widget-container\">\n\t\t\t\t\t\t\t\t\t<ul><li>The swivelling connection between hoses or between gun\/machine and hose<\/li><li>Makes work easier thanks to greater manoeuvrability<br \/><br \/><\/li><\/ul><p>Order no. 3301414 = 1\/4\u2033a NPS x 1\/4\u2033i NPS<br \/>Order no. 3303838 = 3\/8\u2033a NPS x 3\/8\u2033i NPS<br \/>Order no. 3301438 = 3\/8\u2033a NPS x 1\/4\u2033i NPS<\/p>\t\t\t\t\t\t\t\t<\/div>\n\t\t\t\t<\/div>\n\t\t\t\t\t<\/div>\n\t\t<\/div>\n\t\t\t\t<div class=\"elementor-column elementor-col-33 elementor-inner-column elementor-element elementor-element-29f8323 elementor-invisible\" data-id=\"29f8323\" data-element_type=\"column\" data-e-type=\"column\" data-settings=\"{&quot;background_background&quot;:&quot;classic&quot;,&quot;animation&quot;:&quot;fadeIn&quot;}\">\n\t\t\t<div class=\"elementor-widget-wrap\">\n\t\t\t\t\t\t\t<\/div>\n\t\t<\/div>\n\t\t\t\t<div class=\"elementor-column elementor-col-33 elementor-inner-column elementor-element elementor-element-a711a39 elementor-invisible\" data-id=\"a711a39\" data-element_type=\"column\" data-e-type=\"column\" data-settings=\"{&quot;background_background&quot;:&quot;classic&quot;,&quot;animation&quot;:&quot;fadeIn&quot;}\">\n\t\t\t<div class=\"elementor-widget-wrap\">\n\t\t\t\t\t\t\t<\/div>\n\t\t<\/div>\n\t\t\t\t\t<\/div>\n\t\t<\/section>\n\t\t\t\t\t<\/div>\n\t\t<\/div>\n\t\t\t\t\t<\/div>\n\t\t<\/section>\n\t\t\t\t<\/div>","protected":false},"excerpt":{"rendered":"<p>MONSTER &#8211; Airless-Pistolen Unsere Airless-Pistolen W\u00e4hlen Sie nach Ihren Pr\u00e4ferenzen oder Anforderungen. Alle unsere Pistolen sind nach ergonomischen Gesichtspunkten konzipiert. Sie sind erm\u00fcdungsarm und handlich. W\u00e4hlen Sie die passende Pistole auch entsprechend der Anforderungen durch das zu spritzende Material. MONSTER Doppelnippel Die starre Verbindung zwischen Schl\u00e4uchen. Ausgelegt f\u00fcr den Einsatz mit Airless-Schl\u00e4uchen Stabile Ausf\u00fchrung Best.Nr. [&hellip;]<\/p>\n","protected":false},"author":2,"featured_media":0,"parent":0,"menu_order":0,"comment_status":"closed","ping_status":"closed","template":"","meta":{"footnotes":""},"class_list":["post-2241","page","type-page","status-publish","hentry"],"_links":{"self":[{"href":"https:\/\/monster-airless.com\/en\/wp-json\/wp\/v2\/pages\/2241","targetHints":{"allow":["GET"]}}],"collection":[{"href":"https:\/\/monster-airless.com\/en\/wp-json\/wp\/v2\/pages"}],"about":[{"href":"https:\/\/monster-airless.com\/en\/wp-json\/wp\/v2\/types\/page"}],"author":[{"embeddable":true,"href":"https:\/\/monster-airless.com\/en\/wp-json\/wp\/v2\/users\/2"}],"replies":[{"embeddable":true,"href":"https:\/\/monster-airless.com\/en\/wp-json\/wp\/v2\/comments?post=2241"}],"version-history":[{"count":28,"href":"https:\/\/monster-airless.com\/en\/wp-json\/wp\/v2\/pages\/2241\/revisions"}],"predecessor-version":[{"id":3014,"href":"https:\/\/monster-airless.com\/en\/wp-json\/wp\/v2\/pages\/2241\/revisions\/3014"}],"wp:attachment":[{"href":"https:\/\/monster-airless.com\/en\/wp-json\/wp\/v2\/media?parent=2241"}],"curies":[{"name":"wp","href":"https:\/\/api.w.org\/{rel}","templated":true}]}}