{"id":1671,"date":"2024-04-11T17:55:07","date_gmt":"2024-04-11T17:55:07","guid":{"rendered":"https:\/\/stoic-wilbur.212-227-210-88.plesk.page\/?page_id=1671"},"modified":"2025-08-12T13:58:26","modified_gmt":"2025-08-12T13:58:26","slug":"monster-airless-fuer-kleine-objekte","status":"publish","type":"page","link":"https:\/\/monster-airless.com\/en\/monster-airless-fuer-kleine-objekte\/","title":{"rendered":"MONSTER Airless - For small objects"},"content":{"rendered":"<div data-elementor-type=\"wp-page\" data-elementor-id=\"1671\" class=\"elementor elementor-1671\" data-elementor-post-type=\"page\">\n\t\t\t\t\t\t<section class=\"elementor-section elementor-top-section elementor-element elementor-element-45af3155 elementor-section-boxed elementor-section-height-default elementor-section-height-default\" data-id=\"45af3155\" data-element_type=\"section\" data-e-type=\"section\" id=\"next\" data-settings=\"{&quot;background_background&quot;:&quot;classic&quot;}\">\n\t\t\t\t\t\t\t<div class=\"elementor-background-overlay\"><\/div>\n\t\t\t\t\t\t\t<div class=\"elementor-container elementor-column-gap-no\">\n\t\t\t\t\t<div class=\"elementor-column elementor-col-100 elementor-top-column elementor-element elementor-element-180fb0b5\" data-id=\"180fb0b5\" data-element_type=\"column\" data-e-type=\"column\">\n\t\t\t<div class=\"elementor-widget-wrap elementor-element-populated\">\n\t\t\t\t\t\t\t<\/div>\n\t\t<\/div>\n\t\t\t\t\t<\/div>\n\t\t<\/section>\n\t\t\t\t<section class=\"elementor-section elementor-top-section elementor-element elementor-element-518cadc2 elementor-section-content-middle elementor-section-boxed elementor-section-height-default elementor-section-height-default\" data-id=\"518cadc2\" data-element_type=\"section\" data-e-type=\"section\" data-settings=\"{&quot;background_background&quot;:&quot;classic&quot;}\">\n\t\t\t\t\t\t<div class=\"elementor-container elementor-column-gap-no\">\n\t\t\t\t\t<div class=\"elementor-column elementor-col-100 elementor-top-column elementor-element elementor-element-3ac4cc3a\" data-id=\"3ac4cc3a\" data-element_type=\"column\" data-e-type=\"column\" data-settings=\"{&quot;background_background&quot;:&quot;classic&quot;}\">\n\t\t\t<div class=\"elementor-widget-wrap elementor-element-populated\">\n\t\t\t\t\t\t<div class=\"elementor-element elementor-element-c006b8c elementor-widget elementor-widget-image\" data-id=\"c006b8c\" data-element_type=\"widget\" data-e-type=\"widget\" data-widget_type=\"image.default\">\n\t\t\t\t<div class=\"elementor-widget-container\">\n\t\t\t\t\t\t\t\t\t\t\t\t\t\t\t<img fetchpriority=\"high\" decoding=\"async\" width=\"1920\" height=\"1280\" src=\"https:\/\/monster-airless.com\/wp-content\/uploads\/2024\/04\/892021-Anwendung-MG_00732-scaled.webp\" class=\"attachment-full size-full wp-image-1674\" alt=\"MONSTER LuckySpray 2.0 battery 2 in 1 in Aktion!\" srcset=\"https:\/\/monster-airless.com\/wp-content\/uploads\/2024\/04\/892021-Anwendung-MG_00732-scaled.webp 1920w, https:\/\/monster-airless.com\/wp-content\/uploads\/2024\/04\/892021-Anwendung-MG_00732-300x200.webp 300w, https:\/\/monster-airless.com\/wp-content\/uploads\/2024\/04\/892021-Anwendung-MG_00732-1024x683.webp 1024w, https:\/\/monster-airless.com\/wp-content\/uploads\/2024\/04\/892021-Anwendung-MG_00732-768x512.webp 768w, https:\/\/monster-airless.com\/wp-content\/uploads\/2024\/04\/892021-Anwendung-MG_00732-1536x1024.webp 1536w\" sizes=\"(max-width: 1920px) 100vw, 1920px\" \/>\t\t\t\t\t\t\t\t\t\t\t\t\t\t\t<\/div>\n\t\t\t\t<\/div>\n\t\t\t\t<div class=\"elementor-element elementor-element-90c70f9 elementor-widget elementor-widget-heading\" data-id=\"90c70f9\" data-element_type=\"widget\" data-e-type=\"widget\" data-widget_type=\"heading.default\">\n\t\t\t\t<div class=\"elementor-widget-container\">\n\t\t\t\t\t<h2 class=\"elementor-heading-title elementor-size-default\">Our airless devices for small and medium-sized objects<\/h2>\t\t\t\t<\/div>\n\t\t\t\t<\/div>\n\t\t\t\t<div class=\"elementor-element elementor-element-a6b50c7 elementor-widget elementor-widget-heading\" data-id=\"a6b50c7\" data-element_type=\"widget\" data-e-type=\"widget\" data-widget_type=\"heading.default\">\n\t\t\t\t<div class=\"elementor-widget-container\">\n\t\t\t\t\t<h2 class=\"elementor-heading-title elementor-size-default\">Maximum power and outstanding robustness<\/h2>\t\t\t\t<\/div>\n\t\t\t\t<\/div>\n\t\t\t\t<div class=\"elementor-element elementor-element-cfe29a0 elementor-widget elementor-widget-text-editor\" data-id=\"cfe29a0\" data-element_type=\"widget\" data-e-type=\"widget\" data-widget_type=\"text-editor.default\">\n\t\t\t\t<div class=\"elementor-widget-container\">\n\t\t\t\t\t\t\t\t\t<p>Small, compact sprayers are ideal for smaller projects or touch-up work. They are handy and easy to transport, even in smaller vehicles. They are just as impressive on scaffolding as they are in renovation work.<\/p>\t\t\t\t\t\t\t\t<\/div>\n\t\t\t\t<\/div>\n\t\t\t\t<section class=\"elementor-section elementor-inner-section elementor-element elementor-element-5abece7 elementor-section-boxed elementor-section-height-default elementor-section-height-default\" data-id=\"5abece7\" data-element_type=\"section\" data-e-type=\"section\">\n\t\t\t\t\t\t<div class=\"elementor-container elementor-column-gap-default\">\n\t\t\t\t\t<div class=\"elementor-column elementor-col-33 elementor-inner-column elementor-element elementor-element-dca4c4e elementor-invisible\" data-id=\"dca4c4e\" data-element_type=\"column\" data-e-type=\"column\" data-settings=\"{&quot;background_background&quot;:&quot;classic&quot;,&quot;animation&quot;:&quot;fadeIn&quot;}\">\n\t\t\t<div class=\"elementor-widget-wrap elementor-element-populated\">\n\t\t\t\t\t\t<div class=\"elementor-element elementor-element-aad077e elementor-widget elementor-widget-heading\" data-id=\"aad077e\" data-element_type=\"widget\" data-e-type=\"widget\" data-widget_type=\"heading.default\">\n\t\t\t\t<div class=\"elementor-widget-container\">\n\t\t\t\t\t<h2 class=\"elementor-heading-title elementor-size-default\"><a href=\"https:\/\/monster-airless.com\/en\/monster-luckyspray-2-0\/\">LuckySpray 2.0<\/a><\/h2>\t\t\t\t<\/div>\n\t\t\t\t<\/div>\n\t\t\t\t<div class=\"elementor-element elementor-element-b9f10e5 elementor-widget elementor-widget-heading\" data-id=\"b9f10e5\" data-element_type=\"widget\" data-e-type=\"widget\" data-widget_type=\"heading.default\">\n\t\t\t\t<div class=\"elementor-widget-container\">\n\t\t\t\t\t<h2 class=\"elementor-heading-title elementor-size-default\"><a href=\"https:\/\/monster-airless.com\/en\/monster-luckyspray-2-0\/\">The entry-level airless device.<\/a><\/h2>\t\t\t\t<\/div>\n\t\t\t\t<\/div>\n\t\t\t\t<div class=\"elementor-element elementor-element-7144c1f elementor-widget elementor-widget-image\" data-id=\"7144c1f\" data-element_type=\"widget\" data-e-type=\"widget\" data-widget_type=\"image.default\">\n\t\t\t\t<div class=\"elementor-widget-container\">\n\t\t\t\t\t\t\t\t\t\t\t\t\t\t\t\t<a href=\"https:\/\/monster-airless.com\/en\/monster-luckyspray-2-0\/\">\n\t\t\t\t\t\t\t<img decoding=\"async\" width=\"400\" height=\"500\" src=\"https:\/\/monster-airless.com\/wp-content\/uploads\/2024\/04\/842021STD-A-NEW-MG_06728-4000px-fg.jpg\" class=\"attachment-large size-large wp-image-3166\" alt=\"MONSTER LuckySpray 2.0\" srcset=\"https:\/\/monster-airless.com\/wp-content\/uploads\/2024\/04\/842021STD-A-NEW-MG_06728-4000px-fg.jpg 400w, https:\/\/monster-airless.com\/wp-content\/uploads\/2024\/04\/842021STD-A-NEW-MG_06728-4000px-fg-240x300.jpg 240w\" sizes=\"(max-width: 400px) 100vw, 400px\" \/>\t\t\t\t\t\t\t\t<\/a>\n\t\t\t\t\t\t\t\t\t\t\t\t\t\t\t<\/div>\n\t\t\t\t<\/div>\n\t\t\t\t<div class=\"elementor-element elementor-element-a90c95f elementor-widget elementor-widget-image\" data-id=\"a90c95f\" data-element_type=\"widget\" data-e-type=\"widget\" data-widget_type=\"image.default\">\n\t\t\t\t<div class=\"elementor-widget-container\">\n\t\t\t\t\t\t\t\t\t\t\t\t\t\t\t\t<a href=\"https:\/\/monster-airless.com\/en\/monster-luckyspray-2-0\/\">\n\t\t\t\t\t\t\t<img decoding=\"async\" width=\"800\" height=\"510\" src=\"https:\/\/monster-airless.com\/wp-content\/uploads\/2025\/08\/2.0-1024x653.png\" class=\"attachment-large size-large wp-image-5034\" alt=\"\" srcset=\"https:\/\/monster-airless.com\/wp-content\/uploads\/2025\/08\/2.0-1024x653.png 1024w, https:\/\/monster-airless.com\/wp-content\/uploads\/2025\/08\/2.0-300x191.png 300w, https:\/\/monster-airless.com\/wp-content\/uploads\/2025\/08\/2.0-768x489.png 768w, https:\/\/monster-airless.com\/wp-content\/uploads\/2025\/08\/2.0-1536x979.png 1536w, https:\/\/monster-airless.com\/wp-content\/uploads\/2025\/08\/2.0-2048x1305.png 2048w, https:\/\/monster-airless.com\/wp-content\/uploads\/2025\/08\/2.0-18x12.png 18w\" sizes=\"(max-width: 800px) 100vw, 800px\" \/>\t\t\t\t\t\t\t\t<\/a>\n\t\t\t\t\t\t\t\t\t\t\t\t\t\t\t<\/div>\n\t\t\t\t<\/div>\n\t\t\t\t\t<\/div>\n\t\t<\/div>\n\t\t\t\t<div class=\"elementor-column elementor-col-33 elementor-inner-column elementor-element elementor-element-6d2ae9d elementor-invisible\" data-id=\"6d2ae9d\" data-element_type=\"column\" data-e-type=\"column\" data-settings=\"{&quot;background_background&quot;:&quot;classic&quot;,&quot;animation&quot;:&quot;fadeIn&quot;}\">\n\t\t\t<div class=\"elementor-widget-wrap elementor-element-populated\">\n\t\t\t\t\t\t<div class=\"elementor-element elementor-element-9551654 elementor-widget elementor-widget-heading\" data-id=\"9551654\" data-element_type=\"widget\" data-e-type=\"widget\" data-widget_type=\"heading.default\">\n\t\t\t\t<div class=\"elementor-widget-container\">\n\t\t\t\t\t<h2 class=\"elementor-heading-title elementor-size-default\"><a href=\"https:\/\/monster-airless.com\/en\/monster-luckyspray-8-6\/\">LuckySpray 2.0 battery 2 in 1<\/a><\/h2>\t\t\t\t<\/div>\n\t\t\t\t<\/div>\n\t\t\t\t<div class=\"elementor-element elementor-element-dd243c4 elementor-widget elementor-widget-heading\" data-id=\"dd243c4\" data-element_type=\"widget\" data-e-type=\"widget\" data-widget_type=\"heading.default\">\n\t\t\t\t<div class=\"elementor-widget-container\">\n\t\t\t\t\t<h2 class=\"elementor-heading-title elementor-size-default\">The entry-level airless device with battery<\/h2>\t\t\t\t<\/div>\n\t\t\t\t<\/div>\n\t\t\t\t<div class=\"elementor-element elementor-element-55bfc23 elementor-widget elementor-widget-image\" data-id=\"55bfc23\" data-element_type=\"widget\" data-e-type=\"widget\" data-widget_type=\"image.default\">\n\t\t\t\t<div class=\"elementor-widget-container\">\n\t\t\t\t\t\t\t\t\t\t\t\t\t\t\t\t<a href=\"https:\/\/monster-airless.com\/en\/monster-luckyspray-8-6\/\">\n\t\t\t\t\t\t\t<img loading=\"lazy\" decoding=\"async\" width=\"400\" height=\"500\" src=\"https:\/\/monster-airless.com\/wp-content\/uploads\/2024\/04\/892021STD-A-LuckySpray-2.0-Battery-MG_06753-4000px.jpg\" class=\"attachment-large size-large wp-image-3167\" alt=\"MONSTER LuckySpray 2.0 battery\" srcset=\"https:\/\/monster-airless.com\/wp-content\/uploads\/2024\/04\/892021STD-A-LuckySpray-2.0-Battery-MG_06753-4000px.jpg 400w, https:\/\/monster-airless.com\/wp-content\/uploads\/2024\/04\/892021STD-A-LuckySpray-2.0-Battery-MG_06753-4000px-240x300.jpg 240w\" sizes=\"(max-width: 400px) 100vw, 400px\" \/>\t\t\t\t\t\t\t\t<\/a>\n\t\t\t\t\t\t\t\t\t\t\t\t\t\t\t<\/div>\n\t\t\t\t<\/div>\n\t\t\t\t<div class=\"elementor-element elementor-element-772cbbf elementor-widget elementor-widget-image\" data-id=\"772cbbf\" data-element_type=\"widget\" data-e-type=\"widget\" data-widget_type=\"image.default\">\n\t\t\t\t<div class=\"elementor-widget-container\">\n\t\t\t\t\t\t\t\t\t\t\t\t\t\t\t\t<a href=\"https:\/\/monster-airless.com\/en\/monster-luckyspray-8-6\/\">\n\t\t\t\t\t\t\t<img decoding=\"async\" width=\"800\" height=\"510\" src=\"https:\/\/monster-airless.com\/wp-content\/uploads\/2025\/08\/2.0-1024x653.png\" class=\"attachment-large size-large wp-image-5034\" alt=\"\" srcset=\"https:\/\/monster-airless.com\/wp-content\/uploads\/2025\/08\/2.0-1024x653.png 1024w, https:\/\/monster-airless.com\/wp-content\/uploads\/2025\/08\/2.0-300x191.png 300w, https:\/\/monster-airless.com\/wp-content\/uploads\/2025\/08\/2.0-768x489.png 768w, https:\/\/monster-airless.com\/wp-content\/uploads\/2025\/08\/2.0-1536x979.png 1536w, https:\/\/monster-airless.com\/wp-content\/uploads\/2025\/08\/2.0-2048x1305.png 2048w, https:\/\/monster-airless.com\/wp-content\/uploads\/2025\/08\/2.0-18x12.png 18w\" sizes=\"(max-width: 800px) 100vw, 800px\" \/>\t\t\t\t\t\t\t\t<\/a>\n\t\t\t\t\t\t\t\t\t\t\t\t\t\t\t<\/div>\n\t\t\t\t<\/div>\n\t\t\t\t\t<\/div>\n\t\t<\/div>\n\t\t\t\t<div class=\"elementor-column elementor-col-33 elementor-inner-column elementor-element elementor-element-904b50c elementor-invisible\" data-id=\"904b50c\" data-element_type=\"column\" data-e-type=\"column\" data-settings=\"{&quot;background_background&quot;:&quot;classic&quot;,&quot;animation&quot;:&quot;fadeIn&quot;}\">\n\t\t\t<div class=\"elementor-widget-wrap elementor-element-populated\">\n\t\t\t\t\t\t<div class=\"elementor-element elementor-element-13b88bb elementor-widget elementor-widget-heading\" data-id=\"13b88bb\" data-element_type=\"widget\" data-e-type=\"widget\" data-widget_type=\"heading.default\">\n\t\t\t\t<div class=\"elementor-widget-container\">\n\t\t\t\t\t<h2 class=\"elementor-heading-title elementor-size-default\"><a href=\"https:\/\/monster-airless.com\/en\/monster-finish-650-set\/\">Finish 650 HVLP <\/a><\/h2>\t\t\t\t<\/div>\n\t\t\t\t<\/div>\n\t\t\t\t<div class=\"elementor-element elementor-element-1fd86b3 elementor-widget elementor-widget-heading\" data-id=\"1fd86b3\" data-element_type=\"widget\" data-e-type=\"widget\" data-widget_type=\"heading.default\">\n\t\t\t\t<div class=\"elementor-widget-container\">\n\t\t\t\t\t<h2 class=\"elementor-heading-title elementor-size-default\"><a href=\"https:\/\/monster-airless.com\/en\/monster-finish-650-set\/\">The handy and compact low-pressure sprayer with battery<\/a><\/h2>\t\t\t\t<\/div>\n\t\t\t\t<\/div>\n\t\t\t\t<div class=\"elementor-element elementor-element-0772ec1 elementor-widget elementor-widget-image\" data-id=\"0772ec1\" data-element_type=\"widget\" data-e-type=\"widget\" data-widget_type=\"image.default\">\n\t\t\t\t<div class=\"elementor-widget-container\">\n\t\t\t\t\t\t\t\t\t\t\t\t\t\t\t\t<a href=\"https:\/\/monster-airless.com\/en\/monster-finish-650-set\/\">\n\t\t\t\t\t\t\t<img loading=\"lazy\" decoding=\"async\" width=\"400\" height=\"500\" src=\"https:\/\/monster-airless.com\/wp-content\/uploads\/2024\/04\/720650STD-A-Finish-650-HVLP-Akku-MG_00398.jpg\" class=\"attachment-large size-large wp-image-3198\" alt=\"MONSTER Finish 650 HVLP\" srcset=\"https:\/\/monster-airless.com\/wp-content\/uploads\/2024\/04\/720650STD-A-Finish-650-HVLP-Akku-MG_00398.jpg 400w, https:\/\/monster-airless.com\/wp-content\/uploads\/2024\/04\/720650STD-A-Finish-650-HVLP-Akku-MG_00398-240x300.jpg 240w\" sizes=\"(max-width: 400px) 100vw, 400px\" \/>\t\t\t\t\t\t\t\t<\/a>\n\t\t\t\t\t\t\t\t\t\t\t\t\t\t\t<\/div>\n\t\t\t\t<\/div>\n\t\t\t\t<div class=\"elementor-element elementor-element-b0dc735 elementor-widget elementor-widget-image\" data-id=\"b0dc735\" data-element_type=\"widget\" data-e-type=\"widget\" data-widget_type=\"image.default\">\n\t\t\t\t<div class=\"elementor-widget-container\">\n\t\t\t\t\t\t\t\t\t\t\t\t\t\t\t\t<a href=\"https:\/\/monster-airless.com\/en\/monster-finish-650-set\/\">\n\t\t\t\t\t\t\t<img loading=\"lazy\" decoding=\"async\" width=\"800\" height=\"235\" src=\"https:\/\/monster-airless.com\/wp-content\/uploads\/2024\/03\/Finish-650.webp\" class=\"attachment-large size-large wp-image-1534\" alt=\"\" srcset=\"https:\/\/monster-airless.com\/wp-content\/uploads\/2024\/03\/Finish-650.webp 816w, https:\/\/monster-airless.com\/wp-content\/uploads\/2024\/03\/Finish-650-300x88.webp 300w, https:\/\/monster-airless.com\/wp-content\/uploads\/2024\/03\/Finish-650-768x226.webp 768w\" sizes=\"(max-width: 800px) 100vw, 800px\" \/>\t\t\t\t\t\t\t\t<\/a>\n\t\t\t\t\t\t\t\t\t\t\t\t\t\t\t<\/div>\n\t\t\t\t<\/div>\n\t\t\t\t\t<\/div>\n\t\t<\/div>\n\t\t\t\t\t<\/div>\n\t\t<\/section>\n\t\t\t\t<section class=\"elementor-section elementor-inner-section elementor-element elementor-element-5c79e38 elementor-section-boxed elementor-section-height-default elementor-section-height-default\" data-id=\"5c79e38\" data-element_type=\"section\" data-e-type=\"section\">\n\t\t\t\t\t\t<div class=\"elementor-container elementor-column-gap-default\">\n\t\t\t\t\t<div class=\"elementor-column elementor-col-50 elementor-inner-column elementor-element elementor-element-b4b3252 elementor-invisible\" data-id=\"b4b3252\" data-element_type=\"column\" data-e-type=\"column\" data-settings=\"{&quot;background_background&quot;:&quot;classic&quot;,&quot;animation&quot;:&quot;fadeIn&quot;}\">\n\t\t\t<div class=\"elementor-widget-wrap\">\n\t\t\t\t\t\t\t<\/div>\n\t\t<\/div>\n\t\t\t\t<div class=\"elementor-column elementor-col-50 elementor-inner-column elementor-element elementor-element-b341c4e elementor-invisible\" data-id=\"b341c4e\" data-element_type=\"column\" data-e-type=\"column\" data-settings=\"{&quot;background_background&quot;:&quot;classic&quot;,&quot;animation&quot;:&quot;fadeIn&quot;}\">\n\t\t\t<div class=\"elementor-widget-wrap elementor-element-populated\">\n\t\t\t\t\t\t<div class=\"elementor-element elementor-element-8d130e4 elementor-widget elementor-widget-heading\" data-id=\"8d130e4\" data-element_type=\"widget\" data-e-type=\"widget\" data-widget_type=\"heading.default\">\n\t\t\t\t<div class=\"elementor-widget-container\">\n\t\t\t\t\t<h2 class=\"elementor-heading-title elementor-size-default\">   <\/h2>\t\t\t\t<\/div>\n\t\t\t\t<\/div>\n\t\t\t\t\t<\/div>\n\t\t<\/div>\n\t\t\t\t\t<\/div>\n\t\t<\/section>\n\t\t\t\t\t<\/div>\n\t\t<\/div>\n\t\t\t\t\t<\/div>\n\t\t<\/section>\n\t\t\t\t<\/div>","protected":false},"excerpt":{"rendered":"<p>Unsere Airless-Ger\u00e4te f\u00fcr kleine und mittlere Objekte Maximale Power und herausragende Robustheit Kleine, kompakte Spritzger\u00e4te haben Ihre St\u00e4rken bei kleineren Projekten oder Ausbesserungsarbeiten. Sie sind handlich und leicht zu transportieren, auch in kleineren Fahrzeugen. Sie \u00fcberzeugen auf dem Ger\u00fcst ebenso wie in der Renovierung. LuckySpray 2.0 Das Einsteiger-Airlessger\u00e4t. LuckySpray 2.0 battery 2 in 1 Das [&hellip;]<\/p>\n","protected":false},"author":2,"featured_media":0,"parent":0,"menu_order":0,"comment_status":"closed","ping_status":"closed","template":"","meta":{"footnotes":""},"class_list":["post-1671","page","type-page","status-publish","hentry"],"_links":{"self":[{"href":"https:\/\/monster-airless.com\/en\/wp-json\/wp\/v2\/pages\/1671","targetHints":{"allow":["GET"]}}],"collection":[{"href":"https:\/\/monster-airless.com\/en\/wp-json\/wp\/v2\/pages"}],"about":[{"href":"https:\/\/monster-airless.com\/en\/wp-json\/wp\/v2\/types\/page"}],"author":[{"embeddable":true,"href":"https:\/\/monster-airless.com\/en\/wp-json\/wp\/v2\/users\/2"}],"replies":[{"embeddable":true,"href":"https:\/\/monster-airless.com\/en\/wp-json\/wp\/v2\/comments?post=1671"}],"version-history":[{"count":31,"href":"https:\/\/monster-airless.com\/en\/wp-json\/wp\/v2\/pages\/1671\/revisions"}],"predecessor-version":[{"id":5052,"href":"https:\/\/monster-airless.com\/en\/wp-json\/wp\/v2\/pages\/1671\/revisions\/5052"}],"wp:attachment":[{"href":"https:\/\/monster-airless.com\/en\/wp-json\/wp\/v2\/media?parent=1671"}],"curies":[{"name":"wp","href":"https:\/\/api.w.org\/{rel}","templated":true}]}}