{"id":1014,"date":"2023-08-08T13:21:12","date_gmt":"2023-08-08T13:21:12","guid":{"rendered":"https:\/\/stoic-wilbur.212-227-210-88.plesk.page\/?page_id=1014"},"modified":"2026-04-27T09:08:31","modified_gmt":"2026-04-27T09:08:31","slug":"grosse-objekte","status":"publish","type":"page","link":"https:\/\/monster-airless.com\/en\/grosse-objekte\/","title":{"rendered":"MONSTER Airless - For large objects"},"content":{"rendered":"<div data-elementor-type=\"wp-page\" data-elementor-id=\"1014\" class=\"elementor elementor-1014\" data-elementor-post-type=\"page\">\n\t\t\t\t\t\t<section class=\"elementor-section elementor-top-section elementor-element elementor-element-45af3155 elementor-section-boxed elementor-section-height-default elementor-section-height-default\" data-id=\"45af3155\" data-element_type=\"section\" data-e-type=\"section\" id=\"next\" data-settings=\"{&quot;background_background&quot;:&quot;classic&quot;}\">\n\t\t\t\t\t\t\t<div class=\"elementor-background-overlay\"><\/div>\n\t\t\t\t\t\t\t<div class=\"elementor-container elementor-column-gap-no\">\n\t\t\t\t\t<div class=\"elementor-column elementor-col-100 elementor-top-column elementor-element elementor-element-180fb0b5\" data-id=\"180fb0b5\" data-element_type=\"column\" data-e-type=\"column\">\n\t\t\t<div class=\"elementor-widget-wrap elementor-element-populated\">\n\t\t\t\t\t\t\t<\/div>\n\t\t<\/div>\n\t\t\t\t\t<\/div>\n\t\t<\/section>\n\t\t\t\t<section class=\"elementor-section elementor-top-section elementor-element elementor-element-518cadc2 elementor-section-content-middle elementor-section-boxed elementor-section-height-default elementor-section-height-default\" data-id=\"518cadc2\" data-element_type=\"section\" data-e-type=\"section\" data-settings=\"{&quot;background_background&quot;:&quot;classic&quot;}\">\n\t\t\t\t\t\t<div class=\"elementor-container elementor-column-gap-no\">\n\t\t\t\t\t<div class=\"elementor-column elementor-col-100 elementor-top-column elementor-element elementor-element-3ac4cc3a\" data-id=\"3ac4cc3a\" data-element_type=\"column\" data-e-type=\"column\" data-settings=\"{&quot;background_background&quot;:&quot;classic&quot;}\">\n\t\t\t<div class=\"elementor-widget-wrap elementor-element-populated\">\n\t\t\t\t\t\t<div class=\"elementor-element elementor-element-c006b8c elementor-widget elementor-widget-image\" data-id=\"c006b8c\" data-element_type=\"widget\" data-e-type=\"widget\" data-widget_type=\"image.default\">\n\t\t\t\t<div class=\"elementor-widget-container\">\n\t\t\t\t\t\t\t\t\t\t\t\t\t\t\t<img fetchpriority=\"high\" decoding=\"async\" width=\"845\" height=\"1064\" src=\"https:\/\/monster-airless.com\/wp-content\/uploads\/2024\/04\/845039-Anwendung-LuckySpray-5.0-Spritzspachtel-mit-Monster-M.webp\" class=\"attachment-full size-full wp-image-1667\" alt=\"LuckySpray 5.0 in Aktion!\" srcset=\"https:\/\/monster-airless.com\/wp-content\/uploads\/2024\/04\/845039-Anwendung-LuckySpray-5.0-Spritzspachtel-mit-Monster-M.webp 845w, https:\/\/monster-airless.com\/wp-content\/uploads\/2024\/04\/845039-Anwendung-LuckySpray-5.0-Spritzspachtel-mit-Monster-M-238x300.webp 238w, https:\/\/monster-airless.com\/wp-content\/uploads\/2024\/04\/845039-Anwendung-LuckySpray-5.0-Spritzspachtel-mit-Monster-M-813x1024.webp 813w, https:\/\/monster-airless.com\/wp-content\/uploads\/2024\/04\/845039-Anwendung-LuckySpray-5.0-Spritzspachtel-mit-Monster-M-768x967.webp 768w\" sizes=\"(max-width: 845px) 100vw, 845px\" \/>\t\t\t\t\t\t\t\t\t\t\t\t\t\t\t<\/div>\n\t\t\t\t<\/div>\n\t\t\t\t<div class=\"elementor-element elementor-element-90c70f9 elementor-widget elementor-widget-heading\" data-id=\"90c70f9\" data-element_type=\"widget\" data-e-type=\"widget\" data-widget_type=\"heading.default\">\n\t\t\t\t<div class=\"elementor-widget-container\">\n\t\t\t\t\t<h2 class=\"elementor-heading-title elementor-size-default\">Our airless devices for large objects<\/h2>\t\t\t\t<\/div>\n\t\t\t\t<\/div>\n\t\t\t\t<div class=\"elementor-element elementor-element-a6b50c7 elementor-widget elementor-widget-heading\" data-id=\"a6b50c7\" data-element_type=\"widget\" data-e-type=\"widget\" data-widget_type=\"heading.default\">\n\t\t\t\t<div class=\"elementor-widget-container\">\n\t\t\t\t\t<h2 class=\"elementor-heading-title elementor-size-default\">All-rounder for emulsion and facade paints<\/h2>\t\t\t\t<\/div>\n\t\t\t\t<\/div>\n\t\t\t\t<div class=\"elementor-element elementor-element-cfe29a0 elementor-widget elementor-widget-text-editor\" data-id=\"cfe29a0\" data-element_type=\"widget\" data-e-type=\"widget\" data-widget_type=\"text-editor.default\">\n\t\t\t\t<div class=\"elementor-widget-container\">\n\t\t\t\t\t\t\t\t\t<p>These are the all-rounders for emulsion and fa\u00e7ade paints. Spray levelling is also possible with the large appliances. In combination with long hose lengths and\/or hose reels, high productivity is achieved for medium to large projects.<\/p>\t\t\t\t\t\t\t\t<\/div>\n\t\t\t\t<\/div>\n\t\t\t\t<section class=\"elementor-section elementor-inner-section elementor-element elementor-element-5abece7 elementor-section-boxed elementor-section-height-default elementor-section-height-default\" data-id=\"5abece7\" data-element_type=\"section\" data-e-type=\"section\">\n\t\t\t\t\t\t<div class=\"elementor-container elementor-column-gap-default\">\n\t\t\t\t\t<div class=\"elementor-column elementor-col-33 elementor-inner-column elementor-element elementor-element-fa01490 elementor-invisible\" data-id=\"fa01490\" data-element_type=\"column\" data-e-type=\"column\" data-settings=\"{&quot;background_background&quot;:&quot;classic&quot;,&quot;animation&quot;:&quot;fadeIn&quot;}\">\n\t\t\t<div class=\"elementor-widget-wrap elementor-element-populated\">\n\t\t\t\t\t\t<div class=\"elementor-element elementor-element-116dd74 elementor-widget elementor-widget-heading\" data-id=\"116dd74\" data-element_type=\"widget\" data-e-type=\"widget\" data-widget_type=\"heading.default\">\n\t\t\t\t<div class=\"elementor-widget-container\">\n\t\t\t\t\t<h2 class=\"elementor-heading-title elementor-size-default\"><a href=\"https:\/\/monster-airless.com\/en\/monster-luckyspray-4-5\/\">LuckySpray 4.5<\/a><\/h2>\t\t\t\t<\/div>\n\t\t\t\t<\/div>\n\t\t\t\t<div class=\"elementor-element elementor-element-9815152 elementor-widget elementor-widget-heading\" data-id=\"9815152\" data-element_type=\"widget\" data-e-type=\"widget\" data-widget_type=\"heading.default\">\n\t\t\t\t<div class=\"elementor-widget-container\">\n\t\t\t\t\t<h2 class=\"elementor-heading-title elementor-size-default\"><a href=\"https:\/\/monster-airless.com\/en\/monster-luckyspray-4-5\/\">The all-round MONSTER.<\/a><\/h2>\t\t\t\t<\/div>\n\t\t\t\t<\/div>\n\t\t\t\t<div class=\"elementor-element elementor-element-b4c7310 elementor-widget elementor-widget-image\" data-id=\"b4c7310\" data-element_type=\"widget\" data-e-type=\"widget\" data-widget_type=\"image.default\">\n\t\t\t\t<div class=\"elementor-widget-container\">\n\t\t\t\t\t\t\t\t\t\t\t\t\t\t\t\t<a href=\"https:\/\/monster-airless.com\/en\/monster-luckyspray-4-5\/\">\n\t\t\t\t\t\t\t<img decoding=\"async\" width=\"400\" height=\"500\" src=\"https:\/\/monster-airless.com\/wp-content\/uploads\/2024\/03\/844533PRO-A-DSC_0519.webp\" class=\"attachment-large size-large wp-image-4498\" alt=\"MONSTER LuckySpray 4.5\" srcset=\"https:\/\/monster-airless.com\/wp-content\/uploads\/2024\/03\/844533PRO-A-DSC_0519.webp 400w, https:\/\/monster-airless.com\/wp-content\/uploads\/2024\/03\/844533PRO-A-DSC_0519-240x300.webp 240w, https:\/\/monster-airless.com\/wp-content\/uploads\/2024\/03\/844533PRO-A-DSC_0519-10x12.webp 10w\" sizes=\"(max-width: 400px) 100vw, 400px\" \/>\t\t\t\t\t\t\t\t<\/a>\n\t\t\t\t\t\t\t\t\t\t\t\t\t\t\t<\/div>\n\t\t\t\t<\/div>\n\t\t\t\t<div class=\"elementor-element elementor-element-9ffdee5 elementor-widget elementor-widget-image\" data-id=\"9ffdee5\" data-element_type=\"widget\" data-e-type=\"widget\" data-widget_type=\"image.default\">\n\t\t\t\t<div class=\"elementor-widget-container\">\n\t\t\t\t\t\t\t\t\t\t\t\t\t\t\t\t<a href=\"https:\/\/monster-airless.com\/en\/monster-luckyspray-4-5\/\">\n\t\t\t\t\t\t\t<img decoding=\"async\" width=\"800\" height=\"510\" src=\"https:\/\/monster-airless.com\/wp-content\/uploads\/2024\/03\/4.5.webp\" class=\"attachment-large size-large wp-image-1545\" alt=\"\" srcset=\"https:\/\/monster-airless.com\/wp-content\/uploads\/2024\/03\/4.5.webp 816w, https:\/\/monster-airless.com\/wp-content\/uploads\/2024\/03\/4.5-300x191.webp 300w, https:\/\/monster-airless.com\/wp-content\/uploads\/2024\/03\/4.5-768x489.webp 768w\" sizes=\"(max-width: 800px) 100vw, 800px\" \/>\t\t\t\t\t\t\t\t<\/a>\n\t\t\t\t\t\t\t\t\t\t\t\t\t\t\t<\/div>\n\t\t\t\t<\/div>\n\t\t\t\t\t<\/div>\n\t\t<\/div>\n\t\t\t\t<div class=\"elementor-column elementor-col-33 elementor-inner-column elementor-element elementor-element-dca4c4e elementor-invisible\" data-id=\"dca4c4e\" data-element_type=\"column\" data-e-type=\"column\" data-settings=\"{&quot;background_background&quot;:&quot;classic&quot;,&quot;animation&quot;:&quot;fadeIn&quot;}\">\n\t\t\t<div class=\"elementor-widget-wrap elementor-element-populated\">\n\t\t\t\t\t\t<div class=\"elementor-element elementor-element-aad077e elementor-widget elementor-widget-heading\" data-id=\"aad077e\" data-element_type=\"widget\" data-e-type=\"widget\" data-widget_type=\"heading.default\">\n\t\t\t\t<div class=\"elementor-widget-container\">\n\t\t\t\t\t<h2 class=\"elementor-heading-title elementor-size-default\"><a href=\"https:\/\/monster-airless.com\/en\/monster-luckyspray-4-7\/\">LuckySpray 4.7 HD<\/a><\/h2>\t\t\t\t<\/div>\n\t\t\t\t<\/div>\n\t\t\t\t<div class=\"elementor-element elementor-element-b9f10e5 elementor-widget elementor-widget-heading\" data-id=\"b9f10e5\" data-element_type=\"widget\" data-e-type=\"widget\" data-widget_type=\"heading.default\">\n\t\t\t\t<div class=\"elementor-widget-container\">\n\t\t\t\t\t<h2 class=\"elementor-heading-title elementor-size-default\"><a href=\"https:\/\/monster-airless.com\/en\/monster-luckyspray-4-7\/\">The entry-level model for spray putties.<\/a><\/h2>\t\t\t\t<\/div>\n\t\t\t\t<\/div>\n\t\t\t\t<div class=\"elementor-element elementor-element-7144c1f elementor-widget elementor-widget-image\" data-id=\"7144c1f\" data-element_type=\"widget\" data-e-type=\"widget\" data-widget_type=\"image.default\">\n\t\t\t\t<div class=\"elementor-widget-container\">\n\t\t\t\t\t\t\t\t\t\t\t\t\t\t\t\t<a href=\"https:\/\/monster-airless.com\/en\/monster-luckyspray-4-7\/\">\n\t\t\t\t\t\t\t<img loading=\"lazy\" decoding=\"async\" width=\"400\" height=\"500\" src=\"https:\/\/monster-airless.com\/wp-content\/uploads\/2025\/01\/844737PRO-A-DSC_0543.webp\" class=\"attachment-large size-large wp-image-4434\" alt=\"LuckySpray 4.7 PRO-Version\" srcset=\"https:\/\/monster-airless.com\/wp-content\/uploads\/2025\/01\/844737PRO-A-DSC_0543.webp 400w, https:\/\/monster-airless.com\/wp-content\/uploads\/2025\/01\/844737PRO-A-DSC_0543-240x300.webp 240w, https:\/\/monster-airless.com\/wp-content\/uploads\/2025\/01\/844737PRO-A-DSC_0543-10x12.webp 10w\" sizes=\"(max-width: 400px) 100vw, 400px\" \/>\t\t\t\t\t\t\t\t<\/a>\n\t\t\t\t\t\t\t\t\t\t\t\t\t\t\t<\/div>\n\t\t\t\t<\/div>\n\t\t\t\t<div class=\"elementor-element elementor-element-a90c95f elementor-widget elementor-widget-image\" data-id=\"a90c95f\" data-element_type=\"widget\" data-e-type=\"widget\" data-widget_type=\"image.default\">\n\t\t\t\t<div class=\"elementor-widget-container\">\n\t\t\t\t\t\t\t\t\t\t\t\t\t\t\t\t<a href=\"https:\/\/monster-airless.com\/en\/monster-luckyspray-4-7\/\">\n\t\t\t\t\t\t\t<img loading=\"lazy\" decoding=\"async\" width=\"800\" height=\"510\" src=\"https:\/\/monster-airless.com\/wp-content\/uploads\/2025\/01\/4.7-1.webp\" class=\"attachment-large size-large wp-image-4430\" alt=\"\" srcset=\"https:\/\/monster-airless.com\/wp-content\/uploads\/2025\/01\/4.7-1.webp 816w, https:\/\/monster-airless.com\/wp-content\/uploads\/2025\/01\/4.7-1-300x191.webp 300w, https:\/\/monster-airless.com\/wp-content\/uploads\/2025\/01\/4.7-1-768x489.webp 768w, https:\/\/monster-airless.com\/wp-content\/uploads\/2025\/01\/4.7-1-18x12.webp 18w\" sizes=\"(max-width: 800px) 100vw, 800px\" \/>\t\t\t\t\t\t\t\t<\/a>\n\t\t\t\t\t\t\t\t\t\t\t\t\t\t\t<\/div>\n\t\t\t\t<\/div>\n\t\t\t\t\t<\/div>\n\t\t<\/div>\n\t\t\t\t<div class=\"elementor-column elementor-col-33 elementor-inner-column elementor-element elementor-element-1675255 elementor-invisible\" data-id=\"1675255\" data-element_type=\"column\" data-e-type=\"column\" data-settings=\"{&quot;background_background&quot;:&quot;classic&quot;,&quot;animation&quot;:&quot;fadeIn&quot;}\">\n\t\t\t<div class=\"elementor-widget-wrap elementor-element-populated\">\n\t\t\t\t\t\t<div class=\"elementor-element elementor-element-dbda37d elementor-widget elementor-widget-heading\" data-id=\"dbda37d\" data-element_type=\"widget\" data-e-type=\"widget\" data-widget_type=\"heading.default\">\n\t\t\t\t<div class=\"elementor-widget-container\">\n\t\t\t\t\t<h2 class=\"elementor-heading-title elementor-size-default\"><a href=\"https:\/\/monster-airless.com\/en\/monster-luckyspray-5-2\/\">LuckySpray 5.2 HD<\/a><\/h2>\t\t\t\t<\/div>\n\t\t\t\t<\/div>\n\t\t\t\t<div class=\"elementor-element elementor-element-cfaa9a1 elementor-widget elementor-widget-heading\" data-id=\"cfaa9a1\" data-element_type=\"widget\" data-e-type=\"widget\" data-widget_type=\"heading.default\">\n\t\t\t\t<div class=\"elementor-widget-container\">\n\t\t\t\t\t<h2 class=\"elementor-heading-title elementor-size-default\"><a href=\"https:\/\/monster-airless.com\/en\/monster-luckyspray-5-2\/\">The entry-level model for spray putties.<\/a><\/h2>\t\t\t\t<\/div>\n\t\t\t\t<\/div>\n\t\t\t\t<div class=\"elementor-element elementor-element-e70bdff elementor-widget elementor-widget-image\" data-id=\"e70bdff\" data-element_type=\"widget\" data-e-type=\"widget\" data-widget_type=\"image.default\">\n\t\t\t\t<div class=\"elementor-widget-container\">\n\t\t\t\t\t\t\t\t\t\t\t\t\t\t\t\t<a href=\"https:\/\/monster-airless.com\/en\/monster-luckyspray-5-2\/\">\n\t\t\t\t\t\t\t<img loading=\"lazy\" decoding=\"async\" width=\"400\" height=\"500\" src=\"https:\/\/monster-airless.com\/wp-content\/uploads\/2024\/03\/845239PRO-A-DSC_0543.jpg\" class=\"attachment-large size-large wp-image-4157\" alt=\"MONSTER LuckySpray 5.2\" srcset=\"https:\/\/monster-airless.com\/wp-content\/uploads\/2024\/03\/845239PRO-A-DSC_0543.jpg 400w, https:\/\/monster-airless.com\/wp-content\/uploads\/2024\/03\/845239PRO-A-DSC_0543-240x300.jpg 240w, https:\/\/monster-airless.com\/wp-content\/uploads\/2024\/03\/845239PRO-A-DSC_0543-10x12.jpg 10w\" sizes=\"(max-width: 400px) 100vw, 400px\" \/>\t\t\t\t\t\t\t\t<\/a>\n\t\t\t\t\t\t\t\t\t\t\t\t\t\t\t<\/div>\n\t\t\t\t<\/div>\n\t\t\t\t<div class=\"elementor-element elementor-element-0befdcc elementor-widget elementor-widget-image\" data-id=\"0befdcc\" data-element_type=\"widget\" data-e-type=\"widget\" data-widget_type=\"image.default\">\n\t\t\t\t<div class=\"elementor-widget-container\">\n\t\t\t\t\t\t\t\t\t\t\t\t\t\t\t\t<a href=\"https:\/\/monster-airless.com\/en\/monster-luckyspray-5-2\/\">\n\t\t\t\t\t\t\t<img loading=\"lazy\" decoding=\"async\" width=\"800\" height=\"510\" src=\"https:\/\/monster-airless.com\/wp-content\/uploads\/2024\/03\/5.2-1024x653.png\" class=\"attachment-large size-large wp-image-4143\" alt=\"\" srcset=\"https:\/\/monster-airless.com\/wp-content\/uploads\/2024\/03\/5.2-1024x653.png 1024w, https:\/\/monster-airless.com\/wp-content\/uploads\/2024\/03\/5.2-300x191.png 300w, https:\/\/monster-airless.com\/wp-content\/uploads\/2024\/03\/5.2-768x489.png 768w, https:\/\/monster-airless.com\/wp-content\/uploads\/2024\/03\/5.2-1536x979.png 1536w, https:\/\/monster-airless.com\/wp-content\/uploads\/2024\/03\/5.2-2048x1305.png 2048w, https:\/\/monster-airless.com\/wp-content\/uploads\/2024\/03\/5.2-18x12.png 18w\" sizes=\"(max-width: 800px) 100vw, 800px\" \/>\t\t\t\t\t\t\t\t<\/a>\n\t\t\t\t\t\t\t\t\t\t\t\t\t\t\t<\/div>\n\t\t\t\t<\/div>\n\t\t\t\t\t<\/div>\n\t\t<\/div>\n\t\t\t\t\t<\/div>\n\t\t<\/section>\n\t\t\t\t<section class=\"elementor-section elementor-inner-section elementor-element elementor-element-03b85e9 elementor-section-boxed elementor-section-height-default elementor-section-height-default\" data-id=\"03b85e9\" data-element_type=\"section\" data-e-type=\"section\">\n\t\t\t\t\t\t<div class=\"elementor-container elementor-column-gap-default\">\n\t\t\t\t\t<div class=\"elementor-column elementor-col-33 elementor-inner-column elementor-element elementor-element-904b50c elementor-invisible\" data-id=\"904b50c\" data-element_type=\"column\" data-e-type=\"column\" data-settings=\"{&quot;background_background&quot;:&quot;classic&quot;,&quot;animation&quot;:&quot;fadeIn&quot;}\">\n\t\t\t<div class=\"elementor-widget-wrap elementor-element-populated\">\n\t\t\t\t\t\t<div class=\"elementor-element elementor-element-13b88bb elementor-widget elementor-widget-heading\" data-id=\"13b88bb\" data-element_type=\"widget\" data-e-type=\"widget\" data-widget_type=\"heading.default\">\n\t\t\t\t<div class=\"elementor-widget-container\">\n\t\t\t\t\t<h2 class=\"elementor-heading-title elementor-size-default\"><a href=\"https:\/\/monster-airless.com\/en\/monster-goldspray-g-6-5-hd\/\">GoldSpray G 6.5 + HD<\/a><\/h2>\t\t\t\t<\/div>\n\t\t\t\t<\/div>\n\t\t\t\t<div class=\"elementor-element elementor-element-1fd86b3 elementor-widget elementor-widget-heading\" data-id=\"1fd86b3\" data-element_type=\"widget\" data-e-type=\"widget\" data-widget_type=\"heading.default\">\n\t\t\t\t<div class=\"elementor-widget-container\">\n\t\t\t\t\t<h2 class=\"elementor-heading-title elementor-size-default\"><a href=\"https:\/\/monster-airless.com\/en\/monster-goldspray-g-6-5-hd\/\">The all-round model for spray putties.<\/a><\/h2>\t\t\t\t<\/div>\n\t\t\t\t<\/div>\n\t\t\t\t<div class=\"elementor-element elementor-element-0772ec1 elementor-widget elementor-widget-image\" data-id=\"0772ec1\" data-element_type=\"widget\" data-e-type=\"widget\" data-widget_type=\"image.default\">\n\t\t\t\t<div class=\"elementor-widget-container\">\n\t\t\t\t\t\t\t\t\t\t\t\t\t\t\t\t<a href=\"https:\/\/monster-airless.com\/en\/monster-goldspray-g-6-5-hd\/\">\n\t\t\t\t\t\t\t<img loading=\"lazy\" decoding=\"async\" width=\"400\" height=\"500\" src=\"https:\/\/monster-airless.com\/wp-content\/uploads\/2024\/12\/836541PRO-24-DSC_0491.jpg\" class=\"attachment-large size-large wp-image-4046\" alt=\"MONSTER GoldSpray G 6.5 HD\" srcset=\"https:\/\/monster-airless.com\/wp-content\/uploads\/2024\/12\/836541PRO-24-DSC_0491.jpg 400w, https:\/\/monster-airless.com\/wp-content\/uploads\/2024\/12\/836541PRO-24-DSC_0491-240x300.jpg 240w, https:\/\/monster-airless.com\/wp-content\/uploads\/2024\/12\/836541PRO-24-DSC_0491-10x12.jpg 10w\" sizes=\"(max-width: 400px) 100vw, 400px\" \/>\t\t\t\t\t\t\t\t<\/a>\n\t\t\t\t\t\t\t\t\t\t\t\t\t\t\t<\/div>\n\t\t\t\t<\/div>\n\t\t\t\t<div class=\"elementor-element elementor-element-b0dc735 elementor-widget elementor-widget-image\" data-id=\"b0dc735\" data-element_type=\"widget\" data-e-type=\"widget\" data-widget_type=\"image.default\">\n\t\t\t\t<div class=\"elementor-widget-container\">\n\t\t\t\t\t\t\t\t\t\t\t\t\t\t\t\t<a href=\"https:\/\/monster-airless.com\/en\/monster-goldspray-g-6-5-hd\/\">\n\t\t\t\t\t\t\t<img loading=\"lazy\" decoding=\"async\" width=\"800\" height=\"510\" src=\"https:\/\/monster-airless.com\/wp-content\/uploads\/2024\/12\/G-6.5-1-1024x653.png\" class=\"attachment-large size-large wp-image-4052\" alt=\"MONSTER GoldSpray G 6.5 HD\" srcset=\"https:\/\/monster-airless.com\/wp-content\/uploads\/2024\/12\/G-6.5-1-1024x653.png 1024w, https:\/\/monster-airless.com\/wp-content\/uploads\/2024\/12\/G-6.5-1-300x191.png 300w, https:\/\/monster-airless.com\/wp-content\/uploads\/2024\/12\/G-6.5-1-768x489.png 768w, https:\/\/monster-airless.com\/wp-content\/uploads\/2024\/12\/G-6.5-1-1536x979.png 1536w, https:\/\/monster-airless.com\/wp-content\/uploads\/2024\/12\/G-6.5-1-2048x1305.png 2048w, https:\/\/monster-airless.com\/wp-content\/uploads\/2024\/12\/G-6.5-1-18x12.png 18w\" sizes=\"(max-width: 800px) 100vw, 800px\" \/>\t\t\t\t\t\t\t\t<\/a>\n\t\t\t\t\t\t\t\t\t\t\t\t\t\t\t<\/div>\n\t\t\t\t<\/div>\n\t\t\t\t\t<\/div>\n\t\t<\/div>\n\t\t\t\t<div class=\"elementor-column elementor-col-33 elementor-inner-column elementor-element elementor-element-06ae587 elementor-invisible\" data-id=\"06ae587\" data-element_type=\"column\" data-e-type=\"column\" data-settings=\"{&quot;background_background&quot;:&quot;classic&quot;,&quot;animation&quot;:&quot;fadeIn&quot;}\">\n\t\t\t<div class=\"elementor-widget-wrap elementor-element-populated\">\n\t\t\t\t\t\t<div class=\"elementor-element elementor-element-cb95ca8 elementor-widget elementor-widget-heading\" data-id=\"cb95ca8\" data-element_type=\"widget\" data-e-type=\"widget\" data-widget_type=\"heading.default\">\n\t\t\t\t<div class=\"elementor-widget-container\">\n\t\t\t\t\t<h2 class=\"elementor-heading-title elementor-size-default\"><a href=\"https:\/\/monster-airless.com\/en\/monster-luckyspray-7-3\/\">LuckySpray 7.3 HD<\/a><\/h2>\t\t\t\t<\/div>\n\t\t\t\t<\/div>\n\t\t\t\t<div class=\"elementor-element elementor-element-1ca7fd9 elementor-widget elementor-widget-heading\" data-id=\"1ca7fd9\" data-element_type=\"widget\" data-e-type=\"widget\" data-widget_type=\"heading.default\">\n\t\t\t\t<div class=\"elementor-widget-container\">\n\t\t\t\t\t<h2 class=\"elementor-heading-title elementor-size-default\"><a href=\"https:\/\/monster-airless.com\/en\/monster-luckyspray-7-3\/\">The Mega-MONSTER. <\/a><\/h2>\t\t\t\t<\/div>\n\t\t\t\t<\/div>\n\t\t\t\t<div class=\"elementor-element elementor-element-14a2220 elementor-widget elementor-widget-image\" data-id=\"14a2220\" data-element_type=\"widget\" data-e-type=\"widget\" data-widget_type=\"image.default\">\n\t\t\t\t<div class=\"elementor-widget-container\">\n\t\t\t\t\t\t\t\t\t\t\t\t\t\t\t\t<a href=\"https:\/\/monster-airless.com\/en\/monster-luckyspray-7-3\/\">\n\t\t\t\t\t\t\t<img loading=\"lazy\" decoding=\"async\" width=\"400\" height=\"500\" src=\"https:\/\/monster-airless.com\/wp-content\/uploads\/2023\/11\/847343PRO-A-DSC_0552.webp\" class=\"attachment-large size-large wp-image-4467\" alt=\"MONSTER LuckySpray 7.3\" srcset=\"https:\/\/monster-airless.com\/wp-content\/uploads\/2023\/11\/847343PRO-A-DSC_0552.webp 400w, https:\/\/monster-airless.com\/wp-content\/uploads\/2023\/11\/847343PRO-A-DSC_0552-240x300.webp 240w, https:\/\/monster-airless.com\/wp-content\/uploads\/2023\/11\/847343PRO-A-DSC_0552-10x12.webp 10w\" sizes=\"(max-width: 400px) 100vw, 400px\" \/>\t\t\t\t\t\t\t\t<\/a>\n\t\t\t\t\t\t\t\t\t\t\t\t\t\t\t<\/div>\n\t\t\t\t<\/div>\n\t\t\t\t<div class=\"elementor-element elementor-element-51426f8 elementor-widget elementor-widget-image\" data-id=\"51426f8\" data-element_type=\"widget\" data-e-type=\"widget\" data-widget_type=\"image.default\">\n\t\t\t\t<div class=\"elementor-widget-container\">\n\t\t\t\t\t\t\t\t\t\t\t\t\t\t\t\t<a href=\"https:\/\/monster-airless.com\/en\/monster-luckyspray-7-3\/\">\n\t\t\t\t\t\t\t<img loading=\"lazy\" decoding=\"async\" width=\"800\" height=\"510\" src=\"https:\/\/monster-airless.com\/wp-content\/uploads\/2023\/11\/7.3-2.png\" class=\"attachment-large size-large wp-image-5107\" alt=\"\" srcset=\"https:\/\/monster-airless.com\/wp-content\/uploads\/2023\/11\/7.3-2.png 817w, https:\/\/monster-airless.com\/wp-content\/uploads\/2023\/11\/7.3-2-300x191.png 300w, https:\/\/monster-airless.com\/wp-content\/uploads\/2023\/11\/7.3-2-768x490.png 768w, https:\/\/monster-airless.com\/wp-content\/uploads\/2023\/11\/7.3-2-18x12.png 18w\" sizes=\"(max-width: 800px) 100vw, 800px\" \/>\t\t\t\t\t\t\t\t<\/a>\n\t\t\t\t\t\t\t\t\t\t\t\t\t\t\t<\/div>\n\t\t\t\t<\/div>\n\t\t\t\t\t<\/div>\n\t\t<\/div>\n\t\t\t\t<div class=\"elementor-column elementor-col-33 elementor-inner-column elementor-element elementor-element-a496067 elementor-invisible\" data-id=\"a496067\" data-element_type=\"column\" data-e-type=\"column\" data-settings=\"{&quot;background_background&quot;:&quot;classic&quot;,&quot;animation&quot;:&quot;fadeIn&quot;}\">\n\t\t\t<div class=\"elementor-widget-wrap\">\n\t\t\t\t\t\t\t<\/div>\n\t\t<\/div>\n\t\t\t\t\t<\/div>\n\t\t<\/section>\n\t\t\t\t\t<\/div>\n\t\t<\/div>\n\t\t\t\t\t<\/div>\n\t\t<\/section>\n\t\t\t\t<\/div>","protected":false},"excerpt":{"rendered":"<p>Unsere Airless-Ger\u00e4te f\u00fcr gro\u00dfe Objekte Allrounder f\u00fcr Dispersion und Fassadenfarben Das sind die Allrounder f\u00fcr Dispersion und Fassadenfarben. Spritzspachtel ist bei den gro\u00dfen Ger\u00e4ten ebenso m\u00f6glich. In Kombination mit gro\u00dfen Schlauchl\u00e4ngen und\/oder Schlauchtrommel wird eine gro\u00dfe Produktivit\u00e4t bei mittleren bis gro\u00dfen Projekten erreicht. LuckySpray 4.5 Das Allround-MONSTER. LuckySpray 4.7 HD Das Einstiegsmodell f\u00fcr Spritzspachtel. LuckySpray [&hellip;]<\/p>\n","protected":false},"author":1,"featured_media":0,"parent":0,"menu_order":0,"comment_status":"closed","ping_status":"closed","template":"","meta":{"footnotes":""},"class_list":["post-1014","page","type-page","status-publish","hentry"],"_links":{"self":[{"href":"https:\/\/monster-airless.com\/en\/wp-json\/wp\/v2\/pages\/1014","targetHints":{"allow":["GET"]}}],"collection":[{"href":"https:\/\/monster-airless.com\/en\/wp-json\/wp\/v2\/pages"}],"about":[{"href":"https:\/\/monster-airless.com\/en\/wp-json\/wp\/v2\/types\/page"}],"author":[{"embeddable":true,"href":"https:\/\/monster-airless.com\/en\/wp-json\/wp\/v2\/users\/1"}],"replies":[{"embeddable":true,"href":"https:\/\/monster-airless.com\/en\/wp-json\/wp\/v2\/comments?post=1014"}],"version-history":[{"count":64,"href":"https:\/\/monster-airless.com\/en\/wp-json\/wp\/v2\/pages\/1014\/revisions"}],"predecessor-version":[{"id":5263,"href":"https:\/\/monster-airless.com\/en\/wp-json\/wp\/v2\/pages\/1014\/revisions\/5263"}],"wp:attachment":[{"href":"https:\/\/monster-airless.com\/en\/wp-json\/wp\/v2\/media?parent=1014"}],"curies":[{"name":"wp","href":"https:\/\/api.w.org\/{rel}","templated":true}]}}